{"id":260,"date":"2019-06-24T08:30:41","date_gmt":"2019-06-24T08:30:41","guid":{"rendered":"http:\/\/pending.chiwava.com\/?post_type=product&#038;p=260"},"modified":"2023-10-08T05:55:43","modified_gmt":"2023-10-08T05:55:43","slug":"ctm00143-ac-48pcs","status":"publish","type":"product","link":"https:\/\/www.chiwava.com\/es\/producto\/ctm00143-ac-48pcs\/","title":{"rendered":"Chiwava - Juego de 45 pelotas de pl\u00e1stico para gatos de 1,6 pulgadas con campana"},"content":{"rendered":"<p>Las bolas de pl\u00e1stico Chiwava con Jingle son m\u00e1s que un simple juguete de pl\u00e1stico. Las bolas de pl\u00e1stico s\u00f3lido con una superficie lisa, f\u00e1cil y r\u00e1pida de rodar, no te aburrir\u00e1n cuando juegues con tu gato, cada bola tiene un peque\u00f1o cascabel en el interior que hace que este juguete sea m\u00e1s atractivo. 45 bolas de pl\u00e1stico de colores brillantes con un dise\u00f1o de celos\u00eda y una campana en el interior har\u00e1n que tu peque\u00f1o est\u00e9 siempre ocupado. Las bolas de pl\u00e1stico de Chiwava son excelentes tanto para juegos interactivos como independientes, son livianas, por lo que es f\u00e1cil rodarlas y perseguirlas. Este juguete ser\u00e1 \u00fatil para gatos activos a los que les gusta correr y jugar todo el d\u00eda. Gran oferta, qu\u00e9 puede ser mejor si a tu peque\u00f1o le gusta esconder sus juguetes en todas partes. Puedes darle a jugar uno por uno, o todos juntos para divertirte m\u00e1s. El peso ligero y la superficie lisa hacen que este juguete sea r\u00e1pido y f\u00e1cil de rodar, especialmente dise\u00f1ado para gatos con mucha energ\u00eda.<\/p>","protected":false},"excerpt":{"rendered":"<p><a href=\"https:\/\/www.chiwava.com\/es\/tienda-de-marca\/\"><img loading=\"lazy\" decoding=\"async\" class=\"alignnone size-medium wp-image-94\" src=\"https:\/\/www.chiwava.com\/wp-content\/uploads\/2019\/06\/Amazon-300x73.png\" alt=\"\" width=\"300\" height=\"73\" srcset=\"https:\/\/www.chiwava.com\/wp-content\/uploads\/2019\/06\/Amazon-300x73.png 300w, https:\/\/www.chiwava.com\/wp-content\/uploads\/2019\/06\/Amazon.png 364w\" sizes=\"auto, (max-width: 300px) 100vw, 300px\" \/><\/a><br \/>\nChiwava - Juego de 45 pelotas de juguete para gatos de 1,6 pulgadas con campana, bolas de pl\u00e1stico con entramado, sonajero para gatos, juguete de colores surtidos<\/p>\n<hr \/>\n<ul class=\"a-unordered-list a-vertical a-spacing-none\">\n<li><span class=\"a-list-item\">A los gatos les encanta perseguir y abalanzarse sobre estos juguetes de bolas tintineantes.<\/span><\/li>\n<li><span class=\"a-list-item\">Los juguetes para gatos Lattice Ball est\u00e1n hechos de pl\u00e1stico duro de colores, con un atractivo cascabel en el interior.<\/span><\/li>\n<li><span class=\"a-list-item\">Ideal para sacudir, traquetear y rodar, aporta diversi\u00f3n adicional al entretenimiento de tu mascota.<\/span><\/li>\n<li><span class=\"a-list-item\">Paquete: 45PCS por caja grande (como muestra la imagen). Color aleatorio. Peso: 280g.<\/span><\/li>\n<\/ul>\n<p> \u2026 <span class=\"more-button\"><a href=\"https:\/\/www.chiwava.com\/es\/producto\/ctm00143-ac-48pcs\/\" class=\"more-link\">Continuar<span class=\"screen-reader-text\">Chiwava - Juego de 45 pelotas de pl\u00e1stico para gatos de 1,6 pulgadas con campana<\/span><\/a><\/span><\/p>","protected":false},"featured_media":75988,"template":"","meta":[],"product_brand":[],"product_cat":[17,15],"product_tag":[33,34],"class_list":{"0":"post-260","1":"product","2":"type-product","3":"status-publish","4":"has-post-thumbnail","6":"product_cat-cat_toys","7":"product_cat-pet_toys","8":"product_tag-cat-toy-balls","9":"product_tag-cat-toys-for-adult","11":"first","12":"instock","13":"shipping-taxable","14":"product-type-simple"},"_links":{"self":[{"href":"https:\/\/www.chiwava.com\/es\/wp-json\/wp\/v2\/product\/260","targetHints":{"allow":["GET"]}}],"collection":[{"href":"https:\/\/www.chiwava.com\/es\/wp-json\/wp\/v2\/product"}],"about":[{"href":"https:\/\/www.chiwava.com\/es\/wp-json\/wp\/v2\/types\/product"}],"wp:featuredmedia":[{"embeddable":true,"href":"https:\/\/www.chiwava.com\/es\/wp-json\/wp\/v2\/media\/75988"}],"wp:attachment":[{"href":"https:\/\/www.chiwava.com\/es\/wp-json\/wp\/v2\/media?parent=260"}],"wp:term":[{"taxonomy":"product_brand","embeddable":true,"href":"https:\/\/www.chiwava.com\/es\/wp-json\/wp\/v2\/product_brand?post=260"},{"taxonomy":"product_cat","embeddable":true,"href":"https:\/\/www.chiwava.com\/es\/wp-json\/wp\/v2\/product_cat?post=260"},{"taxonomy":"product_tag","embeddable":true,"href":"https:\/\/www.chiwava.com\/es\/wp-json\/wp\/v2\/product_tag?post=260"}],"curies":[{"name":"wp","href":"https:\/\/api.w.org\/{rel}","templated":true}]}}