{"id":255,"date":"2019-06-24T08:28:06","date_gmt":"2019-06-24T08:28:06","guid":{"rendered":"http:\/\/pending.chiwava.com\/?post_type=product&#038;p=255"},"modified":"2023-10-08T05:56:10","modified_gmt":"2023-10-08T05:56:10","slug":"ctm00140-ac-48pcs","status":"publish","type":"product","link":"https:\/\/www.chiwava.com\/es\/producto\/ctm00140-ac-48pcs\/","title":{"rendered":"Chiwava - Juego de 48 pelotas de juguete de pl\u00e1stico para gatos con campana"},"content":{"rendered":"<p>Chiwava 48 bolas de pl\u00e1stico de colores brillantes con agujeros o campana en el interior har\u00e1n que tu peque\u00f1o amigo est\u00e9 siempre ocupado. Los 8 dise\u00f1os diferentes no lo dejar\u00e1n aburrido. El peso liviano y la superficie lisa hacen que este juguete sea r\u00e1pido y f\u00e1cil de rodar, especialmente dise\u00f1ado para gatos de alta energ\u00eda. La combinaci\u00f3n de bolas de tama\u00f1o mediano y peque\u00f1o se puede usar tanto para gatos adultos como para gatitos. Las bolas est\u00e1n hechas de pl\u00e1stico s\u00f3lido, lo que las convierte en un juguete m\u00e1s duradero, el rodamiento f\u00e1cil y r\u00e1pido har\u00e1 que su gato est\u00e9 m\u00e1s emocionado e interesado.<\/p>","protected":false},"excerpt":{"rendered":"<p><a href=\"https:\/\/www.chiwava.com\/es\/tienda-de-marca\/\"><img loading=\"lazy\" decoding=\"async\" class=\"alignnone size-medium wp-image-94\" src=\"https:\/\/www.chiwava.com\/wp-content\/uploads\/2019\/06\/Amazon-300x73.png\" alt=\"\" width=\"300\" height=\"73\" srcset=\"https:\/\/www.chiwava.com\/wp-content\/uploads\/2019\/06\/Amazon-300x73.png 300w, https:\/\/www.chiwava.com\/wp-content\/uploads\/2019\/06\/Amazon.png 364w\" sizes=\"auto, (max-width: 300px) 100vw, 300px\" \/><\/a><a href=\"\/es\/tienda-de-marca\/\"><img loading=\"lazy\" decoding=\"async\" class=\"alignnone size-medium wp-image-94\" src=\"http:\/\/pending.chiwava.com\/wp-content\/uploads\/2019\/06\/Amazon-300x73.png\" alt=\"\" width=\"300\" height=\"73\" srcset=\"https:\/\/www.chiwava.com\/wp-content\/uploads\/2019\/06\/Amazon-300x73.png 300w, https:\/\/www.chiwava.com\/wp-content\/uploads\/2019\/06\/Amazon.png 364w\" sizes=\"auto, (max-width: 300px) 100vw, 300px\" \/><\/a><br \/>\nChiwava 48 unidades de bolas de juguete de pl\u00e1stico ruidosas para gatos con campana Kitten Chase Toy 8 tipos de colores surtidos<\/p>\n<hr \/>\n<ul class=\"a-unordered-list a-vertical a-spacing-none\">\n<li><span class=\"a-list-item\">Las bolas S\u00d3LIDAS y SUAVES est\u00e1n hechas de pl\u00e1stico s\u00f3lido, lo que las hace m\u00e1s duraderas, la superficie lisa tiene peque\u00f1os agujeros. El rodamiento muy f\u00e1cil y r\u00e1pido har\u00e1 que su gato est\u00e9 m\u00e1s emocionado e interesado.<\/span><\/li>\n<li><span class=\"a-list-item\">COLORIDO y JINGLY Mezcla de colores brillantes y 8 dise\u00f1os diferentes en una caja que no te aburrir\u00e1 cuando juegues con tu gato, cada bola tiene un peque\u00f1o cascabel en el interior que hace que este juguete sea m\u00e1s atractivo que una simple bola de pl\u00e1stico.<\/span><\/li>\n<li><span class=\"a-list-item\">M\u00c1S QUE SUFICIENTE 45 bolas de pl\u00e1stico Chiwava en una caja, qu\u00e9 puede ser mejor si a tu peque\u00f1o le gusta esconder sus juguetes en todas partes. Puedes darle a jugar uno por uno, o todos juntos para divertirte m\u00e1s.<\/span><\/li>\n<li><span class=\"a-list-item\">ENROLLAR y PERSEGUIR Las bolas de pl\u00e1stico Chiwava son ideales tanto para juegos interactivos como independientes, son livianas, por lo que es f\u00e1cil rodarlas y perseguirlas. Este juguete ser\u00e1 \u00fatil para gatos activos a los que les gusta correr y jugar todo el d\u00eda.<\/span><\/li>\n<li><span class=\"a-list-item\">El juego de bolas de pl\u00e1stico Chiwava CAT and KITTEN tiene varios tama\u00f1os y es liviano, por lo que se puede usar para gatos adultos y gatitos.<\/span><\/li>\n<\/ul>\n<p> \u2026 <span class=\"more-button\"><a href=\"https:\/\/www.chiwava.com\/es\/producto\/ctm00140-ac-48pcs\/\" class=\"more-link\">Continuar<span class=\"screen-reader-text\">Chiwava - Juego de 48 pelotas de juguete de pl\u00e1stico para gatos con campana<\/span><\/a><\/span><\/p>","protected":false},"featured_media":75804,"template":"","meta":[],"product_brand":[],"product_cat":[17,15],"product_tag":[33,34],"class_list":{"0":"post-255","1":"product","2":"type-product","3":"status-publish","4":"has-post-thumbnail","6":"product_cat-cat_toys","7":"product_cat-pet_toys","8":"product_tag-cat-toy-balls","9":"product_tag-cat-toys-for-adult","11":"first","12":"instock","13":"shipping-taxable","14":"product-type-simple"},"_links":{"self":[{"href":"https:\/\/www.chiwava.com\/es\/wp-json\/wp\/v2\/product\/255","targetHints":{"allow":["GET"]}}],"collection":[{"href":"https:\/\/www.chiwava.com\/es\/wp-json\/wp\/v2\/product"}],"about":[{"href":"https:\/\/www.chiwava.com\/es\/wp-json\/wp\/v2\/types\/product"}],"wp:featuredmedia":[{"embeddable":true,"href":"https:\/\/www.chiwava.com\/es\/wp-json\/wp\/v2\/media\/75804"}],"wp:attachment":[{"href":"https:\/\/www.chiwava.com\/es\/wp-json\/wp\/v2\/media?parent=255"}],"wp:term":[{"taxonomy":"product_brand","embeddable":true,"href":"https:\/\/www.chiwava.com\/es\/wp-json\/wp\/v2\/product_brand?post=255"},{"taxonomy":"product_cat","embeddable":true,"href":"https:\/\/www.chiwava.com\/es\/wp-json\/wp\/v2\/product_cat?post=255"},{"taxonomy":"product_tag","embeddable":true,"href":"https:\/\/www.chiwava.com\/es\/wp-json\/wp\/v2\/product_tag?post=255"}],"curies":[{"name":"wp","href":"https:\/\/api.w.org\/{rel}","templated":true}]}}