{"id":217,"date":"2019-06-24T08:21:41","date_gmt":"2019-06-24T08:21:41","guid":{"rendered":"http:\/\/pending.chiwava.com\/?post_type=product&#038;p=217"},"modified":"2025-10-10T06:46:19","modified_gmt":"2025-10-10T06:46:19","slug":"dtl19033","status":"publish","type":"product","link":"https:\/\/www.chiwava.com\/es\/producto\/dtl19033\/","title":{"rendered":"Chiwava 3 Pack 5.7 pulgadas Squeaky Latex Dog Toys Standing Stick Dog"},"content":{"rendered":"<p>Los juguetes Chiwava est\u00e1n hechos de l\u00e1tex natural, NO T\u00d3XICO. El revestimiento del juguete es agradable al tacto y suave, f\u00e1cil de limpiar. Los juguetes vienen en un juego de tres piezas con graciosas caras de perritos. Los juguetes tienen forma de cuerpo largo y vientre redondo, debido al material de goma que se puede estirar y tirar sin romperlo, tienen un chirrido peque\u00f1o que hace un sonido chirriante cuando lo aprietas. Este juguete es bueno para jugar en casa y tiene un peso ligero para que puedas llevarlo f\u00e1cilmente al aire libre.<\/p>","protected":false},"excerpt":{"rendered":"<p><a href=\"https:\/\/www.chiwava.com\/es\/tienda-de-marca\/\"><img loading=\"lazy\" decoding=\"async\" class=\"alignnone size-medium wp-image-94\" src=\"https:\/\/www.chiwava.com\/wp-content\/uploads\/2019\/06\/Amazon-300x73.png\" alt=\"\" width=\"300\" height=\"73\" srcset=\"https:\/\/www.chiwava.com\/wp-content\/uploads\/2019\/06\/Amazon-300x73.png 300w, https:\/\/www.chiwava.com\/wp-content\/uploads\/2019\/06\/Amazon.png 364w\" sizes=\"auto, (max-width: 300px) 100vw, 300px\" \/><\/a><br \/>\nChiwava - Juego de 3 juguetes de l\u00e1tex chirriantes para perros de 5,7 pulgadas, palo de pie, juguete para perros, cachorro, juego interactivo para perros peque\u00f1os<\/p>\n<hr \/>\n<p>\u2764 Fabricado con caucho de l\u00e1tex no t\u00f3xico, criterio de detecci\u00f3n US FDA CFR 21 (art\u00edculos de caucho) \/ EU CE EN71 (juguetes)<\/p>\n<p>\u2764 Suave, Squeeze Squeak, Sin Relleno<\/p>\n<p>\u2764 Dogs Interactive Chew Sound y Outdoor Indoor Fetch Play<\/p>\n<p>\u2764 Tres perritos diferentes con caras lindas y barriga divertida. Paquete: 3 piezas por bolsa de red; Peso 1PC: 39g<\/p>\n<p>\u2764 Adecuado para perros peque\u00f1os: menos de 11 kg (24,25 lb)... <span class=\"more-button\"><a href=\"https:\/\/www.chiwava.com\/es\/producto\/dtl19033\/\" class=\"more-link\">Continuar<span class=\"screen-reader-text\">Chiwava 3 Pack 5.7 pulgadas Squeaky Latex Dog Toys Standing Stick Dog<\/span><\/a><\/span><\/p>","protected":false},"featured_media":1662,"template":"","meta":[],"product_brand":[],"product_cat":[16,286,15],"product_tag":[21,18,20],"class_list":{"0":"post-217","1":"product","2":"type-product","3":"status-publish","4":"has-post-thumbnail","6":"product_cat-dog_toys","7":"product_cat-latex-dog-toys","8":"product_cat-pet_toys","9":"product_tag-latex-dog-toys","10":"product_tag-small-dog-toys","11":"product_tag-squeaky-dog-toys","13":"first","14":"instock","15":"shipping-taxable","16":"product-type-simple"},"_links":{"self":[{"href":"https:\/\/www.chiwava.com\/es\/wp-json\/wp\/v2\/product\/217","targetHints":{"allow":["GET"]}}],"collection":[{"href":"https:\/\/www.chiwava.com\/es\/wp-json\/wp\/v2\/product"}],"about":[{"href":"https:\/\/www.chiwava.com\/es\/wp-json\/wp\/v2\/types\/product"}],"wp:featuredmedia":[{"embeddable":true,"href":"https:\/\/www.chiwava.com\/es\/wp-json\/wp\/v2\/media\/1662"}],"wp:attachment":[{"href":"https:\/\/www.chiwava.com\/es\/wp-json\/wp\/v2\/media?parent=217"}],"wp:term":[{"taxonomy":"product_brand","embeddable":true,"href":"https:\/\/www.chiwava.com\/es\/wp-json\/wp\/v2\/product_brand?post=217"},{"taxonomy":"product_cat","embeddable":true,"href":"https:\/\/www.chiwava.com\/es\/wp-json\/wp\/v2\/product_cat?post=217"},{"taxonomy":"product_tag","embeddable":true,"href":"https:\/\/www.chiwava.com\/es\/wp-json\/wp\/v2\/product_tag?post=217"}],"curies":[{"name":"wp","href":"https:\/\/api.w.org\/{rel}","templated":true}]}}