{"id":206,"date":"2019-06-24T08:20:01","date_gmt":"2019-06-24T08:20:01","guid":{"rendered":"http:\/\/pending.chiwava.com\/?post_type=product&#038;p=206"},"modified":"2026-03-27T03:09:21","modified_gmt":"2026-03-27T03:09:21","slug":"dtl19032","status":"publish","type":"product","link":"https:\/\/www.chiwava.com\/es\/producto\/dtl19032\/","title":{"rendered":"Chiwava paquete de 3 peque\u00f1os juguetes navide\u00f1os para perros"},"content":{"rendered":"<p>Chiwava especial SET FELIZ NAVIDAD. Nuestros juguetes est\u00e1n hechos de L\u00e1tex natural, NO T\u00d3XICO. El revestimiento del juguete es agradable al tacto y suave, f\u00e1cil de limpiar. Los juguetes vienen en un conjunto de tres coloridas y divertidas piezas navide\u00f1as (mu\u00f1eco de nieve, Pap\u00e1 Noel y ciervo). Los juguetes tienen forma de cuerpo largo y vientre redondo, debido a que el material de goma se puede estirar y tirar sin romperlo, tienen un chirrido peque\u00f1o que hace un sonido atractivo cuando lo aprietas. Este juguete es bueno para jugar en casa y tiene un peso ligero para que puedas llevarlo f\u00e1cilmente al aire libre.<\/p>","protected":false},"excerpt":{"rendered":"<p><a href=\"https:\/\/www.chiwava.com\/es\/tienda-de-marca\/\"><img loading=\"lazy\" decoding=\"async\" class=\"alignnone size-medium wp-image-94\" src=\"https:\/\/www.chiwava.com\/wp-content\/uploads\/2019\/06\/Amazon-300x73.png\" alt=\"\" width=\"300\" height=\"73\" srcset=\"https:\/\/www.chiwava.com\/wp-content\/uploads\/2019\/06\/Amazon-300x73.png 300w, https:\/\/www.chiwava.com\/wp-content\/uploads\/2019\/06\/Amazon.png 364w\" sizes=\"auto, (max-width: 300px) 100vw, 300px\" \/><\/a><br \/>\nChiwava Paquete de 3 peque\u00f1os juguetes navide\u00f1os para perros para perros interactivos Latex Squeaky Santa Toy<\/p>\n<hr \/>\n<p>\u2764 Fabricado con Caucho L\u00e1tex No T\u00f3xico, Criterio de Detecci\u00f3n EU CE EN71 ( Juguetes )<\/p>\n<p>\u2764 Suave, Squeeze Squeak, palo de pie, sin relleno.<\/p>\n<p>\u2764 Dogs Interactive Chew Sound y Outdoor Indoor Fetch Play<\/p>\n<p>\u2764 Tres juguetes diferentes con Pap\u00e1 Noel, mu\u00f1eco de nieve y ciervo con caras lindas y barriga divertida. Paquete: 3 piezas por bolsa de red; Peso 1PC: 39g<\/p>\n<p>\u2764 Ideal para regalo de vacaciones, adecuado para perros peque\u00f1os: menos de 11 kg (24,25 lb)... <span class=\"more-button\"><a href=\"https:\/\/www.chiwava.com\/es\/producto\/dtl19032\/\" class=\"more-link\">Continuar<span class=\"screen-reader-text\">Chiwava paquete de 3 peque\u00f1os juguetes navide\u00f1os para perros<\/span><\/a><\/span><\/p>","protected":false},"featured_media":76258,"template":"","meta":[],"product_brand":[],"product_cat":[16,286,15],"product_tag":[30,21,18,20],"class_list":{"0":"post-206","1":"product","2":"type-product","3":"status-publish","4":"has-post-thumbnail","6":"product_cat-dog_toys","7":"product_cat-latex-dog-toys","8":"product_cat-pet_toys","9":"product_tag-christmas-dog-toys","10":"product_tag-latex-dog-toys","11":"product_tag-small-dog-toys","12":"product_tag-squeaky-dog-toys","14":"first","15":"instock","16":"shipping-taxable","17":"product-type-simple"},"_links":{"self":[{"href":"https:\/\/www.chiwava.com\/es\/wp-json\/wp\/v2\/product\/206","targetHints":{"allow":["GET"]}}],"collection":[{"href":"https:\/\/www.chiwava.com\/es\/wp-json\/wp\/v2\/product"}],"about":[{"href":"https:\/\/www.chiwava.com\/es\/wp-json\/wp\/v2\/types\/product"}],"wp:featuredmedia":[{"embeddable":true,"href":"https:\/\/www.chiwava.com\/es\/wp-json\/wp\/v2\/media\/76258"}],"wp:attachment":[{"href":"https:\/\/www.chiwava.com\/es\/wp-json\/wp\/v2\/media?parent=206"}],"wp:term":[{"taxonomy":"product_brand","embeddable":true,"href":"https:\/\/www.chiwava.com\/es\/wp-json\/wp\/v2\/product_brand?post=206"},{"taxonomy":"product_cat","embeddable":true,"href":"https:\/\/www.chiwava.com\/es\/wp-json\/wp\/v2\/product_cat?post=206"},{"taxonomy":"product_tag","embeddable":true,"href":"https:\/\/www.chiwava.com\/es\/wp-json\/wp\/v2\/product_tag?post=206"}],"curies":[{"name":"wp","href":"https:\/\/api.w.org\/{rel}","templated":true}]}}