{"id":1714,"date":"2020-07-02T07:36:03","date_gmt":"2020-07-02T07:36:03","guid":{"rendered":"https:\/\/www.chiwava.com\/?post_type=product&#038;p=1714"},"modified":"2023-10-08T05:45:58","modified_gmt":"2023-10-08T05:45:58","slug":"ctb12001-12-piezas","status":"publish","type":"product","link":"https:\/\/www.chiwava.com\/es\/producto\/ctb12001-12-piezas\/","title":{"rendered":"Chiwava - Juego de 12 pelotas de espuma suave para gatos de 1,6 pulgadas"},"content":{"rendered":"<p>Chiwava goma espuma deporte gato juguete pelota tacto suave y especialmente hecho para actividades, juegos interactivos y silenciosos. Tu gato puede rodar y perseguir f\u00e1cilmente la pelota por la noche sin hacer ruido y no te mantendr\u00e1 despierto toda la noche. Las pelotas son livianas y rebotadoras, f\u00e1ciles de transportar, cazar y perseguir, pueden rebotar y lanzarse en el aire cuando se golpean o patean. estimula los instintos l\u00fadicos naturales de tu gato, br\u00edndale horas de diversi\u00f3n y ejercicio.<\/p>","protected":false},"excerpt":{"rendered":"<p><a href=\"https:\/\/www.chiwava.com\/es\/tienda-de-marca\/\"><img loading=\"lazy\" decoding=\"async\" class=\"alignnone size-medium wp-image-94\" src=\"https:\/\/www.chiwava.com\/wp-content\/uploads\/2019\/06\/Amazon-300x73.png\" alt=\"\" width=\"300\" height=\"73\" srcset=\"https:\/\/www.chiwava.com\/wp-content\/uploads\/2019\/06\/Amazon-300x73.png 300w, https:\/\/www.chiwava.com\/wp-content\/uploads\/2019\/06\/Amazon.png 364w\" sizes=\"auto, (max-width: 300px) 100vw, 300px\" \/><\/a><\/p>\n<p>Chiwava - Juego de 12 pelotas de espuma suave para gatos de 1,6 pulgadas, pelotas deportivas de esponja, juguetes interactivos para gatitos, varios colores<\/p>\n<hr \/>\n<p>\u2764 Hecho de espuma blanda no t\u00f3xica, criterio de detecci\u00f3n UE CE EN71 (juguetes).<\/p>\n<p>\u2764 Suave y liviano, f\u00e1cil de perseguir, transportar o lanzar al aire.<\/p>\n<p>\u2764 La bola de gato silenciosa y sin ruido no puede perturbar tu sue\u00f1o.<\/p>\n<p>\u2764 12 pelotas por paquete, incluyendo baloncesto, f\u00fatbol, tenis y golf.<\/p>\n<p>\u2764 ideal para juguetes interactivos, de ejercicio, de bateo, de entrenamiento y de actividad. Proporcione diversi\u00f3n y entretenimiento a los gatos. \u2026 <span class=\"more-button\"><a href=\"https:\/\/www.chiwava.com\/es\/producto\/ctb12001-12-piezas\/\" class=\"more-link\">Continuar<span class=\"screen-reader-text\">Chiwava - Juego de 12 pelotas de espuma suave para gatos de 1,6 pulgadas<\/span><\/a><\/span><\/p>","protected":false},"featured_media":75850,"template":"","meta":[],"product_brand":[],"product_cat":[17,15],"product_tag":[63,42,32],"class_list":{"0":"post-1714","1":"product","2":"type-product","3":"status-publish","4":"has-post-thumbnail","6":"product_cat-cat_toys","7":"product_cat-pet_toys","8":"product_tag-cat-toys-ball","9":"product_tag-cat-toys-bulk","10":"product_tag-soft-cat-toys","12":"first","13":"instock","14":"shipping-taxable","15":"product-type-simple"},"_links":{"self":[{"href":"https:\/\/www.chiwava.com\/es\/wp-json\/wp\/v2\/product\/1714","targetHints":{"allow":["GET"]}}],"collection":[{"href":"https:\/\/www.chiwava.com\/es\/wp-json\/wp\/v2\/product"}],"about":[{"href":"https:\/\/www.chiwava.com\/es\/wp-json\/wp\/v2\/types\/product"}],"wp:featuredmedia":[{"embeddable":true,"href":"https:\/\/www.chiwava.com\/es\/wp-json\/wp\/v2\/media\/75850"}],"wp:attachment":[{"href":"https:\/\/www.chiwava.com\/es\/wp-json\/wp\/v2\/media?parent=1714"}],"wp:term":[{"taxonomy":"product_brand","embeddable":true,"href":"https:\/\/www.chiwava.com\/es\/wp-json\/wp\/v2\/product_brand?post=1714"},{"taxonomy":"product_cat","embeddable":true,"href":"https:\/\/www.chiwava.com\/es\/wp-json\/wp\/v2\/product_cat?post=1714"},{"taxonomy":"product_tag","embeddable":true,"href":"https:\/\/www.chiwava.com\/es\/wp-json\/wp\/v2\/product_tag?post=1714"}],"curies":[{"name":"wp","href":"https:\/\/api.w.org\/{rel}","templated":true}]}}