{"id":1703,"date":"2020-06-24T08:32:04","date_gmt":"2020-06-24T08:32:04","guid":{"rendered":"https:\/\/www.chiwava.com\/?post_type=product&#038;p=1703"},"modified":"2025-10-10T06:46:15","modified_gmt":"2025-10-10T06:46:15","slug":"dtl19041-2pcs","status":"publish","type":"product","link":"https:\/\/www.chiwava.com\/es\/producto\/dtl19041-2pcs\/","title":{"rendered":"Chiwava - Juego de 2 divertidos juguetes de l\u00e1tex chirriantes para perros, pato amarillo"},"content":{"rendered":"<p>El juguete para perros pato amarillo fue dise\u00f1ado por LILI y fabricado por CHIWAVA. Hecho de l\u00e1tex natural no t\u00f3xico. Relleno de felpa, el revestimiento de juguete es agradable al tacto y suave, f\u00e1cil de limpiar. Tiene un chirriador peque\u00f1o que hace un sonido atractivo cuando lo aprietas. Ideal para entretener a tus mascotas. Se centrar\u00e1n en estos juguetes durante mucho tiempo y se mantendr\u00e1n ocupados, para que puedas desviar su atenci\u00f3n de tus muebles y zapatos.<\/p>","protected":false},"excerpt":{"rendered":"<p><a href=\"https:\/\/www.chiwava.com\/es\/tienda-de-marca\/\"><img loading=\"lazy\" decoding=\"async\" class=\"alignnone size-medium wp-image-94\" src=\"https:\/\/www.chiwava.com\/wp-content\/uploads\/2019\/06\/Amazon-300x73.png\" alt=\"\" width=\"300\" height=\"73\" srcset=\"https:\/\/www.chiwava.com\/wp-content\/uploads\/2019\/06\/Amazon-300x73.png 300w, https:\/\/www.chiwava.com\/wp-content\/uploads\/2019\/06\/Amazon.png 364w\" sizes=\"auto, (max-width: 300px) 100vw, 300px\" \/><\/a><\/p>\n<p>Chiwava 2 Pack 7.9 pulgadas Squeak Latex Dog Toy Yellow Duck Interactive Play para perros peque\u00f1os y medianos<\/p>\n<hr \/>\n<p>\u2764 Fabricado con caucho de l\u00e1tex no t\u00f3xico, criterio de detecci\u00f3n UE CE EN71 (juguetes).<br \/>\n\u2764 Hace un sonido chirriante cuando se aprieta, dise\u00f1o de pato divertido, relleno de felpa.<br \/>\n\u2764 Perfecto para entrenar, unir, aliviar el estr\u00e9s.<br \/>\n\u2764 Juguete interactivo y para exteriores en interiores. Paquete: 2 paquetes\/caja.<br \/>\n\u2764 Adecuado para perros peque\u00f1os y medianos: 4 ~ 30 kg (9 ~ 66 lb). \u2026 <span class=\"more-button\"><a href=\"https:\/\/www.chiwava.com\/es\/producto\/dtl19041-2pcs\/\" class=\"more-link\">Continuar<span class=\"screen-reader-text\">Chiwava - Juego de 2 divertidos juguetes de l\u00e1tex chirriantes para perros, pato amarillo<\/span><\/a><\/span><\/p>","protected":false},"featured_media":75555,"template":"","meta":[],"product_brand":[],"product_cat":[16,286,15],"product_tag":[38,21,51],"class_list":{"0":"post-1703","1":"product","2":"type-product","3":"status-publish","4":"has-post-thumbnail","6":"product_cat-dog_toys","7":"product_cat-latex-dog-toys","8":"product_cat-pet_toys","9":"product_tag-duck-dog-toys","10":"product_tag-latex-dog-toys","11":"product_tag-squeaky-dog-toy","13":"first","14":"instock","15":"shipping-taxable","16":"product-type-simple"},"_links":{"self":[{"href":"https:\/\/www.chiwava.com\/es\/wp-json\/wp\/v2\/product\/1703","targetHints":{"allow":["GET"]}}],"collection":[{"href":"https:\/\/www.chiwava.com\/es\/wp-json\/wp\/v2\/product"}],"about":[{"href":"https:\/\/www.chiwava.com\/es\/wp-json\/wp\/v2\/types\/product"}],"wp:featuredmedia":[{"embeddable":true,"href":"https:\/\/www.chiwava.com\/es\/wp-json\/wp\/v2\/media\/75555"}],"wp:attachment":[{"href":"https:\/\/www.chiwava.com\/es\/wp-json\/wp\/v2\/media?parent=1703"}],"wp:term":[{"taxonomy":"product_brand","embeddable":true,"href":"https:\/\/www.chiwava.com\/es\/wp-json\/wp\/v2\/product_brand?post=1703"},{"taxonomy":"product_cat","embeddable":true,"href":"https:\/\/www.chiwava.com\/es\/wp-json\/wp\/v2\/product_cat?post=1703"},{"taxonomy":"product_tag","embeddable":true,"href":"https:\/\/www.chiwava.com\/es\/wp-json\/wp\/v2\/product_tag?post=1703"}],"curies":[{"name":"wp","href":"https:\/\/api.w.org\/{rel}","templated":true}]}}