{"id":164,"date":"2019-06-24T08:14:20","date_gmt":"2019-06-24T08:14:20","guid":{"rendered":"http:\/\/pending.chiwava.com\/?post_type=product&#038;p=164"},"modified":"2025-10-10T06:46:20","modified_gmt":"2025-10-10T06:46:20","slug":"dtl17031-3-piezas","status":"publish","type":"product","link":"https:\/\/www.chiwava.com\/es\/producto\/dtl17031-3-piezas\/","title":{"rendered":"Chiwava - Juego de 3 juguetes para perros de l\u00e1tex chirriantes de 9.0 in"},"content":{"rendered":"<p>Los juguetes Chiwava est\u00e1n hechos de l\u00e1tex, NO T\u00d3XICOS. El revestimiento de los juguetes es agradable al tacto y suave, f\u00e1cil de limpiar. Los juguetes vienen en un juego de 3 colores brillantes (rosa, naranja y verde) con caras divertidas de animales lindos (cerdito, pollo y rana). los juguetes tienen una forma de cuerpo largo y, debido al material de goma, pueden estirarse y tirar sin romperlo, tienen un chirrido peque\u00f1o que hace un sonido alto cuando lo aprietas.<\/p>","protected":false},"excerpt":{"rendered":"<p><a href=\"https:\/\/www.chiwava.com\/es\/tienda-de-marca\/\"><img loading=\"lazy\" decoding=\"async\" class=\"alignnone size-medium wp-image-94\" src=\"https:\/\/www.chiwava.com\/wp-content\/uploads\/2019\/06\/Amazon-300x73.png\" alt=\"\" width=\"300\" height=\"73\" srcset=\"https:\/\/www.chiwava.com\/wp-content\/uploads\/2019\/06\/Amazon-300x73.png 300w, https:\/\/www.chiwava.com\/wp-content\/uploads\/2019\/06\/Amazon.png 364w\" sizes=\"auto, (max-width: 300px) 100vw, 300px\" \/><\/a><br \/>\nChiwava - Juego de 3 juguetes de l\u00e1tex chirriantes para perros de 9 pulgadas, palo de pie, juego interactivo para perros peque\u00f1os y medianos<\/p>\n<hr \/>\n<p>\u2764 Fabricado con caucho de l\u00e1tex no t\u00f3xico, criterio de detecci\u00f3n US FDA CFR 21 (art\u00edculos de caucho) \/ EU CE EN71 (juguetes)<\/p>\n<p>\u2764 Suave, Squeeze Squeak, Sin Relleno<\/p>\n<p>\u2764 Dogs Interactive Chew Sound y Outdoor Indoor Fetch Play<\/p>\n<p>\u2764 Paquete de 3: rana divertida de cerdo y pato de cuerpo largo<\/p>\n<p>\u2764 Adecuado para perros peque\u00f1os y medianos: 4 ~ 30 kg (8,8 ~ 66 lb)... <span class=\"more-button\"><a href=\"https:\/\/www.chiwava.com\/es\/producto\/dtl17031-3-piezas\/\" class=\"more-link\">Continuar<span class=\"screen-reader-text\">Chiwava - Juego de 3 juguetes para perros de l\u00e1tex chirriantes de 9.0 in<\/span><\/a><\/span><\/p>","protected":false},"featured_media":1652,"template":"","meta":[],"product_brand":[],"product_cat":[16,286,15],"product_tag":[21,26,18,20],"class_list":{"0":"post-164","1":"product","2":"type-product","3":"status-publish","4":"has-post-thumbnail","6":"product_cat-dog_toys","7":"product_cat-latex-dog-toys","8":"product_cat-pet_toys","9":"product_tag-latex-dog-toys","10":"product_tag-medium-dog-toys","11":"product_tag-small-dog-toys","12":"product_tag-squeaky-dog-toys","14":"first","15":"instock","16":"shipping-taxable","17":"product-type-simple"},"_links":{"self":[{"href":"https:\/\/www.chiwava.com\/es\/wp-json\/wp\/v2\/product\/164","targetHints":{"allow":["GET"]}}],"collection":[{"href":"https:\/\/www.chiwava.com\/es\/wp-json\/wp\/v2\/product"}],"about":[{"href":"https:\/\/www.chiwava.com\/es\/wp-json\/wp\/v2\/types\/product"}],"wp:featuredmedia":[{"embeddable":true,"href":"https:\/\/www.chiwava.com\/es\/wp-json\/wp\/v2\/media\/1652"}],"wp:attachment":[{"href":"https:\/\/www.chiwava.com\/es\/wp-json\/wp\/v2\/media?parent=164"}],"wp:term":[{"taxonomy":"product_brand","embeddable":true,"href":"https:\/\/www.chiwava.com\/es\/wp-json\/wp\/v2\/product_brand?post=164"},{"taxonomy":"product_cat","embeddable":true,"href":"https:\/\/www.chiwava.com\/es\/wp-json\/wp\/v2\/product_cat?post=164"},{"taxonomy":"product_tag","embeddable":true,"href":"https:\/\/www.chiwava.com\/es\/wp-json\/wp\/v2\/product_tag?post=164"}],"curies":[{"name":"wp","href":"https:\/\/api.w.org\/{rel}","templated":true}]}}