{"id":1447,"date":"2020-04-28T03:53:48","date_gmt":"2020-04-28T03:53:48","guid":{"rendered":"https:\/\/www.chiwava.com\/?post_type=product&#038;p=1447"},"modified":"2025-10-10T06:46:17","modified_gmt":"2025-10-10T06:46:17","slug":"dtl19038","status":"publish","type":"product","link":"https:\/\/www.chiwava.com\/es\/producto\/dtl19038\/","title":{"rendered":"Chiwava paquete de 3 juguetes de l\u00e1tex chirriantes de 2,6 pulgadas cara de animales lindos"},"content":{"rendered":"<p>Este es el juguete de l\u00e1tex para perros hecho por Chiwava, la apariencia del dise\u00f1o de Lili. Hecho de l\u00e1tex natural no t\u00f3xico. Sin relleno. Suave y f\u00e1cil de limpiar (con chirriador en el interior). Puede chirriar cuando lo aprietas. Estos juguetes son buenos para jugar afuera y en casa, pueden llevarlos f\u00e1cilmente afuera. Puedes jugar a buscarlos y tirarlos lo m\u00e1s lejos que puedas. Tu perrito puede masticarlos y apretarlos y puede estar ocupado y feliz todo el d\u00eda. Para que puedas desviar su atenci\u00f3n de tus muebles.<\/p>","protected":false},"excerpt":{"rendered":"<p><a href=\"https:\/\/www.chiwava.com\/es\/tienda-de-marca\/\"><img loading=\"lazy\" decoding=\"async\" class=\"alignnone size-medium wp-image-94\" src=\"https:\/\/www.chiwava.com\/wp-content\/uploads\/2019\/06\/Amazon-300x73.png\" alt=\"\" width=\"300\" height=\"73\" srcset=\"https:\/\/www.chiwava.com\/wp-content\/uploads\/2019\/06\/Amazon-300x73.png 300w, https:\/\/www.chiwava.com\/wp-content\/uploads\/2019\/06\/Amazon.png 364w\" sizes=\"auto, (max-width: 300px) 100vw, 300px\" \/><\/a><br \/>\nChiwava 3 Pack 2.6 Pulgadas Squeak Latex Dog Toy Cute Animals Face Juego Interactivo para Perros Peque\u00f1os Colores Surtidos<\/p>\n<hr \/>\n<p>\u2764 Fabricado con caucho de l\u00e1tex no t\u00f3xico, criterio de detecci\u00f3n UE CE EN71 (juguetes).<\/p>\n<p>\u2764 Suave, Squeeze Squeak, Funny Animal Face Ball, sin relleno.<\/p>\n<p>\u2764 Ideal para buscar en el patio, el hogar, el parque o la orilla, anime a las mascotas a saltar y perseguir, mant\u00e9ngalas ocupadas.<\/p>\n<p>\u2764 Sonido de masticaci\u00f3n interactivo para perros, contiene oso azul, cerdo rosa, pollo marr\u00f3n.<\/p>\n<p>\u2764 Adecuado para perros peque\u00f1os: menos de 11 kg (24,25 lb)... <span class=\"more-button\"><a href=\"https:\/\/www.chiwava.com\/es\/producto\/dtl19038\/\" class=\"more-link\">Continuar<span class=\"screen-reader-text\">Chiwava paquete de 3 juguetes de l\u00e1tex chirriantes de 2,6 pulgadas cara de animales lindos<\/span><\/a><\/span><\/p>","protected":false},"featured_media":77000,"template":"","meta":[],"product_brand":[],"product_cat":[16,286,15],"product_tag":[21,18,20],"class_list":{"0":"post-1447","1":"product","2":"type-product","3":"status-publish","4":"has-post-thumbnail","6":"product_cat-dog_toys","7":"product_cat-latex-dog-toys","8":"product_cat-pet_toys","9":"product_tag-latex-dog-toys","10":"product_tag-small-dog-toys","11":"product_tag-squeaky-dog-toys","13":"first","14":"instock","15":"shipping-taxable","16":"product-type-simple"},"_links":{"self":[{"href":"https:\/\/www.chiwava.com\/es\/wp-json\/wp\/v2\/product\/1447","targetHints":{"allow":["GET"]}}],"collection":[{"href":"https:\/\/www.chiwava.com\/es\/wp-json\/wp\/v2\/product"}],"about":[{"href":"https:\/\/www.chiwava.com\/es\/wp-json\/wp\/v2\/types\/product"}],"wp:featuredmedia":[{"embeddable":true,"href":"https:\/\/www.chiwava.com\/es\/wp-json\/wp\/v2\/media\/77000"}],"wp:attachment":[{"href":"https:\/\/www.chiwava.com\/es\/wp-json\/wp\/v2\/media?parent=1447"}],"wp:term":[{"taxonomy":"product_brand","embeddable":true,"href":"https:\/\/www.chiwava.com\/es\/wp-json\/wp\/v2\/product_brand?post=1447"},{"taxonomy":"product_cat","embeddable":true,"href":"https:\/\/www.chiwava.com\/es\/wp-json\/wp\/v2\/product_cat?post=1447"},{"taxonomy":"product_tag","embeddable":true,"href":"https:\/\/www.chiwava.com\/es\/wp-json\/wp\/v2\/product_tag?post=1447"}],"curies":[{"name":"wp","href":"https:\/\/api.w.org\/{rel}","templated":true}]}}