{"id":1439,"date":"2020-04-28T03:06:55","date_gmt":"2020-04-28T03:06:55","guid":{"rendered":"https:\/\/www.chiwava.com\/?post_type=product&#038;p=1439"},"modified":"2026-02-06T08:27:16","modified_gmt":"2026-02-06T08:27:16","slug":"ctm00120-36-piezas","status":"publish","type":"product","link":"https:\/\/www.chiwava.com\/es\/producto\/ctm00120-36-piezas\/","title":{"rendered":"Chiwava 36PCS 4.1 Pulgadas Furry Cat Toy Ratones Sonajero Peque\u00f1o Rat\u00f3n"},"content":{"rendered":"<p>Caja con 36 ratoncitos de colores surtidos. S\u00ed, parece demasiado, pero de hecho es una gran oferta para aquellos que est\u00e1n cansados de comprar un rat\u00f3n todas las semanas y tratar de encontrarlo debajo del sof\u00e1 despu\u00e9s de que su peque\u00f1o cazador esconda su trofeo. Puedes imaginar la emoci\u00f3n que se acumula dentro de ellos cada vez que traes estos juguetes para que juegue tu felino. El dise\u00f1o realista de nuestros ratones est\u00e1 hecho de tal manera que estimula los instintos internos de cazador de tu amigo peludo. Estos ratones est\u00e1n hechos de pl\u00e1stico duradero pero liviano, con el cuerpo cubierto de piel sint\u00e9tica, algunos de ellos tienen cuentas en el interior y crean un sonido de sonajero que puede ser m\u00e1s interesante y atractivo para su gato. Se puede utilizar para juegos independientes en interiores, juegos interactivos o juegos de captura.<\/p>","protected":false},"excerpt":{"rendered":"<p><img loading=\"lazy\" decoding=\"async\" class=\"alignnone size-medium wp-image-94\" src=\"https:\/\/www.chiwava.com\/wp-content\/uploads\/2019\/06\/Amazon-300x73.png\" alt=\"\" width=\"300\" height=\"73\" srcset=\"https:\/\/www.chiwava.com\/wp-content\/uploads\/2019\/06\/Amazon-300x73.png 300w, https:\/\/www.chiwava.com\/wp-content\/uploads\/2019\/06\/Amazon.png 364w\" sizes=\"auto, (max-width: 300px) 100vw, 300px\" \/><br \/>\n<strong>Chiwava 36PCS 4.1 &quot;Juguete de gato peludo Ratones Sonajero Peque\u00f1o rat\u00f3n Gatito Juego interactivo Colores surtidos<\/strong><\/p>\n<hr \/>\n<p>\u2764 Piel sint\u00e9tica peluda calificada, criterio de detecci\u00f3n US FDA 21CFR (pol\u00edmeros de olefina) \/ UE CE EN-71 (juguetes de peluche)<\/p>\n<p>\u2764 Piel de rat\u00f3n de piel sint\u00e9tica peluda y sonido de sonajero de cuerpo de pl\u00e1stico<\/p>\n<p>\u2764 Juego interactivo, juego independiente, juego interior<\/p>\n<p>\u2764 36 Paquetes \/ Caja, Colores Surtidos Tama\u00f1o Peque\u00f1o<\/p>\n<p>\u2764 Adecuado para gatos, ni\u00f1os y gatos adultos... <span class=\"more-button\"><a href=\"https:\/\/www.chiwava.com\/es\/producto\/ctm00120-36-piezas\/\" class=\"more-link\">Continuar<span class=\"screen-reader-text\">Chiwava 36PCS 4.1 Pulgadas Furry Cat Toy Ratones Sonajero Peque\u00f1o Rat\u00f3n<\/span><\/a><\/span><\/p>","protected":false},"featured_media":76958,"template":"","meta":[],"product_brand":[],"product_cat":[17,15],"product_tag":[42,25,43,41],"class_list":{"0":"post-1439","1":"product","2":"type-product","3":"status-publish","4":"has-post-thumbnail","6":"product_cat-cat_toys","7":"product_cat-pet_toys","8":"product_tag-cat-toys-bulk","9":"product_tag-cat-toys-mice","10":"product_tag-fur-cat-mice","11":"product_tag-rattle-cat-toys","13":"first","14":"instock","15":"shipping-taxable","16":"product-type-simple"},"_links":{"self":[{"href":"https:\/\/www.chiwava.com\/es\/wp-json\/wp\/v2\/product\/1439","targetHints":{"allow":["GET"]}}],"collection":[{"href":"https:\/\/www.chiwava.com\/es\/wp-json\/wp\/v2\/product"}],"about":[{"href":"https:\/\/www.chiwava.com\/es\/wp-json\/wp\/v2\/types\/product"}],"wp:featuredmedia":[{"embeddable":true,"href":"https:\/\/www.chiwava.com\/es\/wp-json\/wp\/v2\/media\/76958"}],"wp:attachment":[{"href":"https:\/\/www.chiwava.com\/es\/wp-json\/wp\/v2\/media?parent=1439"}],"wp:term":[{"taxonomy":"product_brand","embeddable":true,"href":"https:\/\/www.chiwava.com\/es\/wp-json\/wp\/v2\/product_brand?post=1439"},{"taxonomy":"product_cat","embeddable":true,"href":"https:\/\/www.chiwava.com\/es\/wp-json\/wp\/v2\/product_cat?post=1439"},{"taxonomy":"product_tag","embeddable":true,"href":"https:\/\/www.chiwava.com\/es\/wp-json\/wp\/v2\/product_tag?post=1439"}],"curies":[{"name":"wp","href":"https:\/\/api.w.org\/{rel}","templated":true}]}}