{"id":114,"date":"2019-06-24T08:03:49","date_gmt":"2019-06-24T08:03:49","guid":{"rendered":"http:\/\/pending.chiwava.com\/?post_type=product&#038;p=114"},"modified":"2025-11-21T03:37:49","modified_gmt":"2025-11-21T03:37:49","slug":"dtl00027","status":"publish","type":"product","link":"https:\/\/www.chiwava.com\/es\/producto\/dtl00027\/","title":{"rendered":"Chiwava - Juego de 3 pelotas de juguete para perro de goma de l\u00e1tex chirriante de 2,7 pulgadas"},"content":{"rendered":"<p>Las bolas surtidas de Chiwava est\u00e1n hechas de l\u00e1tex natural. NO T\u00d3XICO. El revestimiento de juguetes es agradable al tacto y suave, sin relleno en el interior. F\u00e1cil de limpiar. Debido a la forma redonda y al material de goma, estos juguetes rebotan un poco. Cada juguete tiene un peque\u00f1o chirriador que produce un sonido alto atractivo cuando lo aprietas. Estos juguetes son buenos para jugar afuera y en casa, son livianos para que puedas llevarlos f\u00e1cilmente al aire libre.<\/p>","protected":false},"excerpt":{"rendered":"<p><a href=\"https:\/\/www.chiwava.com\/es\/tienda-de-marca\/\"><img loading=\"lazy\" decoding=\"async\" class=\"alignnone size-medium wp-image-94\" src=\"https:\/\/www.chiwava.com\/wp-content\/uploads\/2019\/06\/Amazon-300x73.png\" alt=\"\" width=\"300\" height=\"73\" srcset=\"https:\/\/www.chiwava.com\/wp-content\/uploads\/2019\/06\/Amazon-300x73.png 300w, https:\/\/www.chiwava.com\/wp-content\/uploads\/2019\/06\/Amazon.png 364w\" sizes=\"auto, (max-width: 300px) 100vw, 300px\" \/><\/a><br \/>\nChiwava - Juego de 3 pelotas de juguete para perros de goma de l\u00e1tex chirriantes de 2,7 pulgadas para perros peque\u00f1os y medianos, juego interactivo para masticar con sonido<\/p>\n<hr \/>\n<p>\u2764 Fabricado con caucho de l\u00e1tex no t\u00f3xico, criterio de detecci\u00f3n US FDA CFR 21 (art\u00edculos de caucho) \/ EU CE EN71 (juguetes)<\/p>\n<p>\u2764 Soft Squeeze Squeak, pelota de f\u00fatbol hinchable, sin relleno.<\/p>\n<p>\u2764 Dogs Interactive Chew Sound y Outdoor Indoor Fetch Play<\/p>\n<p>\u2764 Diameter: 7cm\/2.7&#8243; Weight: 30g \/PC 3PCS Weight:90g<\/p>\n<p>\u2764 Adecuado para perros medianos: 11 ~ 30 kg (24 ~ 66 lb)... <span class=\"more-button\"><a href=\"https:\/\/www.chiwava.com\/es\/producto\/dtl00027\/\" class=\"more-link\">Continuar<span class=\"screen-reader-text\">Chiwava - Juego de 3 pelotas de juguete para perro de goma de l\u00e1tex chirriante de 2,7 pulgadas<\/span><\/a><\/span><\/p>","protected":false},"featured_media":1436,"template":"","meta":[],"product_brand":[],"product_cat":[16,286,15],"product_tag":[19,21,26,20],"class_list":{"0":"post-114","1":"product","2":"type-product","3":"status-publish","4":"has-post-thumbnail","6":"product_cat-dog_toys","7":"product_cat-latex-dog-toys","8":"product_cat-pet_toys","9":"product_tag-dog-toy-balls","10":"product_tag-latex-dog-toys","11":"product_tag-medium-dog-toys","12":"product_tag-squeaky-dog-toys","14":"first","15":"instock","16":"shipping-taxable","17":"product-type-simple"},"_links":{"self":[{"href":"https:\/\/www.chiwava.com\/es\/wp-json\/wp\/v2\/product\/114","targetHints":{"allow":["GET"]}}],"collection":[{"href":"https:\/\/www.chiwava.com\/es\/wp-json\/wp\/v2\/product"}],"about":[{"href":"https:\/\/www.chiwava.com\/es\/wp-json\/wp\/v2\/types\/product"}],"wp:featuredmedia":[{"embeddable":true,"href":"https:\/\/www.chiwava.com\/es\/wp-json\/wp\/v2\/media\/1436"}],"wp:attachment":[{"href":"https:\/\/www.chiwava.com\/es\/wp-json\/wp\/v2\/media?parent=114"}],"wp:term":[{"taxonomy":"product_brand","embeddable":true,"href":"https:\/\/www.chiwava.com\/es\/wp-json\/wp\/v2\/product_brand?post=114"},{"taxonomy":"product_cat","embeddable":true,"href":"https:\/\/www.chiwava.com\/es\/wp-json\/wp\/v2\/product_cat?post=114"},{"taxonomy":"product_tag","embeddable":true,"href":"https:\/\/www.chiwava.com\/es\/wp-json\/wp\/v2\/product_tag?post=114"}],"curies":[{"name":"wp","href":"https:\/\/api.w.org\/{rel}","templated":true}]}}