{"id":104,"date":"2019-06-24T07:59:27","date_gmt":"2019-06-24T07:59:27","guid":{"rendered":"http:\/\/pending.chiwava.com\/?post_type=product&#038;p=104"},"modified":"2025-10-10T06:46:40","modified_gmt":"2025-10-10T06:46:40","slug":"dtl00019-yb-2pcs","status":"publish","type":"product","link":"https:\/\/www.chiwava.com\/es\/producto\/dtl00019-yb-2pcs\/","title":{"rendered":"Chiwava - Juego de 2 juguetes para perro de cerdo mediano de 6.5 in"},"content":{"rendered":"<div id=\"featurebullets_feature_div\" class=\"feature\" data-feature-name=\"featurebullets\" data-cel-widget=\"featurebullets_feature_div\">\n<div id=\"feature-bullets\" class=\"a-section a-spacing-medium a-spacing-top-small\">\n<p>Los juguetes para perros Chiwava que gru\u00f1en est\u00e1n hechos de l\u00e1tex natural, NO T\u00d3XICO, el revestimiento es agradable al tacto y suave (tienen relleno en el interior y un tubo que gru\u00f1e). F\u00e1cil de limpiar. Tiene forma de cerdito y material de goma, puede ser un poco hinchable. Cada juguete puede gru\u00f1ir cuando lo aprietas, imitar el sonido del cerdo. Estos juguetes son buenos para jugar al aire libre y en casa. Puedes jugar a buscar o simplemente dejar que tu perro juegue de forma independiente. Tu perrito puede masticarlo y apretarlo y puede estar ocupado y feliz todo el d\u00eda.<\/p>\n<\/div>\n<\/div>\n<div id=\"productOverview_feature_div\" class=\"feature\" data-feature-name=\"productOverview\" data-cel-widget=\"productOverview_feature_div\"><\/div>\n<div id=\"globalStoreInfoBullets_feature_div\" class=\"feature\" data-feature-name=\"globalStoreInfoBullets\" data-cel-widget=\"globalStoreInfoBullets_feature_div\"><\/div>\n<div id=\"amazonGlobal_feature_div\" class=\"feature\" data-feature-name=\"amazonGlobal\" data-cel-widget=\"amazonGlobal_feature_div\"><\/div>\n<div id=\"HLCXComparisonJumplink_feature_div\"><\/div>","protected":false},"excerpt":{"rendered":"<p><a href=\"https:\/\/www.chiwava.com\/es\/tienda-de-marca\/\"><img loading=\"lazy\" decoding=\"async\" class=\"alignnone size-medium wp-image-94\" src=\"https:\/\/www.chiwava.com\/wp-content\/uploads\/2019\/06\/Amazon-300x73.png\" alt=\"\" width=\"300\" height=\"73\" srcset=\"https:\/\/www.chiwava.com\/wp-content\/uploads\/2019\/06\/Amazon-300x73.png 300w, https:\/\/www.chiwava.com\/wp-content\/uploads\/2019\/06\/Amazon.png 364w\" sizes=\"auto, (max-width: 300px) 100vw, 300px\" \/><\/a><br \/>\nChiwava 2 Pack 6.5\u2033 Juguete de perro de cerdo mediano para perros interactivos Cubo de goma de l\u00e1tex Squeeze Grunting Sound Play<\/p>\n<hr \/>\n<p>\u2764 Fabricado con Caucho L\u00e1tex No T\u00f3xico, Criterio de Detecci\u00f3n EU CE EN71 ( Juguetes )<\/p>\n<p>\u2764 Suave, Squeeze Grunts Sound, Peluche Relleno<\/p>\n<p>\u2764 Dogs Interactive Chew Sound y Outdoor Indoor Fetch Play<\/p>\n<p>\u2764 Forma de cerdo, paquete: 2 piezas por bolsa de red; Peso: 180g.<\/p>\n<p>\u2764 Adecuado para perros medianos: 11 ~ 30 kg (24 ~ 66 lb)... <span class=\"more-button\"><a href=\"https:\/\/www.chiwava.com\/es\/producto\/dtl00019-yb-2pcs\/\" class=\"more-link\">Continuar<span class=\"screen-reader-text\">Chiwava - Juego de 2 juguetes para perro de cerdo mediano de 6.5 in<\/span><\/a><\/span><\/p>","protected":false},"featured_media":1232,"template":"","meta":[],"product_brand":[],"product_cat":[16,286,15],"product_tag":[28,21,26,27],"class_list":{"0":"post-104","1":"product","2":"type-product","3":"status-publish","4":"has-post-thumbnail","6":"product_cat-dog_toys","7":"product_cat-latex-dog-toys","8":"product_cat-pet_toys","9":"product_tag-grunt-dog-toys","10":"product_tag-latex-dog-toys","11":"product_tag-medium-dog-toys","12":"product_tag-pig-dog-toys","14":"first","15":"instock","16":"shipping-taxable","17":"product-type-simple"},"_links":{"self":[{"href":"https:\/\/www.chiwava.com\/es\/wp-json\/wp\/v2\/product\/104","targetHints":{"allow":["GET"]}}],"collection":[{"href":"https:\/\/www.chiwava.com\/es\/wp-json\/wp\/v2\/product"}],"about":[{"href":"https:\/\/www.chiwava.com\/es\/wp-json\/wp\/v2\/types\/product"}],"wp:featuredmedia":[{"embeddable":true,"href":"https:\/\/www.chiwava.com\/es\/wp-json\/wp\/v2\/media\/1232"}],"wp:attachment":[{"href":"https:\/\/www.chiwava.com\/es\/wp-json\/wp\/v2\/media?parent=104"}],"wp:term":[{"taxonomy":"product_brand","embeddable":true,"href":"https:\/\/www.chiwava.com\/es\/wp-json\/wp\/v2\/product_brand?post=104"},{"taxonomy":"product_cat","embeddable":true,"href":"https:\/\/www.chiwava.com\/es\/wp-json\/wp\/v2\/product_cat?post=104"},{"taxonomy":"product_tag","embeddable":true,"href":"https:\/\/www.chiwava.com\/es\/wp-json\/wp\/v2\/product_tag?post=104"}],"curies":[{"name":"wp","href":"https:\/\/api.w.org\/{rel}","templated":true}]}}