{"id":59,"date":"2019-06-24T03:11:57","date_gmt":"2019-06-24T03:11:57","guid":{"rendered":"http:\/\/pending.chiwava.com\/?page_id=59"},"modified":"2025-05-26T06:19:55","modified_gmt":"2025-05-26T06:19:55","slug":"acerca-de-nosotros","status":"publish","type":"page","link":"https:\/\/www.chiwava.com\/es\/acerca-de-nosotros\/","title":{"rendered":"Sobre nosotros"},"content":{"rendered":"<pre class=\"wp-block-preformatted\"><em>Chiwava\u2122\ufe0f es una marca de juguetes para mascotas. Dise\u00f1amos y vendemos juguetes de goma de l\u00e1tex para perros, ratones de juguete para gatos, pelotas de juguete para gatos, etc.<\/em><\/pre>\n\n\n\n<figure class=\"wp-block-image\"><img loading=\"lazy\" decoding=\"async\" width=\"1920\" height=\"663\" src=\"https:\/\/www.chiwava.com\/wp-content\/uploads\/2019\/06\/lele.jpg\" alt=\"\" class=\"wp-image-393\" srcset=\"https:\/\/www.chiwava.com\/wp-content\/uploads\/2019\/06\/lele.jpg 1920w, https:\/\/www.chiwava.com\/wp-content\/uploads\/2019\/06\/lele-600x207.jpg 600w, https:\/\/www.chiwava.com\/wp-content\/uploads\/2019\/06\/lele-300x104.jpg 300w, https:\/\/www.chiwava.com\/wp-content\/uploads\/2019\/06\/lele-768x265.jpg 768w, https:\/\/www.chiwava.com\/wp-content\/uploads\/2019\/06\/lele-1024x354.jpg 1024w\" sizes=\"auto, (max-width: 1920px) 100vw, 1920px\" \/><figcaption class=\"wp-element-caption\">Chiwava\u2122\ufe0f \u2014- M\u00e1s cerca de las mascotas<\/figcaption><\/figure>\n\n\n\n<div class=\"wp-block-columns has-2-columns is-layout-flex wp-container-core-columns-is-layout-9d6595d7 wp-block-columns-is-layout-flex\">\n<div class=\"wp-block-column is-layout-flow wp-block-column-is-layout-flow\"><div class=\"wp-block-image\">\n<figure class=\"aligncenter\"><a href=\"https:\/\/www.chiwava.com\/es\/tienda-de-marca\/\"><img loading=\"lazy\" decoding=\"async\" width=\"364\" height=\"89\" src=\"https:\/\/www.chiwava.com\/wp-content\/uploads\/2019\/06\/Amazon.png\" alt=\"\" class=\"wp-image-94\" srcset=\"https:\/\/www.chiwava.com\/wp-content\/uploads\/2019\/06\/Amazon.png 364w, https:\/\/www.chiwava.com\/wp-content\/uploads\/2019\/06\/Amazon-300x73.png 300w\" sizes=\"auto, (max-width: 364px) 100vw, 364px\" \/><\/a><figcaption class=\"wp-element-caption\">Tienda de la marca Amazon<\/figcaption><\/figure>\n<\/div><\/div>\n\n\n\n<div class=\"wp-block-column is-layout-flow wp-block-column-is-layout-flow\">\n<p>Chiwava\u2122 es una marca de juguetes para mascotas de confianza con m\u00e1s de 10 a\u00f1os de experiencia en Amazon.<br>Estamos especializados en el dise\u00f1o y la venta de juguetes de l\u00e1tex para perros, ratones para gatos, pelotas para gatos y mucho m\u00e1s. Juguetes divertidos y seguros que aportan alegr\u00eda a las mascotas y tranquilidad a sus due\u00f1os.<\/p>\n<\/div>\n<\/div>\n\n\n\n<div class=\"wp-block-columns has-2-columns is-layout-flex wp-container-core-columns-is-layout-9d6595d7 wp-block-columns-is-layout-flex\">\n<div class=\"wp-block-column is-layout-flow wp-block-column-is-layout-flow\">\n<p>Nuestros productos est\u00e1n disponibles a trav\u00e9s de nuestras tiendas oficiales de la marca Amazon en Estados Unidos, Reino Unido, Alemania, Francia, Canad\u00e1 y Jap\u00f3n.<br>Disfruta de la rapidez y comodidad de la entrega Amazon Prime en todo el mundo.<\/p>\n<\/div>\n\n\n\n<div class=\"wp-block-column is-layout-flow wp-block-column-is-layout-flow\">\n<p>En Chiwava\u2122, nos comprometemos a fabricar juguetes seguros, duraderos y respetuosos con el medio ambiente, porque tu amigo peludo no se merece menos.<br>Como orgullosa \"antigua marca de Amazon\", llevamos una d\u00e9cada y m\u00e1s haciendo mover la cola y ronroneando en hogares de todo el mundo.<\/p>\n<\/div>\n<\/div>\n\n\n\n<div class=\"wp-block-button is-style-default aligncenter\"><a class=\"wp-block-button__link wp-element-button\" href=\"https:\/\/www.chiwava.com\/es\/contacto\/\">cont\u00e1ctenos obtener m\u00e1s<\/a><\/div>","protected":false},"excerpt":{"rendered":"<p>Chiwava\u2122\ufe0f es una marca de juguetes para mascotas. Dise\u00f1amos y vendemos juguetes chirriantes de goma de l\u00e1tex para perros, ratones de juguete para gatos, pelotas de juguete para gatos, etc. Chiwava\u2122 es una marca de juguetes para mascotas de confianza con m\u00e1s de 10 a\u00f1os de experiencia.<span class=\"more-button\"><a href=\"https:\/\/www.chiwava.com\/es\/acerca-de-nosotros\/\" class=\"more-link\">Continuar<span class=\"screen-reader-text\">Sobre nosotros<\/span><\/a><\/span><\/p>","protected":false},"author":1,"featured_media":0,"parent":0,"menu_order":0,"comment_status":"closed","ping_status":"closed","template":"","meta":{"footnotes":""},"class_list":["post-59","page","type-page","status-publish","hentry"],"_links":{"self":[{"href":"https:\/\/www.chiwava.com\/es\/wp-json\/wp\/v2\/pages\/59","targetHints":{"allow":["GET"]}}],"collection":[{"href":"https:\/\/www.chiwava.com\/es\/wp-json\/wp\/v2\/pages"}],"about":[{"href":"https:\/\/www.chiwava.com\/es\/wp-json\/wp\/v2\/types\/page"}],"author":[{"embeddable":true,"href":"https:\/\/www.chiwava.com\/es\/wp-json\/wp\/v2\/users\/1"}],"replies":[{"embeddable":true,"href":"https:\/\/www.chiwava.com\/es\/wp-json\/wp\/v2\/comments?post=59"}],"version-history":[{"count":14,"href":"https:\/\/www.chiwava.com\/es\/wp-json\/wp\/v2\/pages\/59\/revisions"}],"predecessor-version":[{"id":78053,"href":"https:\/\/www.chiwava.com\/es\/wp-json\/wp\/v2\/pages\/59\/revisions\/78053"}],"wp:attachment":[{"href":"https:\/\/www.chiwava.com\/es\/wp-json\/wp\/v2\/media?parent=59"}],"curies":[{"name":"wp","href":"https:\/\/api.w.org\/{rel}","templated":true}]}}