{"id":7965,"date":"2021-03-23T07:19:17","date_gmt":"2021-03-23T07:19:17","guid":{"rendered":"https:\/\/www.chiwava.com\/?post_type=product&#038;p=7965"},"modified":"2025-10-10T06:46:10","modified_gmt":"2025-10-10T06:46:10","slug":"dtl21004","status":"publish","type":"product","link":"https:\/\/www.chiwava.com\/de\/produkt\/dtl21004\/","title":{"rendered":"Chiwava 3er-Pack 2,7&quot; Latex Quietschende Hundespielzeugb\u00e4lle Smiley Gesicht Runde B\u00e4lle"},"content":{"rendered":"<p>Chiwava Round Smile Balls bestehen aus Naturlatex. UNGIFTIG. Die Spielzeugbeschichtung f\u00fchlt sich angenehm an und ist weich und leicht zu reinigen. haben einen kleinen Lautsprecher, der beim Dr\u00fccken einen attraktiven Klang erzeugt. Kann f\u00fcr den Innen- und Au\u00dfenbereich verwendet werden. Leicht und einfach mit nach drau\u00dfen zu nehmen. Es ist ein Spielzeug, das Sie spielen k\u00f6nnen, indem Sie es wegwerfen oder miteinander spielen.<\/p>","protected":false},"excerpt":{"rendered":"<p><a href=\"https:\/\/www.chiwava.com\/de\/markenshop\/\"><img loading=\"lazy\" decoding=\"async\" class=\"alignnone size-medium wp-image-94\" src=\"https:\/\/www.chiwava.com\/wp-content\/uploads\/2019\/06\/Amazon-300x73.png\" alt=\"\" width=\"300\" height=\"73\" srcset=\"https:\/\/www.chiwava.com\/wp-content\/uploads\/2019\/06\/Amazon-300x73.png 300w, https:\/\/www.chiwava.com\/wp-content\/uploads\/2019\/06\/Amazon.png 364w\" sizes=\"auto, (max-width: 300px) 100vw, 300px\" \/>\u00a0\u00a0<\/a><\/p>\n<p>Chiwava 4er-Pack Quietsch-Latex-Hundespielzeug, lustiges Braunb\u00e4r-Set, interaktives Spiel f\u00fcr kleine und mittelgro\u00dfe Hunde<\/p>\n<p>\u2764 Hergestellt aus Naturkautschuklatex, ungiftig.<br \/>\n\u2764 Weich, Squeeze Squeak, runder Smiley-Ball, gef\u00fcllt gef\u00fcllt.<br \/>\n\u2764 Interaktives Kauger\u00e4usch f\u00fcr Hunde und Apportieren im Freien.<br \/>\n\u2764 Enth\u00e4lt 3 verschiedene Gesichtsausdrucksb\u00e4lle, ideal zum Apportieren, Werfen und H\u00fcpfen.<br \/>\n\u2764 Geeignet f\u00fcr kleine Hunde \u2013 weniger als 11 kg (24,25 lb). \u2026 <span class=\"more-button\"><a href=\"https:\/\/www.chiwava.com\/de\/produkt\/dtl21004\/\" class=\"more-link\">Fortsetzen<span class=\"screen-reader-text\">Chiwava 3er-Pack 2,7&quot; Latex Quietschende Hundespielzeugb\u00e4lle Smiley Gesicht Runde B\u00e4lle<\/span><\/a><\/span><\/p>","protected":false},"featured_media":75566,"template":"","meta":[],"product_brand":[],"product_cat":[16,286,15],"product_tag":[162,163,59,58],"class_list":{"0":"post-7965","1":"product","2":"type-product","3":"status-publish","4":"has-post-thumbnail","6":"product_cat-dog_toys","7":"product_cat-latex-dog-toys","8":"product_cat-pet_toys","9":"product_tag-dog-ball","10":"product_tag-face-ball-dog-toy","11":"product_tag-interactive-dog-toy","12":"product_tag-squeak-dog-toy","14":"first","15":"instock","16":"shipping-taxable","17":"product-type-simple"},"_links":{"self":[{"href":"https:\/\/www.chiwava.com\/de\/wp-json\/wp\/v2\/product\/7965","targetHints":{"allow":["GET"]}}],"collection":[{"href":"https:\/\/www.chiwava.com\/de\/wp-json\/wp\/v2\/product"}],"about":[{"href":"https:\/\/www.chiwava.com\/de\/wp-json\/wp\/v2\/types\/product"}],"wp:featuredmedia":[{"embeddable":true,"href":"https:\/\/www.chiwava.com\/de\/wp-json\/wp\/v2\/media\/75566"}],"wp:attachment":[{"href":"https:\/\/www.chiwava.com\/de\/wp-json\/wp\/v2\/media?parent=7965"}],"wp:term":[{"taxonomy":"product_brand","embeddable":true,"href":"https:\/\/www.chiwava.com\/de\/wp-json\/wp\/v2\/product_brand?post=7965"},{"taxonomy":"product_cat","embeddable":true,"href":"https:\/\/www.chiwava.com\/de\/wp-json\/wp\/v2\/product_cat?post=7965"},{"taxonomy":"product_tag","embeddable":true,"href":"https:\/\/www.chiwava.com\/de\/wp-json\/wp\/v2\/product_tag?post=7965"}],"curies":[{"name":"wp","href":"https:\/\/api.w.org\/{rel}","templated":true}]}}