{"id":7963,"date":"2021-03-23T07:16:26","date_gmt":"2021-03-23T07:16:26","guid":{"rendered":"https:\/\/www.chiwava.com\/?post_type=product&#038;p=7963"},"modified":"2025-10-10T06:46:11","modified_gmt":"2025-10-10T06:46:11","slug":"dtl21003-2st","status":"publish","type":"product","link":"https:\/\/www.chiwava.com\/de\/produkt\/dtl21003-2st\/","title":{"rendered":"Chiwava 2 Pack 6\u2033 Quietschende Latex Hundespielzeug B\u00e4lle Fu\u00dfball Rugby"},"content":{"rendered":"<p>Chiwava Fu\u00dfball-Rugby-Hundespielzeuge sind aus Latex, ungiftig. Gef\u00fcllte gef\u00fcllte Spielzeuge werden im Set mit 2 braunen Fu\u00dfball-Rugbys geliefert, die einen kleinen Quietscher haben, der beim Dr\u00fccken ein Quietschger\u00e4usch erzeugt. Ideal zum Apportieren, Werfen und Werfen von Spielzeug. Hilft, \u00fcbersch\u00fcssige Energie freizusetzen und Langeweile zu reduzieren. Perfekt f\u00fcr interaktive Spiele, um Ihre Beziehung zu Ihren Haustieren zu verbessern.<\/p>","protected":false},"excerpt":{"rendered":"<p><a href=\"https:\/\/www.chiwava.com\/de\/markenshop\/\"><img loading=\"lazy\" decoding=\"async\" class=\"alignnone size-medium wp-image-94\" src=\"https:\/\/www.chiwava.com\/wp-content\/uploads\/2019\/06\/Amazon-300x73.png\" alt=\"\" width=\"300\" height=\"73\" srcset=\"https:\/\/www.chiwava.com\/wp-content\/uploads\/2019\/06\/Amazon-300x73.png 300w, https:\/\/www.chiwava.com\/wp-content\/uploads\/2019\/06\/Amazon.png 364w\" sizes=\"auto, (max-width: 300px) 100vw, 300px\" \/>\u00a0\u00a0<\/a><\/p>\n<p>Chiwava 2 Pack 6\u2033 Quietschendes Latex-Hundespielzeug B\u00e4lle Fu\u00dfball Rugby Fetch Interaktives Spielzeug f\u00fcr mittelgro\u00dfe Hunde<\/p>\n<p>\u2764 Hergestellt aus Naturkautschuklatex, ungiftig.<br \/>\n\u2764 Weich, machen beim Dr\u00fccken quietschende Ger\u00e4usche, klassisches Fu\u00dfball-Rugby-Design, mit Pl\u00fcsch gef\u00fcllt.<br \/>\n\u2764 Ideal f\u00fcr stundenlangen Zug- und Wurfspa\u00df, reduziert Langeweile.<br \/>\n\u2764 Perfekt zum Apportieren und Lehren neuer F\u00e4higkeiten f\u00fcr Ihren Hund, Erh\u00f6hen Sie die bessere Freundschaft zwischen Ihnen und Ihrem Hund.<br \/>\n2 St\u00fcck pro Set, geeignet f\u00fcr mittelgro\u00dfe und gro\u00dfe Hunde von 10 bis 40 kg. \u2026 <span class=\"more-button\"><a href=\"https:\/\/www.chiwava.com\/de\/produkt\/dtl21003-2st\/\" class=\"more-link\">Fortsetzen<span class=\"screen-reader-text\">Chiwava 2 Pack 6\u2033 Quietschende Latex Hundespielzeug B\u00e4lle Fu\u00dfball Rugby<\/span><\/a><\/span><\/p>","protected":false},"featured_media":15198,"template":"","meta":[],"product_brand":[],"product_cat":[16,286,15],"product_tag":[160,161,58],"class_list":{"0":"post-7963","1":"product","2":"type-product","3":"status-publish","4":"has-post-thumbnail","6":"product_cat-dog_toys","7":"product_cat-latex-dog-toys","8":"product_cat-pet_toys","9":"product_tag-dog-toy-ball","10":"product_tag-football","11":"product_tag-squeak-dog-toy","13":"first","14":"instock","15":"shipping-taxable","16":"product-type-simple"},"_links":{"self":[{"href":"https:\/\/www.chiwava.com\/de\/wp-json\/wp\/v2\/product\/7963","targetHints":{"allow":["GET"]}}],"collection":[{"href":"https:\/\/www.chiwava.com\/de\/wp-json\/wp\/v2\/product"}],"about":[{"href":"https:\/\/www.chiwava.com\/de\/wp-json\/wp\/v2\/types\/product"}],"wp:featuredmedia":[{"embeddable":true,"href":"https:\/\/www.chiwava.com\/de\/wp-json\/wp\/v2\/media\/15198"}],"wp:attachment":[{"href":"https:\/\/www.chiwava.com\/de\/wp-json\/wp\/v2\/media?parent=7963"}],"wp:term":[{"taxonomy":"product_brand","embeddable":true,"href":"https:\/\/www.chiwava.com\/de\/wp-json\/wp\/v2\/product_brand?post=7963"},{"taxonomy":"product_cat","embeddable":true,"href":"https:\/\/www.chiwava.com\/de\/wp-json\/wp\/v2\/product_cat?post=7963"},{"taxonomy":"product_tag","embeddable":true,"href":"https:\/\/www.chiwava.com\/de\/wp-json\/wp\/v2\/product_tag?post=7963"}],"curies":[{"name":"wp","href":"https:\/\/api.w.org\/{rel}","templated":true}]}}