{"id":7962,"date":"2021-03-23T07:12:52","date_gmt":"2021-03-23T07:12:52","guid":{"rendered":"https:\/\/www.chiwava.com\/?post_type=product&#038;p=7962"},"modified":"2025-10-10T06:46:12","modified_gmt":"2025-10-10T06:46:12","slug":"dtl21002","status":"publish","type":"product","link":"https:\/\/www.chiwava.com\/de\/produkt\/dtl21002\/","title":{"rendered":"Chiwava 4 Pack Squeak Latex Hundespielzeug Lustige Braunb\u00e4r-Sets"},"content":{"rendered":"<p>Chiwava-Spielzeuge sind aus Latex, ungiftig. Gef\u00fcllt Gef\u00fcllt. Die Spielzeugbeschichtung f\u00fchlt sich angenehm an und ist weich und leicht zu reinigen. Das Spielzeug wird im 4er-Set Braunb\u00e4ren mit lustigen unterschiedlichen Formen geliefert (langer Stabb\u00e4r, eif\u00f6rmiger B\u00e4r, Bowlingkugel-f\u00f6rmiger B\u00e4r und runder B\u00e4r). haben einen kleinen Quietscher, der quietscht, wenn Sie ihn dr\u00fccken. Ideal f\u00fcr Apportieren, Werfen, Schleppen und interaktives Spielzeug.<\/p>","protected":false},"excerpt":{"rendered":"<p><a href=\"https:\/\/www.chiwava.com\/de\/markenshop\/\"><img loading=\"lazy\" decoding=\"async\" class=\"alignnone size-medium wp-image-94\" src=\"https:\/\/www.chiwava.com\/wp-content\/uploads\/2019\/06\/Amazon-300x73.png\" alt=\"\" width=\"300\" height=\"73\" srcset=\"https:\/\/www.chiwava.com\/wp-content\/uploads\/2019\/06\/Amazon-300x73.png 300w, https:\/\/www.chiwava.com\/wp-content\/uploads\/2019\/06\/Amazon.png 364w\" sizes=\"auto, (max-width: 300px) 100vw, 300px\" \/>\u00a0\u00a0<\/a><\/p>\n<p>Chiwava 4er-Pack Quietsch-Latex-Hundespielzeug, lustiges Braunb\u00e4r-Set, interaktives Spiel f\u00fcr kleine und mittelgro\u00dfe Hunde<\/p>\n<p>\u2764 Hergestellt aus Naturkautschuklatex, ungiftig.<br \/>\n\u2764 Weich, Squeeze Squeak, lustige Braunb\u00e4renfamilie, Pl\u00fcsch gef\u00fcllt.<br \/>\n\u2764 4er-Pack Lustiges Braunb\u00e4ren-Spielzeugset, langer Stabb\u00e4r, eif\u00f6rmiger B\u00e4r, Bowlingkugel-B\u00e4r und runder B\u00e4r.<br \/>\n\u2764 Ideal zum Apportieren, Werfen, Schleppen und interaktiven Spielzeug, reduziert die Langeweile Ihrer Haustiere und bringt Spa\u00df.<br \/>\n\u2764 Geeignet f\u00fcr kleine Hunde \u2013 weniger als 11 kg (24,25 lb). \u2026 <span class=\"more-button\"><a href=\"https:\/\/www.chiwava.com\/de\/produkt\/dtl21002\/\" class=\"more-link\">Fortsetzen<span class=\"screen-reader-text\">Chiwava 4 Pack Squeak Latex Hundespielzeug Lustige Braunb\u00e4r-Sets<\/span><\/a><\/span><\/p>","protected":false},"featured_media":77011,"template":"","meta":[],"product_brand":[],"product_cat":[16,286,15],"product_tag":[59,21,58],"class_list":{"0":"post-7962","1":"product","2":"type-product","3":"status-publish","4":"has-post-thumbnail","6":"product_cat-dog_toys","7":"product_cat-latex-dog-toys","8":"product_cat-pet_toys","9":"product_tag-interactive-dog-toy","10":"product_tag-latex-dog-toys","11":"product_tag-squeak-dog-toy","13":"first","14":"instock","15":"shipping-taxable","16":"product-type-simple"},"_links":{"self":[{"href":"https:\/\/www.chiwava.com\/de\/wp-json\/wp\/v2\/product\/7962","targetHints":{"allow":["GET"]}}],"collection":[{"href":"https:\/\/www.chiwava.com\/de\/wp-json\/wp\/v2\/product"}],"about":[{"href":"https:\/\/www.chiwava.com\/de\/wp-json\/wp\/v2\/types\/product"}],"wp:featuredmedia":[{"embeddable":true,"href":"https:\/\/www.chiwava.com\/de\/wp-json\/wp\/v2\/media\/77011"}],"wp:attachment":[{"href":"https:\/\/www.chiwava.com\/de\/wp-json\/wp\/v2\/media?parent=7962"}],"wp:term":[{"taxonomy":"product_brand","embeddable":true,"href":"https:\/\/www.chiwava.com\/de\/wp-json\/wp\/v2\/product_brand?post=7962"},{"taxonomy":"product_cat","embeddable":true,"href":"https:\/\/www.chiwava.com\/de\/wp-json\/wp\/v2\/product_cat?post=7962"},{"taxonomy":"product_tag","embeddable":true,"href":"https:\/\/www.chiwava.com\/de\/wp-json\/wp\/v2\/product_tag?post=7962"}],"curies":[{"name":"wp","href":"https:\/\/api.w.org\/{rel}","templated":true}]}}