{"id":77743,"date":"2024-11-11T09:03:39","date_gmt":"2024-11-11T09:03:39","guid":{"rendered":"https:\/\/www.chiwava.com\/?post_type=product&#038;p=77743"},"modified":"2025-04-09T06:06:35","modified_gmt":"2025-04-09T06:06:35","slug":"ctm00150-27stuck","status":"publish","type":"product","link":"https:\/\/www.chiwava.com\/de\/produkt\/ctm00150-27stuck\/","title":{"rendered":"Chiwava 27PCS gestreifte zottelige Katze Spielzeug M\u00e4use mit Rassel Assorted kleine Maus interaktive Spiel f\u00fcr Indoor-Katzen Mix Farbe"},"content":{"rendered":"<p>Die gestreiften zotteligen Katzenm\u00e4use von Chiwava sollen Katzen unterhalten und gleichzeitig ihren nat\u00fcrlichen Jagdinstinkt anregen. Weiche Baumwolle au\u00dfen, Kunststoff innen. 27PCS pro Box, drei M\u00e4use mit verschiedenen Formen verwendet wurden, zieht Ihre Katzen und ermutigt erweiterte play.Each Maus enth\u00e4lt kleine Steine im Inneren, die ein Rasselger\u00e4usch erzeugt, wenn gesch\u00fcttelt oder schlug, ideal f\u00fcr Katzen, die Ger\u00e4usche machen Spielzeug, das Neugier und excitement.Small und leicht, diese M\u00e4use sind einfach f\u00fcr Katzen zu werfen, bat, oder tragen in ihrem Mund. halten Sie Ihre Katze unterhalten und aktiv.Helps reduzieren Langeweile und destruktiven Verhaltensweisen bei Hauskatzen.<\/p>","protected":false},"excerpt":{"rendered":"<p><a href=\"https:\/\/www.chiwava.com\/de\/markenshop\/\"><img loading=\"lazy\" decoding=\"async\" class=\"alignnone size-medium wp-image-94\" src=\"https:\/\/www.chiwava.com\/wp-content\/uploads\/2019\/06\/Amazon-300x73.png\" alt=\"\" width=\"300\" height=\"73\" srcset=\"https:\/\/www.chiwava.com\/wp-content\/uploads\/2019\/06\/Amazon-300x73.png 300w, https:\/\/www.chiwava.com\/wp-content\/uploads\/2019\/06\/Amazon.png 364w\" sizes=\"auto, (max-width: 300px) 100vw, 300px\" \/><\/a><\/p>\n<p>Chiwava 27PCS gestreifte zottelige Katze Spielzeug M\u00e4use mit Rassel Assorted kleine Maus<\/p>\n<ul>\n<li>Dieses Spielzeug ist innen aus Plastik und mit einem weichen Baumwollfaden \u00fcberzogen.<\/li>\n<li>Jede Maus enth\u00e4lt eine kleine Rassel, die das Interesse Ihrer Katze weckt, damit sie aktiv bleibt, sich bewegt und sich nicht langweilt.<\/li>\n<li>Drei verschiedene M\u00e4use bieten Abwechslung und fesseln die Aufmerksamkeit Ihrer Katze. Ideal f\u00fcr Katzen zum Schlagen, Tragen oder Jagen.<\/li>\n<li>Kompakt und tragbar, so dass die Katze es im Maul tragen kann, um das Beuteverhalten nachzuahmen. Hilft, ihren Raubtierinstinkt in einer sicheren und kontrollierten Umgebung auszuleben.<\/li>\n<li>Paket: 27PCS pro Box, geeignet f\u00fcr interaktive Haushalte Indoor und Aktivit\u00e4t Spielzeug.<\/li>\n<\/ul>\n<p> \u2026 <span class=\"more-button\"><a href=\"https:\/\/www.chiwava.com\/de\/produkt\/ctm00150-27stuck\/\" class=\"more-link\">Fortsetzen<span class=\"screen-reader-text\">Chiwava 27PCS gestreifte zottelige Katze Spielzeug M\u00e4use mit Rassel Assorted kleine Maus interaktive Spiel f\u00fcr Indoor-Katzen Mix Farbe<\/span><\/a><\/span><\/p>","protected":false},"featured_media":77852,"template":"","meta":[],"product_brand":[],"product_cat":[17,15],"product_tag":[285,50,284],"class_list":{"0":"post-77743","1":"product","2":"type-product","3":"status-publish","4":"has-post-thumbnail","6":"product_cat-cat_toys","7":"product_cat-pet_toys","8":"product_tag-moppy-cat-toys-mice","9":"product_tag-rattle-cat-toys-mice","10":"product_tag-shaggy-cat-toy-mice","12":"first","13":"instock","14":"shipping-taxable","15":"product-type-simple"},"_links":{"self":[{"href":"https:\/\/www.chiwava.com\/de\/wp-json\/wp\/v2\/product\/77743","targetHints":{"allow":["GET"]}}],"collection":[{"href":"https:\/\/www.chiwava.com\/de\/wp-json\/wp\/v2\/product"}],"about":[{"href":"https:\/\/www.chiwava.com\/de\/wp-json\/wp\/v2\/types\/product"}],"wp:featuredmedia":[{"embeddable":true,"href":"https:\/\/www.chiwava.com\/de\/wp-json\/wp\/v2\/media\/77852"}],"wp:attachment":[{"href":"https:\/\/www.chiwava.com\/de\/wp-json\/wp\/v2\/media?parent=77743"}],"wp:term":[{"taxonomy":"product_brand","embeddable":true,"href":"https:\/\/www.chiwava.com\/de\/wp-json\/wp\/v2\/product_brand?post=77743"},{"taxonomy":"product_cat","embeddable":true,"href":"https:\/\/www.chiwava.com\/de\/wp-json\/wp\/v2\/product_cat?post=77743"},{"taxonomy":"product_tag","embeddable":true,"href":"https:\/\/www.chiwava.com\/de\/wp-json\/wp\/v2\/product_tag?post=77743"}],"curies":[{"name":"wp","href":"https:\/\/api.w.org\/{rel}","templated":true}]}}