{"id":77699,"date":"2024-11-01T07:23:20","date_gmt":"2024-11-01T07:23:20","guid":{"rendered":"https:\/\/www.chiwava.com\/?post_type=product&#038;p=77699"},"modified":"2025-04-09T03:07:59","modified_gmt":"2025-04-09T03:07:59","slug":"chiwava-pelzige-katzen-spielzeugmause","status":"publish","type":"product","link":"https:\/\/www.chiwava.com\/de\/produkt\/chiwava-pelzige-katzen-spielzeugmause\/","title":{"rendered":"Chiwava 36PCS Candy Farbe pelzigen M\u00e4use Katze Spielzeug Rassel Maus K\u00e4tzchen interaktives Spielzeug sortierte Farbe"},"content":{"rendered":"<p>Die Chiwava Candy Color Cat Toy M\u00e4use sind ein verspieltes Spielzeug, das Katzen zum lustigen, interaktiven Spielen animiert. Au\u00dfen pelzig, innen aus Kunststoff. 36 St\u00fcck pro Schachtel, Im Gegensatz zu herk\u00f6mmlichen Spielzeugm\u00e4usen haben diese M\u00e4use ein einfaches Design ohne Augen. Diese Spielzeuge sind sicher f\u00fcr Katzen, ohne das Risiko, lose Teile wie Plastikaugen zu verschlucken. Jede Maus enth\u00e4lt kleine Steine im Inneren, die beim Sch\u00fctteln oder Schlagen ein rasselndes Ger\u00e4usch erzeugen, das die Neugier der Katze anspricht und ihre Aufmerksamkeit erregt. Ideal f\u00fcr Flederm\u00e4use, Verfolgungsjagden, H\u00fcpfspiele und interaktives Spielzeug. Es ist eine gute Wahl f\u00fcr Katzen, die minimalistische Designs mit verschiedenen Farben m\u00f6gen, und bietet stundenlangen Spielspa\u00df und geistige Stimulation.<\/p>","protected":false},"excerpt":{"rendered":"<p><a href=\"https:\/\/www.chiwava.com\/de\/markenshop\/\"><img loading=\"lazy\" decoding=\"async\" class=\"alignnone size-medium wp-image-94\" src=\"https:\/\/www.chiwava.com\/wp-content\/uploads\/2019\/06\/Amazon-300x73.png\" alt=\"\" width=\"300\" height=\"73\" srcset=\"https:\/\/www.chiwava.com\/wp-content\/uploads\/2019\/06\/Amazon-300x73.png 300w, https:\/\/www.chiwava.com\/wp-content\/uploads\/2019\/06\/Amazon.png 364w\" sizes=\"auto, (max-width: 300px) 100vw, 300px\" \/><\/a><\/p>\n<p>Chiwava 36PCS Candy Farbe pelzigen M\u00e4use Katze Spielzeug Rassel Maus K\u00e4tzchen interaktives Spielzeug sortierte Farbe<\/p>\n<ul>\n<li>Pelziges Kunstfell M\u00e4use au\u00dfen und Kunststoff innen. bietet eine gute Textur f\u00fcr Katzen zu schlagen, kauen, und tragen.<\/li>\n<li>Jede Maus enth\u00e4lt eine kleine Rassel, die ein rasselndes Ger\u00e4usch erzeugt, wenn sie gesch\u00fcttelt oder geschlagen wird. Das lockt Ihre Katze an und f\u00f6rdert eine l\u00e4ngere Spielzeit.<\/li>\n<li>Gefertigt mit sicheren N\u00e4hten, augenfreiem Design, sicher f\u00fcr Katzen, keine losen Teile.<\/li>\n<li>Verschiedene Candy Color M\u00e4use, um das Interesse und die Spannung w\u00e4hrend des Spiels weiter zu erh\u00f6hen.<\/li>\n<li>36 St\u00fcck pro Box, ideal als Fledermaus-, Bei\u00df- und Aktivit\u00e4tsspielzeug. Stimulieren Sie die nat\u00fcrlichen Jagdinstinkte Ihrer Katze.<\/li>\n<\/ul>\n<p> \u2026 <span class=\"more-button\"><a href=\"https:\/\/www.chiwava.com\/de\/produkt\/chiwava-pelzige-katzen-spielzeugmause\/\" class=\"more-link\">Fortsetzen<span class=\"screen-reader-text\">Chiwava 36PCS Candy Farbe pelzigen M\u00e4use Katze Spielzeug Rassel Maus K\u00e4tzchen interaktives Spielzeug sortierte Farbe<\/span><\/a><\/span><\/p>","protected":false},"featured_media":77741,"template":"","meta":[],"product_brand":[],"product_cat":[17,15],"product_tag":[25,242,50],"class_list":{"0":"post-77699","1":"product","2":"type-product","3":"status-publish","4":"has-post-thumbnail","6":"product_cat-cat_toys","7":"product_cat-pet_toys","8":"product_tag-cat-toys-mice","9":"product_tag-fur-cat-toy-mice","10":"product_tag-rattle-cat-toys-mice","12":"first","13":"instock","14":"shipping-taxable","15":"product-type-grouped"},"_links":{"self":[{"href":"https:\/\/www.chiwava.com\/de\/wp-json\/wp\/v2\/product\/77699","targetHints":{"allow":["GET"]}}],"collection":[{"href":"https:\/\/www.chiwava.com\/de\/wp-json\/wp\/v2\/product"}],"about":[{"href":"https:\/\/www.chiwava.com\/de\/wp-json\/wp\/v2\/types\/product"}],"wp:featuredmedia":[{"embeddable":true,"href":"https:\/\/www.chiwava.com\/de\/wp-json\/wp\/v2\/media\/77741"}],"wp:attachment":[{"href":"https:\/\/www.chiwava.com\/de\/wp-json\/wp\/v2\/media?parent=77699"}],"wp:term":[{"taxonomy":"product_brand","embeddable":true,"href":"https:\/\/www.chiwava.com\/de\/wp-json\/wp\/v2\/product_brand?post=77699"},{"taxonomy":"product_cat","embeddable":true,"href":"https:\/\/www.chiwava.com\/de\/wp-json\/wp\/v2\/product_cat?post=77699"},{"taxonomy":"product_tag","embeddable":true,"href":"https:\/\/www.chiwava.com\/de\/wp-json\/wp\/v2\/product_tag?post=77699"}],"curies":[{"name":"wp","href":"https:\/\/api.w.org\/{rel}","templated":true}]}}