{"id":77637,"date":"2024-10-10T07:40:39","date_gmt":"2024-10-10T07:40:39","guid":{"rendered":"https:\/\/www.chiwava.com\/?post_type=product&#038;p=77637"},"modified":"2025-04-09T03:03:03","modified_gmt":"2025-04-09T03:03:03","slug":"dtl24001","status":"publish","type":"product","link":"https:\/\/www.chiwava.com\/de\/produkt\/dtl24001\/","title":{"rendered":"CHIWAVA 3-teiliges 2,6-Zoll-Hundespielzeugset aus lustigem K\u00fcrbislatex, interaktives Spiel f\u00fcr kleine Hunde"},"content":{"rendered":"<p>Chiwava Pumpkin Hundespielzeug ist aus nat\u00fcrlichem Latex hergestellt. UNGIFTIG. Die Beschichtung des Spielzeugs ist angenehm zu ber\u00fchren und weich, keine F\u00fcllung im Inneren. Die leuchtend orange Farbe und der niedliche Gesichtsausdruck tragen zu seiner Attraktivit\u00e4t bei. Das Spielzeug ist ideal f\u00fcr Halloween und verf\u00fcgt \u00fcber einen eingebauten Quietscher, der einen lustigen Ton von sich gibt, wenn man ihn dr\u00fcckt oder bei\u00dft. Squeaky Interaktive Spielzeug sind sicher Ihr Haustier zu kauen und Fetch Play.<\/p>","protected":false},"excerpt":{"rendered":"<p><a href=\"https:\/\/www.chiwava.com\/de\/markenshop\/\"><img loading=\"lazy\" decoding=\"async\" class=\"alignnone size-medium wp-image-94\" src=\"https:\/\/www.chiwava.com\/wp-content\/uploads\/2019\/06\/Amazon-300x73.png\" alt=\"\" width=\"300\" height=\"73\" srcset=\"https:\/\/www.chiwava.com\/wp-content\/uploads\/2019\/06\/Amazon-300x73.png 300w, https:\/\/www.chiwava.com\/wp-content\/uploads\/2019\/06\/Amazon.png 364w\" sizes=\"auto, (max-width: 300px) 100vw, 300px\" \/><\/a><\/p>\n<p>CHIWAVA 3-teiliges 2,6-Zoll-Hundespielzeugset aus lustigem K\u00fcrbislatex, interaktives Spiel f\u00fcr kleine Hunde<\/p>\n<p>\u2764 Hergestellt aus Naturlatex-Kautschuk, ungiftig.<br \/>\n\u2764 Weich, Squeeze Squeak, Lustiger K\u00fcrbis mit unterschiedlichem Gesichtsausdruck, keine F\u00fcllung.<br \/>\n\u2764 Das leichte und federnde Spielzeug l\u00e4sst sich leicht werfen und eignet sich hervorragend f\u00fcr Apportierspiele im Innen- und Au\u00dfenbereich.<br \/>\n\u2764 Enth\u00e4lt 3 verschiedene lustige Ausdr\u00fccke, die Ihren Welpen besch\u00e4ftigen und unterhalten.<br \/>\n\u2764 Geeignet f\u00fcr kleine Hunde \u2013 weniger als 11 kg (24,25 lb). \u2026 <span class=\"more-button\"><a href=\"https:\/\/www.chiwava.com\/de\/produkt\/dtl24001\/\" class=\"more-link\">Fortsetzen<span class=\"screen-reader-text\">CHIWAVA 3-teiliges 2,6-Zoll-Hundespielzeugset aus lustigem K\u00fcrbislatex, interaktives Spiel f\u00fcr kleine Hunde<\/span><\/a><\/span><\/p>","protected":false},"featured_media":77639,"template":"","meta":[],"product_brand":[],"product_cat":[16,15],"product_tag":[279,21,58],"class_list":{"0":"post-77637","1":"product","2":"type-product","3":"status-publish","4":"has-post-thumbnail","6":"product_cat-dog_toys","7":"product_cat-pet_toys","8":"product_tag-dog-fetch-toy","9":"product_tag-latex-dog-toys","10":"product_tag-squeak-dog-toy","12":"first","13":"instock","14":"shipping-taxable","15":"product-type-grouped"},"_links":{"self":[{"href":"https:\/\/www.chiwava.com\/de\/wp-json\/wp\/v2\/product\/77637","targetHints":{"allow":["GET"]}}],"collection":[{"href":"https:\/\/www.chiwava.com\/de\/wp-json\/wp\/v2\/product"}],"about":[{"href":"https:\/\/www.chiwava.com\/de\/wp-json\/wp\/v2\/types\/product"}],"wp:featuredmedia":[{"embeddable":true,"href":"https:\/\/www.chiwava.com\/de\/wp-json\/wp\/v2\/media\/77639"}],"wp:attachment":[{"href":"https:\/\/www.chiwava.com\/de\/wp-json\/wp\/v2\/media?parent=77637"}],"wp:term":[{"taxonomy":"product_brand","embeddable":true,"href":"https:\/\/www.chiwava.com\/de\/wp-json\/wp\/v2\/product_brand?post=77637"},{"taxonomy":"product_cat","embeddable":true,"href":"https:\/\/www.chiwava.com\/de\/wp-json\/wp\/v2\/product_cat?post=77637"},{"taxonomy":"product_tag","embeddable":true,"href":"https:\/\/www.chiwava.com\/de\/wp-json\/wp\/v2\/product_tag?post=77637"}],"curies":[{"name":"wp","href":"https:\/\/api.w.org\/{rel}","templated":true}]}}