{"id":77614,"date":"2024-09-25T03:03:56","date_gmt":"2024-09-25T03:03:56","guid":{"rendered":"https:\/\/www.chiwava.com\/?post_type=product&#038;p=77614"},"modified":"2025-04-09T03:03:59","modified_gmt":"2025-04-09T03:03:59","slug":"ctm12007-6stuck","status":"publish","type":"product","link":"https:\/\/www.chiwava.com\/de\/produkt\/ctm12007-6stuck\/","title":{"rendered":"Chiwava 6 STK. 3,1 Zoll langhaarige Pelzm\u00e4use mit Rassel Farbverlauf Kleines Katzenspielzeug Maus Interaktives Spielzeug"},"content":{"rendered":"<p>Die Chiwava Langhaar-Pelzm\u00e4use mit Rassel haben einen lustigen Farbverlauf und sind mit einem weichen, farbenfrohen, langen Fell \u00fcberzogen, das sich realistisch anf\u00fchlt und den Jagdinstinkt der Katze anregt. Im Inneren befindet sich eine versteckte Rassel, die ein Rasselger\u00e4usch erzeugt, wenn das Spielzeug geschlagen oder gesch\u00fcttelt wird, was die Aufmerksamkeit Ihrer Katze erregt und zu spielerischer Interaktion anregt. Die Kombination aus der langen, pelzigen Textur und dem rasselnden Ger\u00e4usch bietet sowohl taktile als auch auditive Stimulation und sorgt daf\u00fcr, dass Katzen unterhalten und geistig besch\u00e4ftigt werden.<\/p>","protected":false},"excerpt":{"rendered":"<p><a href=\"https:\/\/www.chiwava.com\/de\/markenshop\/\"><img loading=\"lazy\" decoding=\"async\" class=\"alignnone size-medium wp-image-94\" src=\"https:\/\/www.chiwava.com\/wp-content\/uploads\/2019\/06\/Amazon-300x73.png\" alt=\"\" width=\"300\" height=\"73\" srcset=\"https:\/\/www.chiwava.com\/wp-content\/uploads\/2019\/06\/Amazon-300x73.png 300w, https:\/\/www.chiwava.com\/wp-content\/uploads\/2019\/06\/Amazon.png 364w\" sizes=\"auto, (max-width: 300px) 100vw, 300px\" \/><\/a><\/p>\n<p>Chiwava 6 STK. 3,1 Zoll langhaarige Pelzm\u00e4use mit Rassel Farbverlauf Kleines Katzenspielzeug Maus Interaktives Spielzeug<\/p>\n<ul>\n<li>Dieses Spielzeug mit Kunststoff innen, es in weichen und langen Fell, Touch Soft abgedeckt.<\/li>\n<li>Jede Maus enth\u00e4lt im Inneren eine kleine Rassel, deren Rasselger\u00e4usch Ihre Katze neugierig und verspielt macht.<\/li>\n<li>Die kompakte Gr\u00f6\u00dfe des Spielzeugs ist perfekt f\u00fcr Katzen, um es im Maul zu tragen oder umherzuschlagen, einfach f\u00fcr Katzen zum Schlagen, Werfen, Jagen und Springen.<\/li>\n<li>Hervorragend geeignet f\u00fcr unabh\u00e4ngiges Spiel, Farbverlaufsdesign, das die Aufmerksamkeit der Katze auf sich zieht und zu aktivem Spiel und Bewegung anregt.<\/li>\n<li>Paket: 6PCS pro Box, geeignet f\u00fcr interaktive Haushalte Indoor und Aktivit\u00e4t Spielzeug.<\/li>\n<\/ul>\n<p> \u2026 <span class=\"more-button\"><a href=\"https:\/\/www.chiwava.com\/de\/produkt\/ctm12007-6stuck\/\" class=\"more-link\">Fortsetzen<span class=\"screen-reader-text\">Chiwava 6 STK. 3,1 Zoll langhaarige Pelzm\u00e4use mit Rassel Farbverlauf Kleines Katzenspielzeug Maus Interaktives Spielzeug<\/span><\/a><\/span><\/p>","protected":false},"featured_media":77662,"template":"","meta":[],"product_brand":[],"product_cat":[17,15],"product_tag":[25,242,50],"class_list":{"0":"post-77614","1":"product","2":"type-product","3":"status-publish","4":"has-post-thumbnail","6":"product_cat-cat_toys","7":"product_cat-pet_toys","8":"product_tag-cat-toys-mice","9":"product_tag-fur-cat-toy-mice","10":"product_tag-rattle-cat-toys-mice","12":"first","13":"instock","14":"shipping-taxable","15":"product-type-grouped"},"_links":{"self":[{"href":"https:\/\/www.chiwava.com\/de\/wp-json\/wp\/v2\/product\/77614","targetHints":{"allow":["GET"]}}],"collection":[{"href":"https:\/\/www.chiwava.com\/de\/wp-json\/wp\/v2\/product"}],"about":[{"href":"https:\/\/www.chiwava.com\/de\/wp-json\/wp\/v2\/types\/product"}],"wp:featuredmedia":[{"embeddable":true,"href":"https:\/\/www.chiwava.com\/de\/wp-json\/wp\/v2\/media\/77662"}],"wp:attachment":[{"href":"https:\/\/www.chiwava.com\/de\/wp-json\/wp\/v2\/media?parent=77614"}],"wp:term":[{"taxonomy":"product_brand","embeddable":true,"href":"https:\/\/www.chiwava.com\/de\/wp-json\/wp\/v2\/product_brand?post=77614"},{"taxonomy":"product_cat","embeddable":true,"href":"https:\/\/www.chiwava.com\/de\/wp-json\/wp\/v2\/product_cat?post=77614"},{"taxonomy":"product_tag","embeddable":true,"href":"https:\/\/www.chiwava.com\/de\/wp-json\/wp\/v2\/product_tag?post=77614"}],"curies":[{"name":"wp","href":"https:\/\/api.w.org\/{rel}","templated":true}]}}