{"id":77613,"date":"2024-09-25T03:03:28","date_gmt":"2024-09-25T03:03:28","guid":{"rendered":"https:\/\/www.chiwava.com\/?post_type=product&#038;p=77613"},"modified":"2025-04-09T03:04:44","modified_gmt":"2025-04-09T03:04:44","slug":"ctm12006-24stuck","status":"publish","type":"product","link":"https:\/\/www.chiwava.com\/de\/produkt\/ctm12006-24stuck\/","title":{"rendered":"Chiwava 24 STK. 2,8 Zoll pelziges Katzenspielzeug in Regenbogenfarben mit Rassel und K\u00e4tzchenmaus, interaktives Spiel"},"content":{"rendered":"<p>Chiwava Regenbogen Farbe pelzigen Rassel Katze Spielzeug M\u00e4use mit Kunstfell au\u00dfen. 24PCS pro Box, jedes Spielzeug haben eine Perlen eine zus\u00e4tzliche Schicht der Aufregung durch eine kleine Rassel im Inneren, so dass sie perfekt f\u00fcr die Neugier einer Katze zu wecken und die F\u00f6rderung der aktiven Spiel. Gro\u00dfartig f\u00fcr interaktives, aktives Katzenspielzeug f\u00fcr den Innenbereich, das den Jagdinstinkt der Katze anregt und sie zum Schlagen, Springen und Jagen des Spielzeugs ermutigt.<\/p>","protected":false},"excerpt":{"rendered":"<p><a href=\"https:\/\/www.chiwava.com\/de\/markenshop\/\"><img loading=\"lazy\" decoding=\"async\" class=\"alignnone size-medium wp-image-94\" src=\"https:\/\/www.chiwava.com\/wp-content\/uploads\/2019\/06\/Amazon-300x73.png\" alt=\"\" width=\"300\" height=\"73\" srcset=\"https:\/\/www.chiwava.com\/wp-content\/uploads\/2019\/06\/Amazon-300x73.png 300w, https:\/\/www.chiwava.com\/wp-content\/uploads\/2019\/06\/Amazon.png 364w\" sizes=\"auto, (max-width: 300px) 100vw, 300px\" \/><\/a><\/p>\n<p>Chiwava 24 STK. 2,8 Zoll pelziges Katzenspielzeug in Regenbogenfarben mit Rassel und K\u00e4tzchenmaus, interaktives Spiel<\/p>\n<ul>\n<li>Au\u00dfen weiches, pelziges Gewebe und innen Kunststoff. Diese Textur ist f\u00fcr Katzen geeignet, um zu greifen, zu schlagen und im Maul zu tragen.<\/li>\n<li>In jeder Maus ist eine kleine Rassel versteckt, die ein rasselndes Ger\u00e4usch erzeugt, das die Aufmerksamkeit der Katze bei jedem Zupacken und Angreifen weckt.<\/li>\n<li>2,8-Zoll-Regenbogenfarbenes M\u00e4usedesign, das die Neugierde der Katze anregt und sie leicht zu erkennen ist.<\/li>\n<li>Perfekt, um Katzen ein aktives Spiel zu bieten und sie geistig zu stimulieren, um ihren Jagdinstinkt zu f\u00f6rdern und Langeweile zu vermeiden.<\/li>\n<li>24 St\u00fcck pro PDQ-Box, die Ihre Katzen unterhalten und besch\u00e4ftigen.<\/li>\n<\/ul>\n<p> \u2026 <span class=\"more-button\"><a href=\"https:\/\/www.chiwava.com\/de\/produkt\/ctm12006-24stuck\/\" class=\"more-link\">Fortsetzen<span class=\"screen-reader-text\">Chiwava 24 STK. 2,8 Zoll pelziges Katzenspielzeug in Regenbogenfarben mit Rassel und K\u00e4tzchenmaus, interaktives Spiel<\/span><\/a><\/span><\/p>","protected":false},"featured_media":77718,"template":"","meta":[],"product_brand":[],"product_cat":[17,15],"product_tag":[25,242,50],"class_list":{"0":"post-77613","1":"product","2":"type-product","3":"status-publish","4":"has-post-thumbnail","6":"product_cat-cat_toys","7":"product_cat-pet_toys","8":"product_tag-cat-toys-mice","9":"product_tag-fur-cat-toy-mice","10":"product_tag-rattle-cat-toys-mice","12":"first","13":"instock","14":"shipping-taxable","15":"product-type-simple"},"_links":{"self":[{"href":"https:\/\/www.chiwava.com\/de\/wp-json\/wp\/v2\/product\/77613","targetHints":{"allow":["GET"]}}],"collection":[{"href":"https:\/\/www.chiwava.com\/de\/wp-json\/wp\/v2\/product"}],"about":[{"href":"https:\/\/www.chiwava.com\/de\/wp-json\/wp\/v2\/types\/product"}],"wp:featuredmedia":[{"embeddable":true,"href":"https:\/\/www.chiwava.com\/de\/wp-json\/wp\/v2\/media\/77718"}],"wp:attachment":[{"href":"https:\/\/www.chiwava.com\/de\/wp-json\/wp\/v2\/media?parent=77613"}],"wp:term":[{"taxonomy":"product_brand","embeddable":true,"href":"https:\/\/www.chiwava.com\/de\/wp-json\/wp\/v2\/product_brand?post=77613"},{"taxonomy":"product_cat","embeddable":true,"href":"https:\/\/www.chiwava.com\/de\/wp-json\/wp\/v2\/product_cat?post=77613"},{"taxonomy":"product_tag","embeddable":true,"href":"https:\/\/www.chiwava.com\/de\/wp-json\/wp\/v2\/product_tag?post=77613"}],"curies":[{"name":"wp","href":"https:\/\/api.w.org\/{rel}","templated":true}]}}