{"id":77106,"date":"2024-06-28T05:25:58","date_gmt":"2024-06-28T05:25:58","guid":{"rendered":"https:\/\/www.chiwava.com\/?post_type=product&#038;p=77106"},"modified":"2025-10-10T06:40:55","modified_gmt":"2025-10-10T06:40:55","slug":"er223-rd","status":"publish","type":"product","link":"https:\/\/www.chiwava.com\/de\/produkt\/er223-rd\/","title":{"rendered":"Chiwava 3,5 Zoll Kauspielzeug mit Leckerli-Spender aus Gummi zur Zahnreinigung f\u00fcr mittelgro\u00dfe und gro\u00dfe Hunde, Farbe Rot"},"content":{"rendered":"<p>Das Kauspielzeug mit Leckerli-Spender aus Gummi ist ein multifunktionales Spielzeug, das Hunde herausfordert und unterh\u00e4lt. Hergestellt aus Naturkautschuk, ungiftig. Dieser Ball kann auf drei Arten pr\u00e4sentiert werden, er kann ge\u00f6ffnet oder geschlossen werden. Er l\u00e4sst sich leicht aufnehmen, apportieren und mit Leckerli-Spendern versorgen. Das Spielzeug hat \u00d6ffnungen, in die Sie die Lieblingsleckerli oder das Lieblingstrockenfutter Ihres Hundes einf\u00fchren k\u00f6nnen. W\u00e4hrend Ihr Hund das Spielzeug kaut, spielt oder wirft, werden die Leckerli nach und nach freigegeben. Die strukturierte Oberfl\u00e4che des Spielzeugs hilft dabei, die Z\u00e4hne zu reinigen und das Zahnfleisch zu massieren. Es ist eine gute Wahl, um Hunde zu besch\u00e4ftigen, Langeweile zu vermeiden und ihnen Spa\u00df beim Genie\u00dfen ihrer Leckerli zu bieten.<\/p>","protected":false},"excerpt":{"rendered":"<p><a href=\"https:\/\/www.chiwava.com\/de\/markenshop\/\"><img loading=\"lazy\" decoding=\"async\" class=\"alignnone size-medium wp-image-94\" src=\"https:\/\/www.chiwava.com\/wp-content\/uploads\/2019\/06\/Amazon-300x73.png\" alt=\"\" width=\"300\" height=\"73\" srcset=\"https:\/\/www.chiwava.com\/wp-content\/uploads\/2019\/06\/Amazon-300x73.png 300w, https:\/\/www.chiwava.com\/wp-content\/uploads\/2019\/06\/Amazon.png 364w\" sizes=\"auto, (max-width: 300px) 100vw, 300px\" \/><\/a><\/p>\n<p>Chiwava 3,5 Zoll Kauspielzeug mit Leckerli-Spender aus Gummi zur Zahnreinigung f\u00fcr mittelgro\u00dfe und gro\u00dfe Hunde, Farbe Rot<\/p>\n<p>\u2764 Aus Naturkautschuk, ungiftig.<br \/>\n\u2764 Dieser Ball kann auf drei Arten pr\u00e4sentiert werden: Er l\u00e4sst sich \u00f6ffnen oder schlie\u00dfen. Er l\u00e4sst sich leicht aufnehmen und zum Reinigen der Z\u00e4hne verwenden.<br \/>\n\u2764 Der Snack kann im ge\u00f6ffneten Zustand hineingelegt werden und im geschlossenen Zustand kann er rollen.<br \/>\n\u2764 Ideal zum Apportieren und Werfen, sorgt f\u00fcr stundenlange Unterhaltung und Bewegung.<br \/>\n\u2764 Geeignet f\u00fcr mittelgro\u00dfe Hunde \u2013 11\u201340 kg (24\u201388,2 lb). Leicht zu reinigen. \u2026 <span class=\"more-button\"><a href=\"https:\/\/www.chiwava.com\/de\/produkt\/er223-rd\/\" class=\"more-link\">Fortsetzen<span class=\"screen-reader-text\">Chiwava 3,5 Zoll Kauspielzeug mit Leckerli-Spender aus Gummi zur Zahnreinigung f\u00fcr mittelgro\u00dfe und gro\u00dfe Hunde, Farbe Rot<\/span><\/a><\/span><\/p>","protected":false},"featured_media":77247,"template":"","meta":[],"product_brand":[],"product_cat":[16,15,287],"product_tag":[279,156,282],"class_list":{"0":"post-77106","1":"product","2":"type-product","3":"status-publish","4":"has-post-thumbnail","6":"product_cat-dog_toys","7":"product_cat-pet_toys","8":"product_cat-rubber-dog-toys","9":"product_tag-dog-fetch-toy","10":"product_tag-rubber-dog-toy","11":"product_tag-treat-dispensing-dog-toy","13":"first","14":"instock","15":"shipping-taxable","16":"product-type-simple"},"_links":{"self":[{"href":"https:\/\/www.chiwava.com\/de\/wp-json\/wp\/v2\/product\/77106","targetHints":{"allow":["GET"]}}],"collection":[{"href":"https:\/\/www.chiwava.com\/de\/wp-json\/wp\/v2\/product"}],"about":[{"href":"https:\/\/www.chiwava.com\/de\/wp-json\/wp\/v2\/types\/product"}],"wp:featuredmedia":[{"embeddable":true,"href":"https:\/\/www.chiwava.com\/de\/wp-json\/wp\/v2\/media\/77247"}],"wp:attachment":[{"href":"https:\/\/www.chiwava.com\/de\/wp-json\/wp\/v2\/media?parent=77106"}],"wp:term":[{"taxonomy":"product_brand","embeddable":true,"href":"https:\/\/www.chiwava.com\/de\/wp-json\/wp\/v2\/product_brand?post=77106"},{"taxonomy":"product_cat","embeddable":true,"href":"https:\/\/www.chiwava.com\/de\/wp-json\/wp\/v2\/product_cat?post=77106"},{"taxonomy":"product_tag","embeddable":true,"href":"https:\/\/www.chiwava.com\/de\/wp-json\/wp\/v2\/product_tag?post=77106"}],"curies":[{"name":"wp","href":"https:\/\/api.w.org\/{rel}","templated":true}]}}