{"id":77105,"date":"2024-06-28T04:01:33","date_gmt":"2024-06-28T04:01:33","guid":{"rendered":"https:\/\/www.chiwava.com\/?post_type=product&#038;p=77105"},"modified":"2025-10-10T06:40:55","modified_gmt":"2025-10-10T06:40:55","slug":"er222-oder","status":"publish","type":"product","link":"https:\/\/www.chiwava.com\/de\/produkt\/er222-oder\/","title":{"rendered":"Chiwava 6,4\u2033 Hundespielzeug mit Gummiring und Snacknapf, Trainings-Apportierspielzeug f\u00fcr gro\u00dfe Hunde, Farbe Orange"},"content":{"rendered":"<p>Das Ring-Hundespielzeug mit Snacknapf ist ein interaktives Spielzeug mit doppeltem Verwendungszweck, das Hunde unterhalten und gleichzeitig eine tolle M\u00f6glichkeit zum Servieren von Leckerlis oder Snacks bietet. Es hat ein ringf\u00f6rmiges Design und ist aus ungiftigem Naturkautschuk hergestellt. Die \u00d6ffnung des Rings dient gleichzeitig als Snacknapf, in den Sie die Lieblingsleckerlis oder Trockenfutter Ihres Hundes geben k\u00f6nnen. Ideal zum Kauen, Werfen, Apportieren oder Tragen des Rings, w\u00e4hrend Sie gleichzeitig Ihre Snacks genie\u00dfen. Es kann beim Reinigen der Z\u00e4hne und Massieren des Zahnfleischs helfen und so die Mundgesundheit w\u00e4hrend des Spielens f\u00f6rdern.<\/p>","protected":false},"excerpt":{"rendered":"<p><a href=\"https:\/\/www.chiwava.com\/de\/markenshop\/\"><img loading=\"lazy\" decoding=\"async\" class=\"alignnone size-medium wp-image-94\" src=\"https:\/\/www.chiwava.com\/wp-content\/uploads\/2019\/06\/Amazon-300x73.png\" alt=\"\" width=\"300\" height=\"73\" srcset=\"https:\/\/www.chiwava.com\/wp-content\/uploads\/2019\/06\/Amazon-300x73.png 300w, https:\/\/www.chiwava.com\/wp-content\/uploads\/2019\/06\/Amazon.png 364w\" sizes=\"auto, (max-width: 300px) 100vw, 300px\" \/><\/a><\/p>\n<p>Chiwava 6,4\u2033 Hundespielzeug mit Gummiring und Snacknapf, Trainings-Apportierspielzeug f\u00fcr gro\u00dfe Hunde, Farbe Orange<\/p>\n<p>\u2764 Aus Naturkautschuk, ungiftig.<br \/>\n\u2764 Die Tasche des Ringf\u00fcllers h\u00e4lt den Ring \u00fcber dem Boden, sodass er leicht aufzuheben, zu kauen und die Z\u00e4hne zu reinigen ist.<br \/>\n\u2764 F\u00fcr noch mehr Spa\u00df k\u00f6nnen Sie Snacks oder Erdnussbutter in die \u00d6ffnung geben.<br \/>\n\u2764 Ideal zum Apportieren und Werfen, sorgt f\u00fcr eine sch\u00f6ne Bindung und Spa\u00df mit Ihrem Haustier.<br \/>\n\u2764 Geeignet f\u00fcr gro\u00dfe Hunde \u2013 31\u201340 kg (68,3\u201388,2 lb). Leicht zu reinigen. \u2026 <span class=\"more-button\"><a href=\"https:\/\/www.chiwava.com\/de\/produkt\/er222-oder\/\" class=\"more-link\">Fortsetzen<span class=\"screen-reader-text\">Chiwava 6,4\u2033 Hundespielzeug mit Gummiring und Snacknapf, Trainings-Apportierspielzeug f\u00fcr gro\u00dfe Hunde, Farbe Orange<\/span><\/a><\/span><\/p>","protected":false},"featured_media":77255,"template":"","meta":[],"product_brand":[],"product_cat":[16,15,287],"product_tag":[279,156,282],"class_list":{"0":"post-77105","1":"product","2":"type-product","3":"status-publish","4":"has-post-thumbnail","6":"product_cat-dog_toys","7":"product_cat-pet_toys","8":"product_cat-rubber-dog-toys","9":"product_tag-dog-fetch-toy","10":"product_tag-rubber-dog-toy","11":"product_tag-treat-dispensing-dog-toy","13":"first","14":"instock","15":"shipping-taxable","16":"product-type-simple"},"_links":{"self":[{"href":"https:\/\/www.chiwava.com\/de\/wp-json\/wp\/v2\/product\/77105","targetHints":{"allow":["GET"]}}],"collection":[{"href":"https:\/\/www.chiwava.com\/de\/wp-json\/wp\/v2\/product"}],"about":[{"href":"https:\/\/www.chiwava.com\/de\/wp-json\/wp\/v2\/types\/product"}],"wp:featuredmedia":[{"embeddable":true,"href":"https:\/\/www.chiwava.com\/de\/wp-json\/wp\/v2\/media\/77255"}],"wp:attachment":[{"href":"https:\/\/www.chiwava.com\/de\/wp-json\/wp\/v2\/media?parent=77105"}],"wp:term":[{"taxonomy":"product_brand","embeddable":true,"href":"https:\/\/www.chiwava.com\/de\/wp-json\/wp\/v2\/product_brand?post=77105"},{"taxonomy":"product_cat","embeddable":true,"href":"https:\/\/www.chiwava.com\/de\/wp-json\/wp\/v2\/product_cat?post=77105"},{"taxonomy":"product_tag","embeddable":true,"href":"https:\/\/www.chiwava.com\/de\/wp-json\/wp\/v2\/product_tag?post=77105"}],"curies":[{"name":"wp","href":"https:\/\/api.w.org\/{rel}","templated":true}]}}