{"id":77102,"date":"2024-06-28T02:46:21","date_gmt":"2024-06-28T02:46:21","guid":{"rendered":"https:\/\/www.chiwava.com\/?post_type=product&#038;p=77102"},"modified":"2025-10-10T06:40:57","modified_gmt":"2025-10-10T06:40:57","slug":"er216-oder","status":"publish","type":"product","link":"https:\/\/www.chiwava.com\/de\/produkt\/er216-oder\/","title":{"rendered":"Chiwava 5,2\u2033 Roller Hundespielzeug Puzzle Ball Tug Interaktives Spielzeug f\u00fcr gro\u00dfe Hunde Farbe Orange"},"content":{"rendered":"<p>Das Hundespielzeug Roller Ball Toy ist ein multifunktionales Spielzeug, das Hunde herausfordert und unterh\u00e4lt. Es kombiniert die Elemente eines Rollers, eines Puzzleballs und eines Zerrspielzeugs und bietet eine Vielzahl von Spielm\u00f6glichkeiten. Es besteht aus Naturkautschuk und ist ungiftig. Der Rollerball animiert Hunde zum Jagen. Das Puzzle-Design umfasst ein Loch, in dem Leckerlis versteckt werden k\u00f6nnen, wodurch das Spielzeug zu einem lohnenden Denkspiel wird, da Hunde daran arbeiten m\u00fcssen, die Leckerlis freizugeben. Und die Griffe eignen sich auch zum Tauziehen, um beim Spielen die Z\u00e4hne zu reinigen und das Zahnfleisch zu massieren. Es eignet sich daher hervorragend f\u00fcr interaktives Spielen zwischen Hunden und ihren Besitzern oder zwischen mehreren Hunden und bietet ein unterhaltsames und geistig anregendes Spielerlebnis.<\/p>","protected":false},"excerpt":{"rendered":"<p><a href=\"https:\/\/www.chiwava.com\/de\/markenshop\/\"><img loading=\"lazy\" decoding=\"async\" class=\"alignnone size-medium wp-image-94\" src=\"https:\/\/www.chiwava.com\/wp-content\/uploads\/2019\/06\/Amazon-300x73.png\" alt=\"\" width=\"300\" height=\"73\" srcset=\"https:\/\/www.chiwava.com\/wp-content\/uploads\/2019\/06\/Amazon-300x73.png 300w, https:\/\/www.chiwava.com\/wp-content\/uploads\/2019\/06\/Amazon.png 364w\" sizes=\"auto, (max-width: 300px) 100vw, 300px\" \/><\/a><\/p>\n<p>Chiwava 5,2\u2033 Roller Hundespielzeug Puzzle Ball Tug Interaktives Spielzeug f\u00fcr gro\u00dfe Hunde Farbe Orange<\/p>\n<p>\u2764 Aus Naturkautschuk, ungiftig.<br \/>\n\u2764 Bietet eine sichere Hilfe bei der Reinigung von Z\u00e4hnen und Zahnfleisch.<br \/>\n\u2764 Sie k\u00f6nnen den Snack oder die Quietsche in das Loch stecken, um die Aufmerksamkeit Ihres Haustiers zu erregen.<br \/>\n\u2764 Bequeme Griffe, ideal zum Apportieren und Werfen, um die Beziehung zwischen Ihnen und Ihren Haustieren zu st\u00e4rken.<br \/>\n\u2764 Geeignet f\u00fcr gro\u00dfe Hunde \u2013 31\u201340 kg (68,3\u201388,2 lb). Leicht zu reinigen. \u2026 <span class=\"more-button\"><a href=\"https:\/\/www.chiwava.com\/de\/produkt\/er216-oder\/\" class=\"more-link\">Fortsetzen<span class=\"screen-reader-text\">Chiwava 5,2\u2033 Roller Hundespielzeug Puzzle Ball Tug Interaktives Spielzeug f\u00fcr gro\u00dfe Hunde Farbe Orange<\/span><\/a><\/span><\/p>","protected":false},"featured_media":77428,"template":"","meta":[],"product_brand":[],"product_cat":[16,15,287],"product_tag":[156,278],"class_list":{"0":"post-77102","1":"product","2":"type-product","3":"status-publish","4":"has-post-thumbnail","6":"product_cat-dog_toys","7":"product_cat-pet_toys","8":"product_cat-rubber-dog-toys","9":"product_tag-rubber-dog-toy","10":"product_tag-tug-dog-toy","12":"first","13":"instock","14":"shipping-taxable","15":"product-type-simple"},"_links":{"self":[{"href":"https:\/\/www.chiwava.com\/de\/wp-json\/wp\/v2\/product\/77102","targetHints":{"allow":["GET"]}}],"collection":[{"href":"https:\/\/www.chiwava.com\/de\/wp-json\/wp\/v2\/product"}],"about":[{"href":"https:\/\/www.chiwava.com\/de\/wp-json\/wp\/v2\/types\/product"}],"wp:featuredmedia":[{"embeddable":true,"href":"https:\/\/www.chiwava.com\/de\/wp-json\/wp\/v2\/media\/77428"}],"wp:attachment":[{"href":"https:\/\/www.chiwava.com\/de\/wp-json\/wp\/v2\/media?parent=77102"}],"wp:term":[{"taxonomy":"product_brand","embeddable":true,"href":"https:\/\/www.chiwava.com\/de\/wp-json\/wp\/v2\/product_brand?post=77102"},{"taxonomy":"product_cat","embeddable":true,"href":"https:\/\/www.chiwava.com\/de\/wp-json\/wp\/v2\/product_cat?post=77102"},{"taxonomy":"product_tag","embeddable":true,"href":"https:\/\/www.chiwava.com\/de\/wp-json\/wp\/v2\/product_tag?post=77102"}],"curies":[{"name":"wp","href":"https:\/\/api.w.org\/{rel}","templated":true}]}}