{"id":77095,"date":"2024-06-28T02:28:05","date_gmt":"2024-06-28T02:28:05","guid":{"rendered":"https:\/\/www.chiwava.com\/?post_type=product&#038;p=77095"},"modified":"2025-10-10T06:44:34","modified_gmt":"2025-10-10T06:44:34","slug":"er210-oder","status":"publish","type":"product","link":"https:\/\/www.chiwava.com\/de\/produkt\/er210-oder\/","title":{"rendered":"Chiwava 9,4\u2033 Gummi-Zerrspielzeug f\u00fcr Hunde, Ring, interaktives Ziehspielzeug f\u00fcr mittelgro\u00dfe und gro\u00dfe Hunde, Farbe Orange"},"content":{"rendered":"<p>Das Ring Pull-Hundespielzeug ist ein interaktives Spielzeug f\u00fcr Hunde, die gerne Tauziehen spielen. Es hat ein ringf\u00f6rmiges Design, ist aus ungiftigem Naturkautschuk und bietet sowohl Hunden als auch ihren Besitzern einen sicheren und bequemen Griff. Es ist flexibel und nimmt seine Form wieder an, sodass es jede Menge dreh- und drehfreudige Zerrbewegungen erm\u00f6glicht. Es hat strukturierte Oberfl\u00e4chen, die zus\u00e4tzlichen Spa\u00df machen und gleichzeitig dabei helfen, die Z\u00e4hne zu reinigen und das Zahnfleisch zu massieren. Es eignet sich zum Ziehen und Apportieren und eignet sich daher hervorragend f\u00fcr interaktive Spielsitzungen, die die Bindung zwischen Hund und Besitzer st\u00e4rken. Es f\u00f6rdert Bewegung, Zerrtraining und gesunde Spielgewohnheiten.<\/p>","protected":false},"excerpt":{"rendered":"<p><a href=\"https:\/\/www.chiwava.com\/de\/markenshop\/\"><img loading=\"lazy\" decoding=\"async\" class=\"alignnone size-medium wp-image-94\" src=\"https:\/\/www.chiwava.com\/wp-content\/uploads\/2019\/06\/Amazon-300x73.png\" alt=\"\" width=\"300\" height=\"73\" srcset=\"https:\/\/www.chiwava.com\/wp-content\/uploads\/2019\/06\/Amazon-300x73.png 300w, https:\/\/www.chiwava.com\/wp-content\/uploads\/2019\/06\/Amazon.png 364w\" sizes=\"auto, (max-width: 300px) 100vw, 300px\" \/><\/a><\/p>\n<p>Chiwava 9,4\u2033 Gummi-Zerrspielzeug f\u00fcr Hunde, Ring, interaktives Ziehspielzeug f\u00fcr mittelgro\u00dfe und gro\u00dfe Hunde, Farbe Orange<\/p>\n<p>\u2764 Aus Naturkautschuk, ungiftig.<br \/>\n\u2764 Dieses Ziehspielzeug f\u00fcr Hunde nimmt automatisch seine urspr\u00fcngliche Form wieder an und erm\u00f6glicht jede Menge verdrehte Zerr-Action.<br \/>\n\u2764 Bequeme Griffe erleichtern Ihnen das Festhalten beim interaktiven Spielen.<br \/>\n\u2764 Tolles interaktives Zerrspielzeug, f\u00f6rdert eine dauerhafte Bindung zwischen Ihnen und Ihrem Hund.<br \/>\n\u2764 Geeignet f\u00fcr mittelgro\u00dfe Hunde \u2013 11\u201340 kg (24\u201388,2 lb). Leicht zu reinigen. \u2026 <span class=\"more-button\"><a href=\"https:\/\/www.chiwava.com\/de\/produkt\/er210-oder\/\" class=\"more-link\">Fortsetzen<span class=\"screen-reader-text\">Chiwava 9,4\u2033 Gummi-Zerrspielzeug f\u00fcr Hunde, Ring, interaktives Ziehspielzeug f\u00fcr mittelgro\u00dfe und gro\u00dfe Hunde, Farbe Orange<\/span><\/a><\/span><\/p>","protected":false},"featured_media":77488,"template":"","meta":[],"product_brand":[],"product_cat":[16,15,287],"product_tag":[166,156,278],"class_list":{"0":"post-77095","1":"product","2":"type-product","3":"status-publish","4":"has-post-thumbnail","6":"product_cat-dog_toys","7":"product_cat-pet_toys","8":"product_cat-rubber-dog-toys","9":"product_tag-fetch-dog-toy","10":"product_tag-rubber-dog-toy","11":"product_tag-tug-dog-toy","13":"first","14":"instock","15":"shipping-taxable","16":"product-type-simple"},"_links":{"self":[{"href":"https:\/\/www.chiwava.com\/de\/wp-json\/wp\/v2\/product\/77095","targetHints":{"allow":["GET"]}}],"collection":[{"href":"https:\/\/www.chiwava.com\/de\/wp-json\/wp\/v2\/product"}],"about":[{"href":"https:\/\/www.chiwava.com\/de\/wp-json\/wp\/v2\/types\/product"}],"wp:featuredmedia":[{"embeddable":true,"href":"https:\/\/www.chiwava.com\/de\/wp-json\/wp\/v2\/media\/77488"}],"wp:attachment":[{"href":"https:\/\/www.chiwava.com\/de\/wp-json\/wp\/v2\/media?parent=77095"}],"wp:term":[{"taxonomy":"product_brand","embeddable":true,"href":"https:\/\/www.chiwava.com\/de\/wp-json\/wp\/v2\/product_brand?post=77095"},{"taxonomy":"product_cat","embeddable":true,"href":"https:\/\/www.chiwava.com\/de\/wp-json\/wp\/v2\/product_cat?post=77095"},{"taxonomy":"product_tag","embeddable":true,"href":"https:\/\/www.chiwava.com\/de\/wp-json\/wp\/v2\/product_tag?post=77095"}],"curies":[{"name":"wp","href":"https:\/\/api.w.org\/{rel}","templated":true}]}}