{"id":77090,"date":"2024-06-27T11:14:33","date_gmt":"2024-06-27T11:14:33","guid":{"rendered":"https:\/\/www.chiwava.com\/?post_type=product&#038;p=77090"},"modified":"2025-10-10T06:44:35","modified_gmt":"2025-10-10T06:44:35","slug":"er164-mg","status":"publish","type":"product","link":"https:\/\/www.chiwava.com\/de\/produkt\/er164-mg\/","title":{"rendered":"Chiwava 7,1 Zoll Zahnpflegespielzeug aus Gummiknochen, solide Knochen, Zahnreinigung f\u00fcr mittelgro\u00dfe und gro\u00dfe Hunde, Minzgr\u00fcn"},"content":{"rendered":"<p>Chiwava-Spielzeug in Form eines klassischen Knochens, speziell f\u00fcr Hunde entwickelt. Aus Naturkautschuk, ungiftig. Bietet eine sichere und langanhaltende M\u00f6glichkeit, dem nat\u00fcrlichen Nagedrang eines Hundes nachzukommen. Die Oberfl\u00e4che des Spielzeugs ist strukturiert, um die Z\u00e4hne zu reinigen und das Zahnfleisch zu massieren, was die Mundgesundheit f\u00f6rdert. Der klassische Knochen aus massivem Gummi l\u00e4sst sich leicht greifen, kauen und tragen, ideal zum Apportieren und Werfen. Bietet stundenlange Unterhaltung und Kauvergn\u00fcgen.<\/p>","protected":false},"excerpt":{"rendered":"<p><a href=\"https:\/\/www.chiwava.com\/de\/markenshop\/\"><img loading=\"lazy\" decoding=\"async\" class=\"alignnone size-medium wp-image-94\" src=\"https:\/\/www.chiwava.com\/wp-content\/uploads\/2019\/06\/Amazon-300x73.png\" alt=\"\" width=\"300\" height=\"73\" srcset=\"https:\/\/www.chiwava.com\/wp-content\/uploads\/2019\/06\/Amazon-300x73.png 300w, https:\/\/www.chiwava.com\/wp-content\/uploads\/2019\/06\/Amazon.png 364w\" sizes=\"auto, (max-width: 300px) 100vw, 300px\" \/><\/a><\/p>\n<p>Chiwava 7,1 Zoll Zahnpflegespielzeug aus Gummiknochen, solide Knochen, Zahnreinigung f\u00fcr mittelgro\u00dfe und gro\u00dfe Hunde, Minzgr\u00fcn<\/p>\n<p>\u2764 Aus Naturkautschuk, ungiftig.<br \/>\n\u2764 Das Design ist von den Knochen inspiriert, die Hunde m\u00f6gen, und kann beim Z\u00e4hneknirschen helfen und Zahnjucken lindern.<br \/>\n\u2764 Massiver Knochen eignet sich gut zum Greifen und Bei\u00dfen. Befriedigt die nat\u00fcrlichen Instinkte Ihres Hundes.<br \/>\n\u2764 Ideal f\u00fcr Wurf- und Apportierspiele. Sie k\u00f6nnen eine d\u00fcnne Schicht Erdnussbutter auf den Knochen auftragen, um sie zu besch\u00e4ftigen.<br \/>\n\u2764 Geeignet f\u00fcr mittelgro\u00dfe Hunde \u2013 11\u201340 kg (24\u201388,2 lb). Leicht zu reinigen. \u2026 <span class=\"more-button\"><a href=\"https:\/\/www.chiwava.com\/de\/produkt\/er164-mg\/\" class=\"more-link\">Fortsetzen<span class=\"screen-reader-text\">Chiwava 7,1 Zoll Zahnpflegespielzeug aus Gummiknochen, solide Knochen, Zahnreinigung f\u00fcr mittelgro\u00dfe und gro\u00dfe Hunde, Minzgr\u00fcn<\/span><\/a><\/span><\/p>","protected":false},"featured_media":77361,"template":"","meta":[],"product_brand":[],"product_cat":[16,15,287],"product_tag":[166,156],"class_list":{"0":"post-77090","1":"product","2":"type-product","3":"status-publish","4":"has-post-thumbnail","6":"product_cat-dog_toys","7":"product_cat-pet_toys","8":"product_cat-rubber-dog-toys","9":"product_tag-fetch-dog-toy","10":"product_tag-rubber-dog-toy","12":"first","13":"instock","14":"shipping-taxable","15":"product-type-simple"},"_links":{"self":[{"href":"https:\/\/www.chiwava.com\/de\/wp-json\/wp\/v2\/product\/77090","targetHints":{"allow":["GET"]}}],"collection":[{"href":"https:\/\/www.chiwava.com\/de\/wp-json\/wp\/v2\/product"}],"about":[{"href":"https:\/\/www.chiwava.com\/de\/wp-json\/wp\/v2\/types\/product"}],"wp:featuredmedia":[{"embeddable":true,"href":"https:\/\/www.chiwava.com\/de\/wp-json\/wp\/v2\/media\/77361"}],"wp:attachment":[{"href":"https:\/\/www.chiwava.com\/de\/wp-json\/wp\/v2\/media?parent=77090"}],"wp:term":[{"taxonomy":"product_brand","embeddable":true,"href":"https:\/\/www.chiwava.com\/de\/wp-json\/wp\/v2\/product_brand?post=77090"},{"taxonomy":"product_cat","embeddable":true,"href":"https:\/\/www.chiwava.com\/de\/wp-json\/wp\/v2\/product_cat?post=77090"},{"taxonomy":"product_tag","embeddable":true,"href":"https:\/\/www.chiwava.com\/de\/wp-json\/wp\/v2\/product_tag?post=77090"}],"curies":[{"name":"wp","href":"https:\/\/api.w.org\/{rel}","templated":true}]}}