{"id":77086,"date":"2024-06-27T11:12:21","date_gmt":"2024-06-27T11:12:21","guid":{"rendered":"https:\/\/www.chiwava.com\/?post_type=product&#038;p=77086"},"modified":"2025-10-10T06:44:37","modified_gmt":"2025-10-10T06:44:37","slug":"er003-rd","status":"publish","type":"product","link":"https:\/\/www.chiwava.com\/de\/produkt\/er003-rd\/","title":{"rendered":"Chiwava 4,5\u2033 Dental-Rugbyball aus Gummi, oval, Rugbys f\u00fcr mittelgro\u00dfe und gro\u00dfe Hunde, Farbe: Rot"},"content":{"rendered":"<p>Chiwava Dental Rugbys Spielzeug aus Naturkautschuk, ungiftig und f\u00fcr mittelgro\u00dfe und gro\u00dfe Hunde geeignet. Nach dem Vorbild eines Rugbyballs mit ovaler Form. In das zahnf\u00f6rmige Design k\u00f6nnen Futter, Erdnussbutter oder Pasten gegeben werden. In das mittlere Loch kann auch ein Snack gegeben werden, um noch mehr Spa\u00df zu haben. Die strukturierte Oberfl\u00e4che weist Rillen auf, die dabei helfen, die Z\u00e4hne des Hundes zu reinigen und sein Zahnfleisch w\u00e4hrend des Spiels zu massieren. Leicht zu werfen und zu apportieren. Ideal f\u00fcr Spiele im Innen- und Au\u00dfenbereich. Eine unterhaltsame und n\u00fctzliche Erg\u00e4nzung f\u00fcr die Spielzeit des Hundes.<\/p>","protected":false},"excerpt":{"rendered":"<p><a href=\"https:\/\/www.chiwava.com\/de\/markenshop\/\"><img loading=\"lazy\" decoding=\"async\" class=\"alignnone size-medium wp-image-94\" src=\"https:\/\/www.chiwava.com\/wp-content\/uploads\/2019\/06\/Amazon-300x73.png\" alt=\"\" width=\"300\" height=\"73\" srcset=\"https:\/\/www.chiwava.com\/wp-content\/uploads\/2019\/06\/Amazon-300x73.png 300w, https:\/\/www.chiwava.com\/wp-content\/uploads\/2019\/06\/Amazon.png 364w\" sizes=\"auto, (max-width: 300px) 100vw, 300px\" \/><\/a><\/p>\n<p>Chiwava 4,5 Zoll Leckerli-Spenderb\u00e4lle aus Gummi, ovaler Dental-Rugbyball f\u00fcr mittelgro\u00dfe und gro\u00dfe Hunde, Farbe Rot<\/p>\n<p>\u2764 Aus Naturkautschuk, einzigartige ovale Rugbyform, ungiftig.<br \/>\n\u2764 Das S\u00e4gezahndesign kann beim Reinigen der Z\u00e4hne und Massieren des Zahnfleisches helfen.<br \/>\n\u2764 Design mit Leckerli-Spenderb\u00e4llen. Sie k\u00f6nnen Hundefutter in das Loch geben, um es interessanter zu machen.<br \/>\n\u2764 Ideal zum H\u00fcpfen und Apportieren. Sorgt f\u00fcr eine angenehme Bindung und Spa\u00df mit Ihrem Haustier.<br \/>\n\u2764 Geeignet f\u00fcr mittelgro\u00dfe Hunde \u2013 11\u201340 kg (24\u201388,2 lb). Leicht zu reinigen. \u2026 <span class=\"more-button\"><a href=\"https:\/\/www.chiwava.com\/de\/produkt\/er003-rd\/\" class=\"more-link\">Fortsetzen<span class=\"screen-reader-text\">Chiwava 4,5\u2033 Dental-Rugbyball aus Gummi, oval, Rugbys f\u00fcr mittelgro\u00dfe und gro\u00dfe Hunde, Farbe: Rot<\/span><\/a><\/span><\/p>","protected":false},"featured_media":77146,"template":"","meta":[],"product_brand":[],"product_cat":[16,15,287],"product_tag":[166,156,280],"class_list":{"0":"post-77086","1":"product","2":"type-product","3":"status-publish","4":"has-post-thumbnail","6":"product_cat-dog_toys","7":"product_cat-pet_toys","8":"product_cat-rubber-dog-toys","9":"product_tag-fetch-dog-toy","10":"product_tag-rubber-dog-toy","11":"product_tag-rugbys-dog-toy","13":"first","14":"instock","15":"shipping-taxable","16":"product-type-simple"},"_links":{"self":[{"href":"https:\/\/www.chiwava.com\/de\/wp-json\/wp\/v2\/product\/77086","targetHints":{"allow":["GET"]}}],"collection":[{"href":"https:\/\/www.chiwava.com\/de\/wp-json\/wp\/v2\/product"}],"about":[{"href":"https:\/\/www.chiwava.com\/de\/wp-json\/wp\/v2\/types\/product"}],"wp:featuredmedia":[{"embeddable":true,"href":"https:\/\/www.chiwava.com\/de\/wp-json\/wp\/v2\/media\/77146"}],"wp:attachment":[{"href":"https:\/\/www.chiwava.com\/de\/wp-json\/wp\/v2\/media?parent=77086"}],"wp:term":[{"taxonomy":"product_brand","embeddable":true,"href":"https:\/\/www.chiwava.com\/de\/wp-json\/wp\/v2\/product_brand?post=77086"},{"taxonomy":"product_cat","embeddable":true,"href":"https:\/\/www.chiwava.com\/de\/wp-json\/wp\/v2\/product_cat?post=77086"},{"taxonomy":"product_tag","embeddable":true,"href":"https:\/\/www.chiwava.com\/de\/wp-json\/wp\/v2\/product_tag?post=77086"}],"curies":[{"name":"wp","href":"https:\/\/api.w.org\/{rel}","templated":true}]}}