{"id":77083,"date":"2024-06-27T11:10:58","date_gmt":"2024-06-27T11:10:58","guid":{"rendered":"https:\/\/www.chiwava.com\/?post_type=product&#038;p=77083"},"modified":"2025-10-10T06:44:39","modified_gmt":"2025-10-10T06:44:39","slug":"er166-bu","status":"publish","type":"product","link":"https:\/\/www.chiwava.com\/de\/produkt\/er166-bu\/","title":{"rendered":"Chiwava 6,7 Zoll Gummiknochen Dental-Hundespielzeug Knochenstab Zahnreinigung f\u00fcr mittelgro\u00dfe und gro\u00dfe Hunde Farbe Blau"},"content":{"rendered":"<p>Chiwava Stick Bones-Spielzeug aus Naturkautschuk, ungiftig und f\u00fcr mittelgro\u00dfe und gro\u00dfe Hunde geeignet. Das zahnf\u00f6rmige Design erm\u00f6glicht das Einf\u00fcllen von Futter, Erdnussbutter oder Pasten. In das mittlere Loch kann auch ein Snack eingelegt werden, um noch mehr Spa\u00df zu haben. Es ist ein gutes Werkzeug, um die Z\u00e4hne Ihres Hundes zu reinigen und gleichzeitig das Zahnfleisch zu massieren. Das Kauspielzeug aus Knochenst\u00e4bchen ist ideal f\u00fcr drinnen, drau\u00dfen und zum Apportieren. Es ist so konzipiert, dass es sowohl unterhaltsam als auch f\u00f6rderlich f\u00fcr die Zahngesundheit ist und dem nat\u00fcrlichen Kauinstinkt eines Hundes eine sichere M\u00f6glichkeit bietet, nachzugeben.<\/p>\n<p>&nbsp;<\/p>\n<p>&nbsp;<\/p>","protected":false},"excerpt":{"rendered":"<p><a href=\"https:\/\/www.chiwava.com\/de\/markenshop\/\"><img loading=\"lazy\" decoding=\"async\" class=\"alignnone size-medium wp-image-94\" src=\"https:\/\/www.chiwava.com\/wp-content\/uploads\/2019\/06\/Amazon-300x73.png\" alt=\"\" width=\"300\" height=\"73\" srcset=\"https:\/\/www.chiwava.com\/wp-content\/uploads\/2019\/06\/Amazon-300x73.png 300w, https:\/\/www.chiwava.com\/wp-content\/uploads\/2019\/06\/Amazon.png 364w\" sizes=\"auto, (max-width: 300px) 100vw, 300px\" \/><\/a><\/p>\n<p>Chiwava 6,7\u2033 Zahnpflegespielzeug aus Gummiknochen, Zahnreinigung f\u00fcr mittelgro\u00dfe und gro\u00dfe Hunde, Farbe Blau<\/p>\n<p>\u2764 Aus Naturkautschuk, ungiftig.<br \/>\n\u2764 Das S\u00e4gezahndesign kann beim Reinigen der Z\u00e4hne und Massieren des Zahnfleisches helfen.<br \/>\n\u2764 Sie k\u00f6nnen Hundefutter in das Loch geben und so das Interesse des Hundes steigern.<br \/>\n\u2764 Ideal zum Werfen und Apportieren. Verl\u00e4ngert die Spielzeit und sorgt f\u00fcr Gesundheit und Gl\u00fcck.<br \/>\n\u2764 Geeignet f\u00fcr mittelgro\u00dfe Hunde \u2013 11\u201340 kg (24\u201388,2 lb). Leicht zu reinigen. \u2026 <span class=\"more-button\"><a href=\"https:\/\/www.chiwava.com\/de\/produkt\/er166-bu\/\" class=\"more-link\">Fortsetzen<span class=\"screen-reader-text\">Chiwava 6,7 Zoll Gummiknochen Dental-Hundespielzeug Knochenstab Zahnreinigung f\u00fcr mittelgro\u00dfe und gro\u00dfe Hunde Farbe Blau<\/span><\/a><\/span><\/p>","protected":false},"featured_media":77549,"template":"","meta":[],"product_brand":[],"product_cat":[16,15,287],"product_tag":[279,156],"class_list":{"0":"post-77083","1":"product","2":"type-product","3":"status-publish","4":"has-post-thumbnail","6":"product_cat-dog_toys","7":"product_cat-pet_toys","8":"product_cat-rubber-dog-toys","9":"product_tag-dog-fetch-toy","10":"product_tag-rubber-dog-toy","12":"first","13":"instock","14":"shipping-taxable","15":"product-type-simple"},"_links":{"self":[{"href":"https:\/\/www.chiwava.com\/de\/wp-json\/wp\/v2\/product\/77083","targetHints":{"allow":["GET"]}}],"collection":[{"href":"https:\/\/www.chiwava.com\/de\/wp-json\/wp\/v2\/product"}],"about":[{"href":"https:\/\/www.chiwava.com\/de\/wp-json\/wp\/v2\/types\/product"}],"wp:featuredmedia":[{"embeddable":true,"href":"https:\/\/www.chiwava.com\/de\/wp-json\/wp\/v2\/media\/77549"}],"wp:attachment":[{"href":"https:\/\/www.chiwava.com\/de\/wp-json\/wp\/v2\/media?parent=77083"}],"wp:term":[{"taxonomy":"product_brand","embeddable":true,"href":"https:\/\/www.chiwava.com\/de\/wp-json\/wp\/v2\/product_brand?post=77083"},{"taxonomy":"product_cat","embeddable":true,"href":"https:\/\/www.chiwava.com\/de\/wp-json\/wp\/v2\/product_cat?post=77083"},{"taxonomy":"product_tag","embeddable":true,"href":"https:\/\/www.chiwava.com\/de\/wp-json\/wp\/v2\/product_tag?post=77083"}],"curies":[{"name":"wp","href":"https:\/\/api.w.org\/{rel}","templated":true}]}}