{"id":77079,"date":"2024-06-27T11:07:28","date_gmt":"2024-06-27T11:07:28","guid":{"rendered":"https:\/\/www.chiwava.com\/?post_type=product&#038;p=77079"},"modified":"2025-10-10T06:44:41","modified_gmt":"2025-10-10T06:44:41","slug":"er115-oder","status":"publish","type":"product","link":"https:\/\/www.chiwava.com\/de\/produkt\/er115-oder\/","title":{"rendered":"Chiwava 2,8 Zoll Hundetrainingsball am Seil, Hundespielzeugball aus Gummiseil mit Griff als Belohnung f\u00fcr Tauziehen-Training f\u00fcr mittelgro\u00dfe und gro\u00dfe Hunde, Farbe Orange"},"content":{"rendered":"<p>Chiwava Seilballspielzeug aus Naturkautschuk und Baumwollseil, ungiftig und f\u00fcr mittelgro\u00dfe und gro\u00dfe Hunde geeignet. Durch das S\u00e4gezahndesign k\u00f6nnen Snacks, Erdnussbutter oder Pasten auf den Ball gegeben werden. Es erregt nicht nur die Aufmerksamkeit des Hundes zum Bei\u00dfen, sondern hilft auch, die Z\u00e4hne Ihres Hundes zu reinigen und so die Mundgesundheit zu unterst\u00fctzen. Weicher und rutschfester Griff, leicht zu greifen und zu werfen. Langanhaltendes Spiel, ideal zur F\u00f6rderung von aktivem Spielen und Bewegung, Tauziehen, interaktivem Werfen und Apportieren, hilft, Ihren Hund zu besch\u00e4ftigen und zu unterhalten, f\u00f6rdert Bindung und k\u00f6rperliche Bewegung.<\/p>","protected":false},"excerpt":{"rendered":"<p><a href=\"https:\/\/www.chiwava.com\/de\/markenshop\/\"><img loading=\"lazy\" decoding=\"async\" class=\"alignnone size-medium wp-image-94\" src=\"https:\/\/www.chiwava.com\/wp-content\/uploads\/2019\/06\/Amazon-300x73.png\" alt=\"\" width=\"300\" height=\"73\" srcset=\"https:\/\/www.chiwava.com\/wp-content\/uploads\/2019\/06\/Amazon-300x73.png 300w, https:\/\/www.chiwava.com\/wp-content\/uploads\/2019\/06\/Amazon.png 364w\" sizes=\"auto, (max-width: 300px) 100vw, 300px\" \/><\/a><\/p>\n<p>Chiwava 2,8 Zoll Hundetrainingsball am Seil, Hundespielzeugball aus Gummiseil mit Griff als Belohnung f\u00fcr Tauziehen-Training f\u00fcr mittelgro\u00dfe und gro\u00dfe Hunde, Farbe Orange<\/p>\n<p>\u2764 Aus Naturkautschuk und Baumwollseil, ungiftig.<br \/>\n\u2764 Das S\u00e4gezahnball-Design kann beim Reinigen der Z\u00e4hne helfen, die rutschfeste Schlaufe erleichtert das Werfen.<br \/>\n\u2764 Sie k\u00f6nnen Hundefutter in den Ball geben und so das Interesse des Hundes steigern.<br \/>\n\u2764 Seilspielzeug, ideal zum Tauziehen, Werfen und Apportieren. Verbessert die Beziehung zwischen Ihnen und Ihrem Hund.<br \/>\n\u2764 Geeignet f\u00fcr mittelgro\u00dfe Hunde \u2013 11\u201340 kg (24\u201388,2 lb). Leicht zu reinigen. \u2026 <span class=\"more-button\"><a href=\"https:\/\/www.chiwava.com\/de\/produkt\/er115-oder\/\" class=\"more-link\">Fortsetzen<span class=\"screen-reader-text\">Chiwava 2,8 Zoll Hundetrainingsball am Seil, Hundespielzeugball aus Gummiseil mit Griff als Belohnung f\u00fcr Tauziehen-Training f\u00fcr mittelgro\u00dfe und gro\u00dfe Hunde, Farbe Orange<\/span><\/a><\/span><\/p>","protected":false},"featured_media":77604,"template":"","meta":[],"product_brand":[],"product_cat":[16,15,287],"product_tag":[277,276,278],"class_list":{"0":"post-77079","1":"product","2":"type-product","3":"status-publish","4":"has-post-thumbnail","6":"product_cat-dog_toys","7":"product_cat-pet_toys","8":"product_cat-rubber-dog-toys","9":"product_tag-ball-on-rope","10":"product_tag-rubber-rope-dog-toy","11":"product_tag-tug-dog-toy","13":"first","14":"instock","15":"shipping-taxable","16":"product-type-simple"},"_links":{"self":[{"href":"https:\/\/www.chiwava.com\/de\/wp-json\/wp\/v2\/product\/77079","targetHints":{"allow":["GET"]}}],"collection":[{"href":"https:\/\/www.chiwava.com\/de\/wp-json\/wp\/v2\/product"}],"about":[{"href":"https:\/\/www.chiwava.com\/de\/wp-json\/wp\/v2\/types\/product"}],"wp:featuredmedia":[{"embeddable":true,"href":"https:\/\/www.chiwava.com\/de\/wp-json\/wp\/v2\/media\/77604"}],"wp:attachment":[{"href":"https:\/\/www.chiwava.com\/de\/wp-json\/wp\/v2\/media?parent=77079"}],"wp:term":[{"taxonomy":"product_brand","embeddable":true,"href":"https:\/\/www.chiwava.com\/de\/wp-json\/wp\/v2\/product_brand?post=77079"},{"taxonomy":"product_cat","embeddable":true,"href":"https:\/\/www.chiwava.com\/de\/wp-json\/wp\/v2\/product_cat?post=77079"},{"taxonomy":"product_tag","embeddable":true,"href":"https:\/\/www.chiwava.com\/de\/wp-json\/wp\/v2\/product_tag?post=77079"}],"curies":[{"name":"wp","href":"https:\/\/api.w.org\/{rel}","templated":true}]}}