{"id":77078,"date":"2024-06-27T09:31:46","date_gmt":"2024-06-27T09:31:46","guid":{"rendered":"https:\/\/www.chiwava.com\/?post_type=product&#038;p=77078"},"modified":"2025-10-10T06:44:42","modified_gmt":"2025-10-10T06:44:42","slug":"er126s","status":"publish","type":"product","link":"https:\/\/www.chiwava.com\/de\/produkt\/er126s\/","title":{"rendered":"Chiwava 2er-Pack 2\u2033 Hundespielzeug aus Gummiseil, Dentalball am Seil, Zerrball f\u00fcr kleine Hunde, verschiedene Farben"},"content":{"rendered":"<p>Das Chiwava Seilballspielzeug kombiniert ein Baumwollseil mit einem Ball aus Naturkautschuk. Es ist UNGIFTIG und f\u00fcr kleine Hunde geeignet. Das s\u00e4gezahnf\u00f6rmige Anti-Rutsch-Oberfl\u00e4chendesign hilft beim Reinigen der Z\u00e4hne und Massieren des Zahnfleischs und f\u00f6rdert so die Zahngesundheit. Sie k\u00f6nnen auch einen Snack hinzuf\u00fcgen, um das Interesse Ihres Haustiers zu wecken. Die rutschfeste Schlaufe ist leicht zu greifen und zu werfen. Ideal f\u00fcr Tauziehen, Apportieren, Werfen und Kauen. Bietet stundenlangen Spa\u00df und Bewegung f\u00fcr Hunde. St\u00e4rkt die Bindung zwischen Ihnen und Ihrem Haustier.<\/p>\n<p>&nbsp;<\/p>","protected":false},"excerpt":{"rendered":"<p><a href=\"https:\/\/www.chiwava.com\/de\/markenshop\/\"><img loading=\"lazy\" decoding=\"async\" class=\"alignnone size-medium wp-image-94\" src=\"https:\/\/www.chiwava.com\/wp-content\/uploads\/2019\/06\/Amazon-300x73.png\" alt=\"\" width=\"300\" height=\"73\" srcset=\"https:\/\/www.chiwava.com\/wp-content\/uploads\/2019\/06\/Amazon-300x73.png 300w, https:\/\/www.chiwava.com\/wp-content\/uploads\/2019\/06\/Amazon.png 364w\" sizes=\"auto, (max-width: 300px) 100vw, 300px\" \/><\/a><\/p>\n<p>Chiwava 2er-Pack 2\u2033 Hundespielzeug aus Gummiseil, Dentalball am Seil, Zerrball f\u00fcr kleine Hunde, verschiedene Farben<\/p>\n<p>\u2764 Aus Naturkautschuk und Baumwollseil, ungiftig. (2 St\u00fcck\/Set, 2 Zoll, 1 x Gr\u00fcn + 1 x Orange).<br \/>\n\u2764 Das rutschsichere S\u00e4gezahn-Oberfl\u00e4chendesign hilft beim Reinigen der Z\u00e4hne, die rutschfeste Schlaufe erleichtert das Werfen.<br \/>\n\u2764 Sie k\u00f6nnen Hundefutter in den Ball geben und so das Interesse des Haustiers steigern.<br \/>\n\u2764 Seilspielzeug, ideal zum Tauziehen, Werfen und Apportieren. Sorgt f\u00fcr eine sch\u00f6ne Bindung und Spa\u00df mit Ihrem Haustier.<br \/>\n\u2764 Geeignet f\u00fcr kleine Hunde \u2013 weniger als 11 kg (24,25 lb). Leicht zu reinigen. \u2026 <span class=\"more-button\"><a href=\"https:\/\/www.chiwava.com\/de\/produkt\/er126s\/\" class=\"more-link\">Fortsetzen<span class=\"screen-reader-text\">Chiwava 2er-Pack 2\u2033 Hundespielzeug aus Gummiseil, Dentalball am Seil, Zerrball f\u00fcr kleine Hunde, verschiedene Farben<\/span><\/a><\/span><\/p>","protected":false},"featured_media":77265,"template":"","meta":[],"product_brand":[],"product_cat":[16,15,287],"product_tag":[277,276,278],"class_list":{"0":"post-77078","1":"product","2":"type-product","3":"status-publish","4":"has-post-thumbnail","6":"product_cat-dog_toys","7":"product_cat-pet_toys","8":"product_cat-rubber-dog-toys","9":"product_tag-ball-on-rope","10":"product_tag-rubber-rope-dog-toy","11":"product_tag-tug-dog-toy","13":"first","14":"instock","15":"shipping-taxable","16":"product-type-simple"},"_links":{"self":[{"href":"https:\/\/www.chiwava.com\/de\/wp-json\/wp\/v2\/product\/77078","targetHints":{"allow":["GET"]}}],"collection":[{"href":"https:\/\/www.chiwava.com\/de\/wp-json\/wp\/v2\/product"}],"about":[{"href":"https:\/\/www.chiwava.com\/de\/wp-json\/wp\/v2\/types\/product"}],"wp:featuredmedia":[{"embeddable":true,"href":"https:\/\/www.chiwava.com\/de\/wp-json\/wp\/v2\/media\/77265"}],"wp:attachment":[{"href":"https:\/\/www.chiwava.com\/de\/wp-json\/wp\/v2\/media?parent=77078"}],"wp:term":[{"taxonomy":"product_brand","embeddable":true,"href":"https:\/\/www.chiwava.com\/de\/wp-json\/wp\/v2\/product_brand?post=77078"},{"taxonomy":"product_cat","embeddable":true,"href":"https:\/\/www.chiwava.com\/de\/wp-json\/wp\/v2\/product_cat?post=77078"},{"taxonomy":"product_tag","embeddable":true,"href":"https:\/\/www.chiwava.com\/de\/wp-json\/wp\/v2\/product_tag?post=77078"}],"curies":[{"name":"wp","href":"https:\/\/api.w.org\/{rel}","templated":true}]}}