{"id":77074,"date":"2024-06-27T09:25:53","date_gmt":"2024-06-27T09:25:53","guid":{"rendered":"https:\/\/www.chiwava.com\/?post_type=product&#038;p=77074"},"modified":"2025-10-10T06:44:44","modified_gmt":"2025-10-10T06:44:44","slug":"er052","status":"publish","type":"product","link":"https:\/\/www.chiwava.com\/de\/produkt\/er052\/","title":{"rendered":"Chiwava 2er-Pack 2,4-Zoll-Hundespielzeug aus Seilgummi, Trainingsball am Seil, Zerrball f\u00fcr kleine und mittelgro\u00dfe Hunde"},"content":{"rendered":"<p>Das Chiwava-Seilballspielzeug ist aus Naturkautschuk und Baumwollseil hergestellt und UNGIFTIG. Einfach zu greifen und zu bei\u00dfen. Die gemischten Farben ziehen die Aufmerksamkeit Ihres Haustiers mehr auf sich. Entwickelt f\u00fcr Tauziehen mit Hunden. Sie k\u00f6nnen einen Snack in das Loch geben, um das Interesse Ihres Haustiers zu steigern. Die runden Massagepunkte eignen sich hervorragend zum Z\u00e4hneputzen oder als Kauspielzeug f\u00fcr Hunde zum Alleinspielen. Geeignet zum Apportieren, Werfen, Trainieren, Fangen und Ziehen beim interaktiven Spielen. Reduziert die Angst Ihres Hundes und besch\u00e4ftigt ihn.<\/p>\n<p>&nbsp;<\/p>\n<p>&nbsp;<\/p>","protected":false},"excerpt":{"rendered":"<p><a href=\"https:\/\/www.chiwava.com\/de\/markenshop\/\"><img loading=\"lazy\" decoding=\"async\" class=\"alignnone size-medium wp-image-94\" src=\"https:\/\/www.chiwava.com\/wp-content\/uploads\/2019\/06\/Amazon-300x73.png\" alt=\"\" width=\"300\" height=\"73\" srcset=\"https:\/\/www.chiwava.com\/wp-content\/uploads\/2019\/06\/Amazon-300x73.png 300w, https:\/\/www.chiwava.com\/wp-content\/uploads\/2019\/06\/Amazon.png 364w\" sizes=\"auto, (max-width: 300px) 100vw, 300px\" \/><\/a><\/p>\n<p>Chiwava 2er-Pack 2,4-Zoll-Hundespielzeug aus Seilgummi, Trainingsball am Seil, Zerrball f\u00fcr kleine und mittelgro\u00dfe Hunde<\/p>\n<p>\u2764 Aus Naturkautschuk und Baumwollseil, ungiftig.<br \/>\n\u2764 Runde Massagepunkte unterst\u00fctzen die Zahnreinigung, die rutschfeste Schlaufe erleichtert das Werfen.<br \/>\n\u2764 Sie k\u00f6nnen das Hundefutter in das Loch geben und so das Interesse des Haustiers steigern.<br \/>\n\u2764 Seilspielzeug, ideal zum Tauziehen, Werfen und Apportieren. Sorgt f\u00fcr eine sch\u00f6ne Bindung und Spa\u00df mit Ihrem Haustier.<br \/>\n\u2764 Geeignet f\u00fcr kleine und mittelgro\u00dfe Hunde \u2013 4\u201330 kg (8,8\u201366 lb). 2 St\u00fcck\/Set, leicht zu reinigen.<\/p>\n<p>&nbsp; \u2026 <span class=\"more-button\"><a href=\"https:\/\/www.chiwava.com\/de\/produkt\/er052\/\" class=\"more-link\">Fortsetzen<span class=\"screen-reader-text\">Chiwava 2er-Pack 2,4-Zoll-Hundespielzeug aus Seilgummi, Trainingsball am Seil, Zerrball f\u00fcr kleine und mittelgro\u00dfe Hunde<\/span><\/a><\/span><\/p>","protected":false},"featured_media":77235,"template":"","meta":[],"product_brand":[],"product_cat":[16,15,287],"product_tag":[277,156,276],"class_list":{"0":"post-77074","1":"product","2":"type-product","3":"status-publish","4":"has-post-thumbnail","6":"product_cat-dog_toys","7":"product_cat-pet_toys","8":"product_cat-rubber-dog-toys","9":"product_tag-ball-on-rope","10":"product_tag-rubber-dog-toy","11":"product_tag-rubber-rope-dog-toy","13":"first","14":"instock","15":"shipping-taxable","16":"product-type-simple"},"_links":{"self":[{"href":"https:\/\/www.chiwava.com\/de\/wp-json\/wp\/v2\/product\/77074","targetHints":{"allow":["GET"]}}],"collection":[{"href":"https:\/\/www.chiwava.com\/de\/wp-json\/wp\/v2\/product"}],"about":[{"href":"https:\/\/www.chiwava.com\/de\/wp-json\/wp\/v2\/types\/product"}],"wp:featuredmedia":[{"embeddable":true,"href":"https:\/\/www.chiwava.com\/de\/wp-json\/wp\/v2\/media\/77235"}],"wp:attachment":[{"href":"https:\/\/www.chiwava.com\/de\/wp-json\/wp\/v2\/media?parent=77074"}],"wp:term":[{"taxonomy":"product_brand","embeddable":true,"href":"https:\/\/www.chiwava.com\/de\/wp-json\/wp\/v2\/product_brand?post=77074"},{"taxonomy":"product_cat","embeddable":true,"href":"https:\/\/www.chiwava.com\/de\/wp-json\/wp\/v2\/product_cat?post=77074"},{"taxonomy":"product_tag","embeddable":true,"href":"https:\/\/www.chiwava.com\/de\/wp-json\/wp\/v2\/product_tag?post=77074"}],"curies":[{"name":"wp","href":"https:\/\/api.w.org\/{rel}","templated":true}]}}