{"id":77070,"date":"2024-06-27T09:00:42","date_gmt":"2024-06-27T09:00:42","guid":{"rendered":"https:\/\/www.chiwava.com\/?post_type=product&#038;p=77070"},"modified":"2025-07-25T08:28:53","modified_gmt":"2025-07-25T08:28:53","slug":"er171","status":"publish","type":"product","link":"https:\/\/www.chiwava.com\/de\/produkt\/er171\/","title":{"rendered":"Chiwava 2er-Pack 5,9-Zoll-Gummi-Hunde-Frisbee, Apportierspielzeug f\u00fcr Hunde, Outdoor-Spiel f\u00fcr kleine Hunde"},"content":{"rendered":"<p>Chiwava Fly Disc sind aus Naturkautschuk, UNGIFTIG. Weich, flexibel und leicht zu greifen. Kann beim Reinigen der Z\u00e4hne und Massieren des Zahnfleisches helfen. F\u00fcr kleine Hunde gemacht, ideal f\u00fcr Langstreckenfl\u00fcge und Apportierspiele. Ein gutes Werkzeug f\u00fcr das Training drinnen oder drau\u00dfen, geeignet f\u00fcr Parks, Str\u00e4nde und Hinterh\u00f6fe. Sie k\u00f6nnen es sogar umdrehen und als Reisenapf f\u00fcr Futter oder Wasser verwenden. F\u00f6rdert gesunde Bewegung und Bindungszeit. Baut Energie und Stress ab.<\/p>\n<p>&nbsp;<\/p>\n<p>&nbsp;<\/p>\n<p>&nbsp;<\/p>\n<p>&nbsp;<\/p>","protected":false},"excerpt":{"rendered":"<p><a href=\"https:\/\/www.chiwava.com\/de\/markenshop\/\"><img loading=\"lazy\" decoding=\"async\" class=\"alignnone size-medium wp-image-94\" src=\"https:\/\/www.chiwava.com\/wp-content\/uploads\/2019\/06\/Amazon-300x73.png\" alt=\"\" width=\"300\" height=\"73\" srcset=\"https:\/\/www.chiwava.com\/wp-content\/uploads\/2019\/06\/Amazon-300x73.png 300w, https:\/\/www.chiwava.com\/wp-content\/uploads\/2019\/06\/Amazon.png 364w\" sizes=\"auto, (max-width: 300px) 100vw, 300px\" \/><\/a><\/p>\n<p>Chiwava 2er-Pack 5,9-Zoll-Gummi-Hunde-Frisbee-Apportierspielzeug f\u00fcr Hunde, Outdoor-Spiel f\u00fcr kleine Hunde<\/p>\n<p>\u2764 Aus Naturkautschuk, ungiftig, f\u00fchlt sich weich an. (2 St\u00fcck\/Set, 5,9 Zoll, 1 x blau + 1 x orange).<br \/>\n\u2764 Diese Fliegenscheibe sorgt f\u00fcr eine sichere Reinigung von Z\u00e4hnen und Zahnfleisch.<br \/>\n\u2764 Der interaktive Flyer ist das perfekte Spielzeug im Wasser, Gras oder Schnee. Sie k\u00f6nnen ihn sogar umdrehen und als Reisenapf f\u00fcr Futter oder Wasser verwenden.<br \/>\n\u2764 Das leichte Gewicht eignet sich hervorragend zum Werfen und Apportieren. Es spricht die nat\u00fcrlichen Instinkte Ihres Haustiers an und sorgt f\u00fcr zus\u00e4tzliche Spannung.<br \/>\n\u2764 Geeignet f\u00fcr kleine Hunde \u2013 weniger als 11 kg (24,25 lb). Leicht zu reinigen. \u2026 <span class=\"more-button\"><a href=\"https:\/\/www.chiwava.com\/de\/produkt\/er171\/\" class=\"more-link\">Fortsetzen<span class=\"screen-reader-text\">Chiwava 2er-Pack 5,9-Zoll-Gummi-Hunde-Frisbee, Apportierspielzeug f\u00fcr Hunde, Outdoor-Spiel f\u00fcr kleine Hunde<\/span><\/a><\/span><\/p>","protected":false},"featured_media":77392,"template":"","meta":[],"product_brand":[],"product_cat":[16,15],"product_tag":[273,156,274],"class_list":{"0":"post-77070","1":"product","2":"type-product","3":"status-publish","4":"has-post-thumbnail","6":"product_cat-dog_toys","7":"product_cat-pet_toys","8":"product_tag-dog-fly-disc","9":"product_tag-rubber-dog-toy","10":"product_tag-rubber-fetch-dog-toy","12":"first","13":"instock","14":"shipping-taxable","15":"product-type-simple"},"_links":{"self":[{"href":"https:\/\/www.chiwava.com\/de\/wp-json\/wp\/v2\/product\/77070","targetHints":{"allow":["GET"]}}],"collection":[{"href":"https:\/\/www.chiwava.com\/de\/wp-json\/wp\/v2\/product"}],"about":[{"href":"https:\/\/www.chiwava.com\/de\/wp-json\/wp\/v2\/types\/product"}],"wp:featuredmedia":[{"embeddable":true,"href":"https:\/\/www.chiwava.com\/de\/wp-json\/wp\/v2\/media\/77392"}],"wp:attachment":[{"href":"https:\/\/www.chiwava.com\/de\/wp-json\/wp\/v2\/media?parent=77070"}],"wp:term":[{"taxonomy":"product_brand","embeddable":true,"href":"https:\/\/www.chiwava.com\/de\/wp-json\/wp\/v2\/product_brand?post=77070"},{"taxonomy":"product_cat","embeddable":true,"href":"https:\/\/www.chiwava.com\/de\/wp-json\/wp\/v2\/product_cat?post=77070"},{"taxonomy":"product_tag","embeddable":true,"href":"https:\/\/www.chiwava.com\/de\/wp-json\/wp\/v2\/product_tag?post=77070"}],"curies":[{"name":"wp","href":"https:\/\/api.w.org\/{rel}","templated":true}]}}