{"id":77068,"date":"2024-06-27T08:57:09","date_gmt":"2024-06-27T08:57:09","guid":{"rendered":"https:\/\/www.chiwava.com\/?post_type=product&#038;p=77068"},"modified":"2025-06-09T07:35:48","modified_gmt":"2025-06-09T07:35:48","slug":"er200","status":"publish","type":"product","link":"https:\/\/www.chiwava.com\/de\/produkt\/er200\/","title":{"rendered":"Chiwava 8,7\u2033 Gummi-Tauziehen-Hunde-Frisbee-Apportierspielzeug f\u00fcr Hunde, Outdoor-Spiel f\u00fcr mittelgro\u00dfe und gro\u00dfe Hunde"},"content":{"rendered":"<p>Diese Tug Fly Disc wurde entwickelt, um Hunden unterhaltsame und spannende Spielzeit zu bieten. Sie ist aus Naturkautschuk hergestellt und UNGIFTIG. Der Gummigriff ist angenehm zu greifen, sodass Sie und Ihr Hund w\u00e4hrend unserer Tauziehen-K\u00e4mpfe guten Halt haben. Hollow Dog Flying Disc ist leicht zu ziehen und zu werfen. Gro\u00dfartig f\u00fcr den Nervenkitzel einer Fly Disc und lustige Tauziehen-Spiele. Die Fly Disc ist ideal, um aktives Spielen und Bewegung zu f\u00f6rdern und regt zum Laufen, Springen und Apportieren an.<\/p>","protected":false},"excerpt":{"rendered":"<p><a href=\"https:\/\/www.chiwava.com\/de\/markenshop\/\"><img loading=\"lazy\" decoding=\"async\" class=\"alignnone size-medium wp-image-94\" src=\"https:\/\/www.chiwava.com\/wp-content\/uploads\/2019\/06\/Amazon-300x73.png\" alt=\"\" width=\"300\" height=\"73\" srcset=\"https:\/\/www.chiwava.com\/wp-content\/uploads\/2019\/06\/Amazon-300x73.png 300w, https:\/\/www.chiwava.com\/wp-content\/uploads\/2019\/06\/Amazon.png 364w\" sizes=\"auto, (max-width: 300px) 100vw, 300px\" \/><\/a><\/p>\n<p>Chiwava 8,7 Zoll Gummi-Tauziehen-Hunde-Frisbee, Apportierspielzeug f\u00fcr Hunde, Outdoor-Spiel f\u00fcr mittelgro\u00dfe und gro\u00dfe Hunde<\/p>\n<p>\u2764 Aus Naturkautschuk, ungiftig, f\u00fchlt sich weich an.<br \/>\n\u2764 Interaktive Fliegenscheibe, ideal zum Werfen, Apportieren, Schleudern, Trainieren und Fangen.<br \/>\n\u2764 Weich genug, um sanft zu den Z\u00e4hnen und dem Zahnfleisch des Hundes zu sein, bequemer Halt f\u00fcr Ihr Haustier.<br \/>\n\u2764 Diese hohle Hunde-Fliegenscheibe ist sowohl f\u00fcr Tauziehen als auch zum Apportieren konzipiert und bietet Ihrem Haustier stundenlange Unterhaltung und Bewegung.<br \/>\n\u2764 Geeignet f\u00fcr gro\u00dfe Hunde \u2013 31\u201340 kg (68,3\u201388,2 lb). Leicht zu reinigen. \u2026 <span class=\"more-button\"><a href=\"https:\/\/www.chiwava.com\/de\/produkt\/er200\/\" class=\"more-link\">Fortsetzen<span class=\"screen-reader-text\">Chiwava 8,7\u2033 Gummi-Tauziehen-Hunde-Frisbee-Apportierspielzeug f\u00fcr Hunde, Outdoor-Spiel f\u00fcr mittelgro\u00dfe und gro\u00dfe Hunde<\/span><\/a><\/span><\/p>","protected":false},"featured_media":78061,"template":"","meta":[],"product_brand":[],"product_cat":[16,15],"product_tag":[273,156,274],"class_list":{"0":"post-77068","1":"product","2":"type-product","3":"status-publish","4":"has-post-thumbnail","6":"product_cat-dog_toys","7":"product_cat-pet_toys","8":"product_tag-dog-fly-disc","9":"product_tag-rubber-dog-toy","10":"product_tag-rubber-fetch-dog-toy","12":"first","13":"instock","14":"shipping-taxable","15":"product-type-simple"},"_links":{"self":[{"href":"https:\/\/www.chiwava.com\/de\/wp-json\/wp\/v2\/product\/77068","targetHints":{"allow":["GET"]}}],"collection":[{"href":"https:\/\/www.chiwava.com\/de\/wp-json\/wp\/v2\/product"}],"about":[{"href":"https:\/\/www.chiwava.com\/de\/wp-json\/wp\/v2\/types\/product"}],"wp:featuredmedia":[{"embeddable":true,"href":"https:\/\/www.chiwava.com\/de\/wp-json\/wp\/v2\/media\/78061"}],"wp:attachment":[{"href":"https:\/\/www.chiwava.com\/de\/wp-json\/wp\/v2\/media?parent=77068"}],"wp:term":[{"taxonomy":"product_brand","embeddable":true,"href":"https:\/\/www.chiwava.com\/de\/wp-json\/wp\/v2\/product_brand?post=77068"},{"taxonomy":"product_cat","embeddable":true,"href":"https:\/\/www.chiwava.com\/de\/wp-json\/wp\/v2\/product_cat?post=77068"},{"taxonomy":"product_tag","embeddable":true,"href":"https:\/\/www.chiwava.com\/de\/wp-json\/wp\/v2\/product_tag?post=77068"}],"curies":[{"name":"wp","href":"https:\/\/api.w.org\/{rel}","templated":true}]}}