{"id":77066,"date":"2024-06-27T08:38:00","date_gmt":"2024-06-27T08:38:00","guid":{"rendered":"https:\/\/www.chiwava.com\/?post_type=product&#038;p=77066"},"modified":"2024-08-21T09:45:59","modified_gmt":"2024-08-21T09:45:59","slug":"er021er001","status":"publish","type":"product","link":"https:\/\/www.chiwava.com\/de\/produkt\/er021er001\/","title":{"rendered":"Chiwava 2er-Pack Hundespielzeug-Zahnfleischb\u00e4lle aus Gummi mit Snack-Leckerli-Ball-Sets f\u00fcr gro\u00dfe Hunde"},"content":{"rendered":"<p>Chiwava-Zahnb\u00e4lle aus Gummi sind aus Naturkautschuk und NICHT GIFTIG. Zahnb\u00e4lle mit S\u00e4gezahn-Oberfl\u00e4chendesign und Leckerli-B\u00e4lle verwenden das Leckerli-Spender-Design. Dieser Ball hilft Haustieren nicht nur dabei, die Z\u00e4hne zu reinigen und das Zahnfleisch zu massieren, sondern kann auch mit einem Leckerli in das Loch oder die Zahnform gef\u00fcllt werden, um das Interesse Ihres Haustiers zu steigern, ihm das Fressen schmackhaft zu machen und ihm die gute Angewohnheit des langsamen Fressens beizubringen. Er eignet sich zum Apportieren, Werfen und Kauen, f\u00f6rdert aktives Spielen und Trainieren und erm\u00f6glicht stundenlange Bindung mit Ihrem Haustier.<\/p>\n<p>&nbsp;<\/p>","protected":false},"excerpt":{"rendered":"<p><a href=\"https:\/\/www.chiwava.com\/de\/markenshop\/\"><img loading=\"lazy\" decoding=\"async\" class=\"alignnone size-medium wp-image-94\" src=\"https:\/\/www.chiwava.com\/wp-content\/uploads\/2019\/06\/Amazon-300x73.png\" alt=\"\" width=\"300\" height=\"73\" srcset=\"https:\/\/www.chiwava.com\/wp-content\/uploads\/2019\/06\/Amazon-300x73.png 300w, https:\/\/www.chiwava.com\/wp-content\/uploads\/2019\/06\/Amazon.png 364w\" sizes=\"auto, (max-width: 300px) 100vw, 300px\" \/><\/a><\/p>\n<p>Chiwava 2er-Pack Hundespielzeug-Zahnfleischb\u00e4lle aus Gummi mit Snack-Leckerli-Ball-Sets f\u00fcr gro\u00dfe Hunde<\/p>\n<p>\u2764 Aus Naturkautschuk, ungiftig (2 St\u00fcck\/Set, 1 x Minzgr\u00fcn + 1 x Gr\u00fcn).<br \/>\n\u2764 Sie k\u00f6nnen das Lieblingsfutter oder die Lieblingsleckereien Ihres Hundes in den Ball geben, um die Aufmerksamkeit Ihres Hundes leichter zu erregen.<br \/>\n\u2764 Der mintgr\u00fcne Zahnball kann beim Reinigen der Z\u00e4hne und Massieren des Zahnfleisches helfen und so die Zahngesundheit f\u00f6rdern.<br \/>\n\u2764 Der gr\u00fcne Leckerli-Ball kann wie ein Puzzlespielzeug mit Lebensmitteln gef\u00fcllt werden und verbessert so die Probleml\u00f6sungsf\u00e4higkeiten der Kinder.<br \/>\n\u2764 Zum Apportieren und Rollen konzipiert, f\u00f6rdert aktives Spielen und spricht die nat\u00fcrlichen Instinkte des Hundes an.<br \/>\n\u2764 Geeignet f\u00fcr gro\u00dfe Hunde \u2013 31\u201340 kg (68,3\u201388,2 lb). Leicht zu reinigen. Nach Gebrauch einfach mit warmem Wasser absp\u00fclen und trocknen. \u2026 <span class=\"more-button\"><a href=\"https:\/\/www.chiwava.com\/de\/produkt\/er021er001\/\" class=\"more-link\">Fortsetzen<span class=\"screen-reader-text\">Chiwava 2er-Pack Hundespielzeug-Zahnfleischb\u00e4lle aus Gummi mit Snack-Leckerli-Ball-Sets f\u00fcr gro\u00dfe Hunde<\/span><\/a><\/span><\/p>","protected":false},"featured_media":77179,"template":"","meta":[],"product_brand":[],"product_cat":[16,15],"product_tag":[165,271,272],"class_list":{"0":"post-77066","1":"product","2":"type-product","3":"status-publish","4":"has-post-thumbnail","6":"product_cat-dog_toys","7":"product_cat-pet_toys","8":"product_tag-chew-dog-toy","9":"product_tag-rubber-dog-toy-ball","10":"product_tag-treat-dog-toy-ball","12":"first","13":"instock","14":"shipping-taxable","15":"product-type-simple"},"_links":{"self":[{"href":"https:\/\/www.chiwava.com\/de\/wp-json\/wp\/v2\/product\/77066","targetHints":{"allow":["GET"]}}],"collection":[{"href":"https:\/\/www.chiwava.com\/de\/wp-json\/wp\/v2\/product"}],"about":[{"href":"https:\/\/www.chiwava.com\/de\/wp-json\/wp\/v2\/types\/product"}],"wp:featuredmedia":[{"embeddable":true,"href":"https:\/\/www.chiwava.com\/de\/wp-json\/wp\/v2\/media\/77179"}],"wp:attachment":[{"href":"https:\/\/www.chiwava.com\/de\/wp-json\/wp\/v2\/media?parent=77066"}],"wp:term":[{"taxonomy":"product_brand","embeddable":true,"href":"https:\/\/www.chiwava.com\/de\/wp-json\/wp\/v2\/product_brand?post=77066"},{"taxonomy":"product_cat","embeddable":true,"href":"https:\/\/www.chiwava.com\/de\/wp-json\/wp\/v2\/product_cat?post=77066"},{"taxonomy":"product_tag","embeddable":true,"href":"https:\/\/www.chiwava.com\/de\/wp-json\/wp\/v2\/product_tag?post=77066"}],"curies":[{"name":"wp","href":"https:\/\/api.w.org\/{rel}","templated":true}]}}