{"id":77063,"date":"2024-06-27T08:36:17","date_gmt":"2024-06-27T08:36:17","guid":{"rendered":"https:\/\/www.chiwava.com\/?post_type=product&#038;p=77063"},"modified":"2025-07-04T03:49:57","modified_gmt":"2025-07-04T03:49:57","slug":"er001","status":"publish","type":"product","link":"https:\/\/www.chiwava.com\/de\/produkt\/er001\/","title":{"rendered":"Chiwava 2er-Pack 2,75 Zoll Gummi-Zahnspielzeug f\u00fcr Hunde, Zahnb\u00e4lle, Futter- und Leckerli-Futterspender, Kauball f\u00fcr gro\u00dfe Hunde"},"content":{"rendered":"<p>Chiwava-Zahnb\u00e4lle aus Gummi sind aus Naturkautschuk und UNGIFTIG. Rutschfestes Oberfl\u00e4chendesign mit S\u00e4gezahnmuster, f\u00fcr gro\u00dfe Hunde geeignet, passt in das Maul Ihres Haustiers. Dieser Ball hilft Ihrem Haustier nicht nur dabei, die Z\u00e4hne zu reinigen und das Zahnfleisch zu massieren, sondern kann auch als Snack verwendet werden. Erdnussbutter oder Joghurt k\u00f6nnen auf die zahnf\u00f6rmigen B\u00e4lle gestrichen werden, um das Interesse Ihres Haustiers zu steigern. In das mittlere Loch k\u00f6nnen Leckerlis gesteckt werden. Er eignet sich zum Apportieren, Werfen und Kauen. Er f\u00f6rdert aktives Spielen und Trainieren und erm\u00f6glicht stundenlange Bindung mit Ihrem Haustier.<\/p>","protected":false},"excerpt":{"rendered":"<p><a href=\"https:\/\/www.chiwava.com\/de\/markenshop\/\"><img loading=\"lazy\" decoding=\"async\" class=\"alignnone size-medium wp-image-94\" src=\"https:\/\/www.chiwava.com\/wp-content\/uploads\/2019\/06\/Amazon-300x73.png\" alt=\"\" width=\"300\" height=\"73\" srcset=\"https:\/\/www.chiwava.com\/wp-content\/uploads\/2019\/06\/Amazon-300x73.png 300w, https:\/\/www.chiwava.com\/wp-content\/uploads\/2019\/06\/Amazon.png 364w\" sizes=\"auto, (max-width: 300px) 100vw, 300px\" \/><\/a><\/p>\n<p>Chiwava 2er-Pack 2,75 Zoll Gummi-Zahnspielzeug f\u00fcr Hunde, Zahnb\u00e4lle, Futter- und Leckerli-Futterspender, Kauball f\u00fcr gro\u00dfe Hunde<\/p>\n<p>\u2764 Aus Naturkautschuk, ungiftig (2 St\u00fcck\/Set, 2,75 Zoll, 1 x Mintgr\u00fcn + 1 x Orange).<br \/>\n\u2764 Sie k\u00f6nnen das Lieblingsfutter oder die Lieblingsleckereien Ihres Hundes in den Ball geben, um die Aufmerksamkeit Ihres Hundes leichter zu erregen.<br \/>\n\u2764 Das rutschsichere S\u00e4gezahn-Oberfl\u00e4chendesign hilft beim Reinigen der Z\u00e4hne und Massieren des Zahnfleisches und f\u00f6rdert so die Zahngesundheit.<br \/>\n\u2764 Zum Apportieren und Rollen konzipiert, f\u00f6rdert aktives Spielen und spricht die nat\u00fcrlichen Instinkte des Hundes an.<br \/>\n\u2764 Geeignet f\u00fcr gro\u00dfe Hunde \u2013 31\u201340 kg (68,3\u201388,2 lb). Leicht zu reinigen. Nach Gebrauch einfach mit warmem Wasser absp\u00fclen und trocknen. \u2026 <span class=\"more-button\"><a href=\"https:\/\/www.chiwava.com\/de\/produkt\/er001\/\" class=\"more-link\">Fortsetzen<span class=\"screen-reader-text\">Chiwava 2er-Pack 2,75 Zoll Gummi-Zahnspielzeug f\u00fcr Hunde, Zahnb\u00e4lle, Futter- und Leckerli-Futterspender, Kauball f\u00fcr gro\u00dfe Hunde<\/span><\/a><\/span><\/p>","protected":false},"featured_media":77176,"template":"","meta":[],"product_brand":[],"product_cat":[16,15],"product_tag":[165,156,271],"class_list":{"0":"post-77063","1":"product","2":"type-product","3":"status-publish","4":"has-post-thumbnail","6":"product_cat-dog_toys","7":"product_cat-pet_toys","8":"product_tag-chew-dog-toy","9":"product_tag-rubber-dog-toy","10":"product_tag-rubber-dog-toy-ball","12":"first","13":"instock","14":"shipping-taxable","15":"product-type-simple"},"_links":{"self":[{"href":"https:\/\/www.chiwava.com\/de\/wp-json\/wp\/v2\/product\/77063","targetHints":{"allow":["GET"]}}],"collection":[{"href":"https:\/\/www.chiwava.com\/de\/wp-json\/wp\/v2\/product"}],"about":[{"href":"https:\/\/www.chiwava.com\/de\/wp-json\/wp\/v2\/types\/product"}],"wp:featuredmedia":[{"embeddable":true,"href":"https:\/\/www.chiwava.com\/de\/wp-json\/wp\/v2\/media\/77176"}],"wp:attachment":[{"href":"https:\/\/www.chiwava.com\/de\/wp-json\/wp\/v2\/media?parent=77063"}],"wp:term":[{"taxonomy":"product_brand","embeddable":true,"href":"https:\/\/www.chiwava.com\/de\/wp-json\/wp\/v2\/product_brand?post=77063"},{"taxonomy":"product_cat","embeddable":true,"href":"https:\/\/www.chiwava.com\/de\/wp-json\/wp\/v2\/product_cat?post=77063"},{"taxonomy":"product_tag","embeddable":true,"href":"https:\/\/www.chiwava.com\/de\/wp-json\/wp\/v2\/product_tag?post=77063"}],"curies":[{"name":"wp","href":"https:\/\/api.w.org\/{rel}","templated":true}]}}