{"id":76877,"date":"2023-10-16T07:30:50","date_gmt":"2023-10-16T07:30:50","guid":{"rendered":"https:\/\/www.chiwava.com\/?post_type=product&#038;p=76877"},"modified":"2025-10-10T06:46:10","modified_gmt":"2025-10-10T06:46:10","slug":"dtl23001","status":"publish","type":"product","link":"https:\/\/www.chiwava.com\/de\/produkt\/dtl23001\/","title":{"rendered":"CHIWAVA 4er-Pack 1,7\u2033 quietschende Latex-Hundespielzeugw\u00fcrfel"},"content":{"rendered":"<p>Chiwava Latex-Hundespielzeugw\u00fcrfel bestehen aus Naturlatex. UNGIFTIG. Es hat die Form eines lebensgro\u00dfen W\u00fcrfels und verleiht den Spielsitzungen Ihres Hundes eine aufregende Wendung. Jedes Spielzeug hat einen kleinen Quietscher. Bei jedem spielerischen Ansto\u00df wird Ihr pelziger Begleiter mit einem lustigen Quietschen belohnt. Die leuchtenden Farben und das klassische Design fesseln die Aufmerksamkeit Ihres Welpen und machen ihn zum perfekten Begleiter zum Apportieren, Fangen oder sogar zum Solo-Spielen.<\/p>\n<p>&nbsp;<\/p>\n<p>&nbsp;<\/p>","protected":false},"excerpt":{"rendered":"<p><a href=\"https:\/\/www.chiwava.com\/de\/markenshop\/\"><img loading=\"lazy\" decoding=\"async\" class=\"alignnone size-medium wp-image-94\" src=\"https:\/\/www.chiwava.com\/wp-content\/uploads\/2019\/06\/Amazon-300x73.png\" alt=\"\" width=\"300\" height=\"73\" srcset=\"https:\/\/www.chiwava.com\/wp-content\/uploads\/2019\/06\/Amazon-300x73.png 300w, https:\/\/www.chiwava.com\/wp-content\/uploads\/2019\/06\/Amazon.png 364w\" sizes=\"auto, (max-width: 300px) 100vw, 300px\" \/><\/a><\/p>\n<p>CHIWAVA 4er-Pack 1,7\u2033 quietschendes Latex-Hundespielzeug, W\u00fcrfel, Welpen-Fetch, interaktives Spiel f\u00fcr kleine Hunde<\/p>\n<p>\u2764 Hergestellt aus Naturkautschuklatex, ungiftig.<br \/>\n\u2764 Weicher, zusammendr\u00fcckender, lustiger, klassischer W\u00fcrfel, gef\u00fcllt mit F\u00fcllung.<br \/>\n\u2764 Interaktives Spielzeug f\u00fcr den Innen- und Au\u00dfenbereich, ideal zum Apportieren, Werfen und H\u00fcpfen.<br \/>\n\u2764 Enth\u00e4lt 4 verschiedene Farben, verleiht der Spielzeit ein neues Element und sorgt daf\u00fcr, dass Ihr Welpe besch\u00e4ftigt und unterhalten bleibt.<br \/>\n\u2764 Geeignet f\u00fcr kleine Hunde \u2013 weniger als 11 kg (24,25 lb). \u2026 <span class=\"more-button\"><a href=\"https:\/\/www.chiwava.com\/de\/produkt\/dtl23001\/\" class=\"more-link\">Fortsetzen<span class=\"screen-reader-text\">CHIWAVA 4er-Pack 1,7\u2033 quietschende Latex-Hundespielzeugw\u00fcrfel<\/span><\/a><\/span><\/p>","protected":false},"featured_media":76913,"template":"","meta":[],"product_brand":[],"product_cat":[16,286,15],"product_tag":[268,166,59,58],"class_list":{"0":"post-76877","1":"product","2":"type-product","3":"status-publish","4":"has-post-thumbnail","6":"product_cat-dog_toys","7":"product_cat-latex-dog-toys","8":"product_cat-pet_toys","9":"product_tag-dog-toy-dice","10":"product_tag-fetch-dog-toy","11":"product_tag-interactive-dog-toy","12":"product_tag-squeak-dog-toy","14":"first","15":"instock","16":"shipping-taxable","17":"product-type-simple"},"_links":{"self":[{"href":"https:\/\/www.chiwava.com\/de\/wp-json\/wp\/v2\/product\/76877","targetHints":{"allow":["GET"]}}],"collection":[{"href":"https:\/\/www.chiwava.com\/de\/wp-json\/wp\/v2\/product"}],"about":[{"href":"https:\/\/www.chiwava.com\/de\/wp-json\/wp\/v2\/types\/product"}],"wp:featuredmedia":[{"embeddable":true,"href":"https:\/\/www.chiwava.com\/de\/wp-json\/wp\/v2\/media\/76913"}],"wp:attachment":[{"href":"https:\/\/www.chiwava.com\/de\/wp-json\/wp\/v2\/media?parent=76877"}],"wp:term":[{"taxonomy":"product_brand","embeddable":true,"href":"https:\/\/www.chiwava.com\/de\/wp-json\/wp\/v2\/product_brand?post=76877"},{"taxonomy":"product_cat","embeddable":true,"href":"https:\/\/www.chiwava.com\/de\/wp-json\/wp\/v2\/product_cat?post=76877"},{"taxonomy":"product_tag","embeddable":true,"href":"https:\/\/www.chiwava.com\/de\/wp-json\/wp\/v2\/product_tag?post=76877"}],"curies":[{"name":"wp","href":"https:\/\/api.w.org\/{rel}","templated":true}]}}