{"id":76343,"date":"2023-04-19T06:26:32","date_gmt":"2023-04-19T06:26:32","guid":{"rendered":"https:\/\/www.chiwava.com\/?post_type=product&#038;p=76343"},"modified":"2023-10-08T03:53:50","modified_gmt":"2023-10-08T03:53:50","slug":"ctb12003-6stuck","status":"publish","type":"product","link":"https:\/\/www.chiwava.com\/de\/produkt\/ctb12003-6stuck\/","title":{"rendered":"Chiwava 6er-Pack 20\u2033 Wollgarn-Katzenspielzeugb\u00e4lle mit Gl\u00f6ckchen, interaktives Spielzeug f\u00fcr K\u00e4tzchen"},"content":{"rendered":"<p>Die verschiedenen Chiwava-Kn\u00e4uel bestehen aus weichem Wollgarn. UNGIFTIG. Diese Garnkn\u00e4uel kombinieren die Weichheit von Wollgarn mit dem Glockenklang und dem zus\u00e4tzlichen Spa\u00df einer langen Schnur. Am Spielzeugball ist eine Glocke angebracht, die bei jeder Bewegung klimpert. Der Glockenklang regt die Neugier Ihrer Katze an und fesselt ihre Aufmerksamkeit. Das Saitendesign gibt Ihnen eine gute Hebelwirkung, um die B\u00e4lle zu schleudern. Mit der Schnur kann der Ball \u00fcber den Boden gezogen werden, ideal zum Rollen, Springen, Schlagen und Jagen. bietet endlose Unterhaltung und Anregung.<\/p>","protected":false},"excerpt":{"rendered":"<p><a href=\"https:\/\/www.chiwava.com\/de\/markenshop\/\"><img loading=\"lazy\" decoding=\"async\" class=\"alignnone size-medium wp-image-94\" src=\"https:\/\/www.chiwava.com\/wp-content\/uploads\/2019\/06\/Amazon-300x73.png\" alt=\"\" width=\"300\" height=\"73\" srcset=\"https:\/\/www.chiwava.com\/wp-content\/uploads\/2019\/06\/Amazon-300x73.png 300w, https:\/\/www.chiwava.com\/wp-content\/uploads\/2019\/06\/Amazon.png 364w\" sizes=\"auto, (max-width: 300px) 100vw, 300px\" \/><\/a><\/p>\n<p>Chiwava 6PCS 20\u2033 Wollgarn-Katzenspielzeugb\u00e4lle mit Glocke<\/p>\n<ul>\n<li>Innen aus Kunststoff, au\u00dfen aus weichem Wollgarn.<\/li>\n<li>Leicht, einfach zu transportieren und an der Schnur aufzuh\u00e4ngen, ideal zum Werfen der B\u00e4lle.<\/li>\n<li>Glockendesign, das die nat\u00fcrlichen Instinkte Ihrer Katze anspricht und endlose Unterhaltung bietet.<\/li>\n<li>Garnb\u00e4lle haben die perfekte Gr\u00f6\u00dfe zum Rollen und Werfen, ideal f\u00fcr \u00dcbungen und Trainingsspiele.<\/li>\n<li>Paket: 6 St\u00fcck pro Box, ideal f\u00fcr interaktive Haushalte im Innenbereich und Aktivit\u00e4tsspielzeug.<\/li>\n<\/ul>\n<p> \u2026 <span class=\"more-button\"><a href=\"https:\/\/www.chiwava.com\/de\/produkt\/ctb12003-6stuck\/\" class=\"more-link\">Fortsetzen<span class=\"screen-reader-text\">Chiwava 6er-Pack 20\u2033 Wollgarn-Katzenspielzeugb\u00e4lle mit Gl\u00f6ckchen, interaktives Spielzeug f\u00fcr K\u00e4tzchen<\/span><\/a><\/span><\/p>","protected":false},"featured_media":76571,"template":"","meta":[],"product_brand":[],"product_cat":[17,15],"product_tag":[255,139,254],"class_list":{"0":"post-76343","1":"product","2":"type-product","3":"status-publish","4":"has-post-thumbnail","6":"product_cat-cat_toys","7":"product_cat-pet_toys","8":"product_tag-cat-toy-ball-with-bell","9":"product_tag-interactive-cat-toy","10":"product_tag-woolen-yarn-cat-toy-balls","12":"first","13":"instock","14":"shipping-taxable","15":"product-type-simple"},"_links":{"self":[{"href":"https:\/\/www.chiwava.com\/de\/wp-json\/wp\/v2\/product\/76343","targetHints":{"allow":["GET"]}}],"collection":[{"href":"https:\/\/www.chiwava.com\/de\/wp-json\/wp\/v2\/product"}],"about":[{"href":"https:\/\/www.chiwava.com\/de\/wp-json\/wp\/v2\/types\/product"}],"wp:featuredmedia":[{"embeddable":true,"href":"https:\/\/www.chiwava.com\/de\/wp-json\/wp\/v2\/media\/76571"}],"wp:attachment":[{"href":"https:\/\/www.chiwava.com\/de\/wp-json\/wp\/v2\/media?parent=76343"}],"wp:term":[{"taxonomy":"product_brand","embeddable":true,"href":"https:\/\/www.chiwava.com\/de\/wp-json\/wp\/v2\/product_brand?post=76343"},{"taxonomy":"product_cat","embeddable":true,"href":"https:\/\/www.chiwava.com\/de\/wp-json\/wp\/v2\/product_cat?post=76343"},{"taxonomy":"product_tag","embeddable":true,"href":"https:\/\/www.chiwava.com\/de\/wp-json\/wp\/v2\/product_tag?post=76343"}],"curies":[{"name":"wp","href":"https:\/\/api.w.org\/{rel}","templated":true}]}}