{"id":75626,"date":"2022-05-25T03:12:42","date_gmt":"2022-05-25T03:12:42","guid":{"rendered":"https:\/\/www.chiwava.com\/?post_type=product&#038;p=75626"},"modified":"2023-10-08T03:58:06","modified_gmt":"2023-10-08T03:58:06","slug":"cts00026-36stuck","status":"publish","type":"product","link":"https:\/\/www.chiwava.com\/de\/produkt\/cts00026-36stuck\/","title":{"rendered":"Chiwava 36 Pack 1,7 Zoll Schaumstoff-Katzenspielzeug Ball Regenbogenfarbe"},"content":{"rendered":"<p>Set mit 36 B\u00e4llen, damit Sie sich keine Sorgen machen m\u00fcssen, das Spielzeug in Ihrem Haus zu verlieren. Katzen sind nachtaktive Tiere und viele von ihnen lieben es, nachts durch die Wohnung zu hetzen. Speziell f\u00fcr stilles Spielen gemacht, kann aber trotzdem Ihre sch\u00f6ne Katze wegen des sehr farbenfrohen Designs und des geringen Gewichts interessieren. Schaumstoffb\u00e4lle f\u00fchlen sich glatt an und sind nicht so weich, was sie zu langlebigen Spielzeugen macht. Ihre Katze kann den Ball nachts problemlos rollen und jagen, ohne L\u00e4rm zu machen und ohne Ihren Schlaf zu unterbrechen.<\/p>","protected":false},"excerpt":{"rendered":"<p><a href=\"https:\/\/www.chiwava.com\/de\/markenshop\/\"><img loading=\"lazy\" decoding=\"async\" class=\"alignnone size-medium wp-image-94\" src=\"https:\/\/www.chiwava.com\/wp-content\/uploads\/2019\/06\/Amazon-300x73.png\" alt=\"\" width=\"300\" height=\"73\" srcset=\"https:\/\/www.chiwava.com\/wp-content\/uploads\/2019\/06\/Amazon-300x73.png 300w, https:\/\/www.chiwava.com\/wp-content\/uploads\/2019\/06\/Amazon.png 364w\" sizes=\"auto, (max-width: 300px) 100vw, 300px\" \/><\/a><br \/>\nChiwava 36 St\u00fcck 1,7 Zoll Schaum Katzenspielzeug B\u00e4lle Regenbogenfarbe B\u00e4lle K\u00e4tzchen Aktivit\u00e4t Verfolgungsjagd Leises Spiel Mischungsfarbe<\/p>\n<hr \/>\n<ul class=\"a-unordered-list a-vertical a-spacing-none\">\n<li><span class=\"a-list-item\">Leichter Ball aus EVA-Schaum<\/span><\/li>\n<li><span class=\"a-list-item\">Bunte Regenbogenkugeln<\/span><\/li>\n<li><span class=\"a-list-item\">Katzenspielzeug zum leisen Spielen<\/span><\/li>\n<li><span class=\"a-list-item\">36 St\u00fcck Katzenspielzeug<\/span><\/li>\n<li><span class=\"a-list-item\">Gro\u00dfartig f\u00fcr interaktives oder unabh\u00e4ngiges Spielen, einfach zu rollen und zu jagen<\/span><\/li>\n<\/ul>\n<p> \u2026 <span class=\"more-button\"><a href=\"https:\/\/www.chiwava.com\/de\/produkt\/cts00026-36stuck\/\" class=\"more-link\">Fortsetzen<span class=\"screen-reader-text\">Chiwava 36 Pack 1,7 Zoll Schaumstoff-Katzenspielzeug Ball Regenbogenfarbe<\/span><\/a><\/span><\/p>","protected":false},"featured_media":75982,"template":"","meta":[],"product_brand":[],"product_cat":[17,15],"product_tag":[31,33,34],"class_list":{"0":"post-75626","1":"product","2":"type-product","3":"status-publish","4":"has-post-thumbnail","6":"product_cat-cat_toys","7":"product_cat-pet_toys","8":"product_tag-cat-mice-for-kids","9":"product_tag-cat-toy-balls","10":"product_tag-cat-toys-for-adult","12":"first","13":"instock","14":"shipping-taxable","15":"product-type-simple"},"_links":{"self":[{"href":"https:\/\/www.chiwava.com\/de\/wp-json\/wp\/v2\/product\/75626","targetHints":{"allow":["GET"]}}],"collection":[{"href":"https:\/\/www.chiwava.com\/de\/wp-json\/wp\/v2\/product"}],"about":[{"href":"https:\/\/www.chiwava.com\/de\/wp-json\/wp\/v2\/types\/product"}],"wp:featuredmedia":[{"embeddable":true,"href":"https:\/\/www.chiwava.com\/de\/wp-json\/wp\/v2\/media\/75982"}],"wp:attachment":[{"href":"https:\/\/www.chiwava.com\/de\/wp-json\/wp\/v2\/media?parent=75626"}],"wp:term":[{"taxonomy":"product_brand","embeddable":true,"href":"https:\/\/www.chiwava.com\/de\/wp-json\/wp\/v2\/product_brand?post=75626"},{"taxonomy":"product_cat","embeddable":true,"href":"https:\/\/www.chiwava.com\/de\/wp-json\/wp\/v2\/product_cat?post=75626"},{"taxonomy":"product_tag","embeddable":true,"href":"https:\/\/www.chiwava.com\/de\/wp-json\/wp\/v2\/product_tag?post=75626"}],"curies":[{"name":"wp","href":"https:\/\/api.w.org\/{rel}","templated":true}]}}