{"id":75624,"date":"2022-05-25T03:10:01","date_gmt":"2022-05-25T03:10:01","guid":{"rendered":"https:\/\/www.chiwava.com\/?post_type=product&#038;p=75624"},"modified":"2023-10-26T09:07:38","modified_gmt":"2023-10-26T09:07:38","slug":"ctm00140-36stuck","status":"publish","type":"product","link":"https:\/\/www.chiwava.com\/de\/produkt\/ctm00140-36stuck\/","title":{"rendered":"Chiwava 36 St\u00fcck laute Katzenspielzeugb\u00e4lle aus Kunststoff mit Glocke"},"content":{"rendered":"<p>Chiwava 36 bunte Kunststoffkugeln mit L\u00f6chern oder Glocke im Inneren werden Ihren kleinen Kerl f\u00fcr immer besch\u00e4ftigen. 8 verschiedene Designs lassen keine Langeweile aufkommen. Das geringe Gewicht und die glatte Oberfl\u00e4che machen dieses Spielzeug schnell und einfach zu rollen, speziell f\u00fcr energiegeladene Katzen. Eine Mischung aus mittelgro\u00dfen und kleinen B\u00e4llen kann sowohl f\u00fcr erwachsene Katzen als auch f\u00fcr K\u00e4tzchen verwendet werden. Die B\u00e4lle sind aus festem Kunststoff hergestellt, was sie zu einem langlebigeren Spielzeug macht. Einfaches und schnelles Rollen wird Ihre Katze aufgeregter und interessierter machen.<\/p>","protected":false},"excerpt":{"rendered":"<p><a href=\"https:\/\/www.chiwava.com\/de\/markenshop\/\"><img loading=\"lazy\" decoding=\"async\" class=\"alignnone size-medium wp-image-94\" src=\"https:\/\/www.chiwava.com\/wp-content\/uploads\/2019\/06\/Amazon-300x73.png\" alt=\"\" width=\"300\" height=\"73\" srcset=\"https:\/\/www.chiwava.com\/wp-content\/uploads\/2019\/06\/Amazon-300x73.png 300w, https:\/\/www.chiwava.com\/wp-content\/uploads\/2019\/06\/Amazon.png 364w\" sizes=\"auto, (max-width: 300px) 100vw, 300px\" \/><\/a><a href=\"\/de\/markenshop\/\"><img loading=\"lazy\" decoding=\"async\" class=\"alignnone size-medium wp-image-94\" src=\"http:\/\/pending.chiwava.com\/wp-content\/uploads\/2019\/06\/Amazon-300x73.png\" alt=\"\" width=\"300\" height=\"73\" srcset=\"https:\/\/www.chiwava.com\/wp-content\/uploads\/2019\/06\/Amazon-300x73.png 300w, https:\/\/www.chiwava.com\/wp-content\/uploads\/2019\/06\/Amazon.png 364w\" sizes=\"auto, (max-width: 300px) 100vw, 300px\" \/><\/a><br \/>\nChiwava 36er-Pack laute Katzenspielzeugb\u00e4lle aus Kunststoff mit Glocke, K\u00e4tzchen-Verfolgungsspielzeug, 8 Arten, verschiedene Farben und Gr\u00f6\u00dfen<\/p>\n<hr \/>\n<ul class=\"a-unordered-list a-vertical a-spacing-none\">\n<li><span class=\"a-list-item\">SOLID und SMOOTH B\u00e4lle sind aus festem Kunststoff hergestellt, was sie zu einem langlebigeren Spielzeug macht, die glatte Oberfl\u00e4che hat kleine L\u00f6cher. Sehr einfaches und schnelles Rollen wird Ihre Katze aufgeregter und interessierter machen.<\/span><\/li>\n<li><span class=\"a-list-item\">FARBENFROH und GL\u00c4NZEND Gemischte leuchtende Farben und 8 verschiedene Designs in einer Box sorgen daf\u00fcr, dass Sie sich nicht langweilen, wenn Sie mit Ihrer Katze spielen. Jeder Ball hat eine kleine Klingel im Inneren, was dieses Spielzeug attraktiver macht als nur einen Plastikball.<\/span><\/li>\n<li><span class=\"a-list-item\">MEHR ALS GENUG 36 Chiwava Plastic Balls in einer Box, was gibt es Sch\u00f6neres, wenn Ihr kleiner Kerl seine Spielsachen gerne \u00fcberall versteckt. Sie k\u00f6nnen es einzeln spielen oder alle zusammen, um mehr Spa\u00df zu haben.<\/span><\/li>\n<li><span class=\"a-list-item\">ROLLEN UND VERFOLGEN Chiwava-Kunststoffb\u00e4lle eignen sich sowohl f\u00fcr interaktives als auch f\u00fcr unabh\u00e4ngiges Spielen. Sie haben ein geringes Gewicht, sodass sie leicht zu rollen und zu jagen sind. Dieses Spielzeug ist n\u00fctzlich f\u00fcr aktive Katzen, die gerne den ganzen Tag rennen und spielen.<\/span><\/li>\n<li><span class=\"a-list-item\">CAT and KITTEN Chiwava Plastic Ball Set hat unterschiedliche Gr\u00f6\u00dfen und ist leicht, sodass es f\u00fcr erwachsene Katzen und K\u00e4tzchen verwendet werden kann.<\/span><\/li>\n<\/ul>\n<p> \u2026 <span class=\"more-button\"><a href=\"https:\/\/www.chiwava.com\/de\/produkt\/ctm00140-36stuck\/\" class=\"more-link\">Fortsetzen<span class=\"screen-reader-text\">Chiwava 36 St\u00fcck laute Katzenspielzeugb\u00e4lle aus Kunststoff mit Glocke<\/span><\/a><\/span><\/p>","protected":false},"featured_media":75995,"template":"","meta":[],"product_brand":[],"product_cat":[17,15],"product_tag":[33,34],"class_list":{"0":"post-75624","1":"product","2":"type-product","3":"status-publish","4":"has-post-thumbnail","6":"product_cat-cat_toys","7":"product_cat-pet_toys","8":"product_tag-cat-toy-balls","9":"product_tag-cat-toys-for-adult","11":"first","12":"instock","13":"shipping-taxable","14":"product-type-simple"},"_links":{"self":[{"href":"https:\/\/www.chiwava.com\/de\/wp-json\/wp\/v2\/product\/75624","targetHints":{"allow":["GET"]}}],"collection":[{"href":"https:\/\/www.chiwava.com\/de\/wp-json\/wp\/v2\/product"}],"about":[{"href":"https:\/\/www.chiwava.com\/de\/wp-json\/wp\/v2\/types\/product"}],"wp:featuredmedia":[{"embeddable":true,"href":"https:\/\/www.chiwava.com\/de\/wp-json\/wp\/v2\/media\/75995"}],"wp:attachment":[{"href":"https:\/\/www.chiwava.com\/de\/wp-json\/wp\/v2\/media?parent=75624"}],"wp:term":[{"taxonomy":"product_brand","embeddable":true,"href":"https:\/\/www.chiwava.com\/de\/wp-json\/wp\/v2\/product_brand?post=75624"},{"taxonomy":"product_cat","embeddable":true,"href":"https:\/\/www.chiwava.com\/de\/wp-json\/wp\/v2\/product_cat?post=75624"},{"taxonomy":"product_tag","embeddable":true,"href":"https:\/\/www.chiwava.com\/de\/wp-json\/wp\/v2\/product_tag?post=75624"}],"curies":[{"name":"wp","href":"https:\/\/api.w.org\/{rel}","templated":true}]}}