{"id":63,"date":"2019-06-24T03:42:39","date_gmt":"2019-06-24T03:42:39","guid":{"rendered":"http:\/\/pending.chiwava.com\/?post_type=product&#038;p=63"},"modified":"2026-02-06T08:29:55","modified_gmt":"2026-02-06T08:29:55","slug":"ctm00120","status":"publish","type":"product","link":"https:\/\/www.chiwava.com\/de\/produkt\/ctm00120\/","title":{"rendered":"Chiwava 60 ST\u00dcCKE 4,1 Zoll Pelzige Katzenspielzeug M\u00e4use Rassel Kleine Maus"},"content":{"rendered":"<p>Chiwava Furry Little Rattle Cat Toys M\u00e4use, Pl\u00fcschk\u00f6rper au\u00dfen, haben innen Perlen und erzeugen ein Rasselger\u00e4usch, das f\u00fcr Ihre Katze interessanter und attraktiver sein kann, 36er-Pack M\u00e4use in verschiedenen Farben. Wir wissen, dass einige Katzen immer gerne \u00fcberall Spielzeug sammeln. Geeignet f\u00fcr Katzen und K\u00e4tzchen im Innenbereich, interaktives Spiel, Fangspiel und unabh\u00e4ngiges Spiel.<\/p>","protected":false},"excerpt":{"rendered":"<p><a href=\"https:\/\/www.chiwava.com\/de\/markenshop\/\"><img loading=\"lazy\" decoding=\"async\" class=\"alignnone size-medium wp-image-94\" src=\"https:\/\/www.chiwava.com\/wp-content\/uploads\/2019\/06\/Amazon-300x73.png\" alt=\"\" width=\"300\" height=\"73\" srcset=\"https:\/\/www.chiwava.com\/wp-content\/uploads\/2019\/06\/Amazon-300x73.png 300w, https:\/\/www.chiwava.com\/wp-content\/uploads\/2019\/06\/Amazon.png 364w\" sizes=\"auto, (max-width: 300px) 100vw, 300px\" \/><\/a><br \/>\nChiwava 60 ST\u00dcCKE 4,1&quot; Pelzige Katzenspielzeug M\u00e4use Rassel Kleine Maus K\u00e4tzchen Interaktives Spiel Verschiedene Farben<\/p>\n<hr \/>\n<p>\u2764 Qualifiziertes pelziges Kunstfell, Nachweiskriterium US FDA 21CFR (Olefinpolymere) \/ EU CE EN-71 (Pl\u00fcschtiere)<\/p>\n<p>\u2764 Pelzige Kunstpelz-M\u00e4usehaut und Plastikk\u00f6rper-Rasselger\u00e4usch<\/p>\n<p>\u2764 Interaktives Spiel, unabh\u00e4ngiges Spiel, Indoor-Spiel<\/p>\n<p>\u2764 60 St\u00fcck\/Karton, farblich sortiert, kleine Gr\u00f6\u00dfe<\/p>\n<p>\u2764 Geeignet f\u00fcr Katzenkinder und erwachsene Katzen \u2026 <span class=\"more-button\"><a href=\"https:\/\/www.chiwava.com\/de\/produkt\/ctm00120\/\" class=\"more-link\">Fortsetzen<span class=\"screen-reader-text\">Chiwava 60 ST\u00dcCKE 4,1 Zoll Pelzige Katzenspielzeug M\u00e4use Rassel Kleine Maus<\/span><\/a><\/span><\/p>","protected":false},"featured_media":75794,"template":"","meta":[],"product_brand":[],"product_cat":[17,15],"product_tag":[25,49,50,24],"class_list":{"0":"post-63","1":"product","2":"type-product","3":"status-publish","4":"has-post-thumbnail","6":"product_cat-cat_toys","7":"product_cat-pet_toys","8":"product_tag-cat-toys-mice","9":"product_tag-furry-cat-toys-mice","10":"product_tag-rattle-cat-toys-mice","11":"product_tag-small-cat-mice","13":"first","14":"instock","15":"shipping-taxable","16":"product-type-simple"},"_links":{"self":[{"href":"https:\/\/www.chiwava.com\/de\/wp-json\/wp\/v2\/product\/63","targetHints":{"allow":["GET"]}}],"collection":[{"href":"https:\/\/www.chiwava.com\/de\/wp-json\/wp\/v2\/product"}],"about":[{"href":"https:\/\/www.chiwava.com\/de\/wp-json\/wp\/v2\/types\/product"}],"wp:featuredmedia":[{"embeddable":true,"href":"https:\/\/www.chiwava.com\/de\/wp-json\/wp\/v2\/media\/75794"}],"wp:attachment":[{"href":"https:\/\/www.chiwava.com\/de\/wp-json\/wp\/v2\/media?parent=63"}],"wp:term":[{"taxonomy":"product_brand","embeddable":true,"href":"https:\/\/www.chiwava.com\/de\/wp-json\/wp\/v2\/product_brand?post=63"},{"taxonomy":"product_cat","embeddable":true,"href":"https:\/\/www.chiwava.com\/de\/wp-json\/wp\/v2\/product_cat?post=63"},{"taxonomy":"product_tag","embeddable":true,"href":"https:\/\/www.chiwava.com\/de\/wp-json\/wp\/v2\/product_tag?post=63"}],"curies":[{"name":"wp","href":"https:\/\/api.w.org\/{rel}","templated":true}]}}