{"id":566,"date":"2019-09-26T02:39:59","date_gmt":"2019-09-26T02:39:59","guid":{"rendered":"https:\/\/www.chiwava.com\/?post_type=product&#038;p=566"},"modified":"2025-10-10T06:46:17","modified_gmt":"2025-10-10T06:46:17","slug":"dtl00069-a","status":"publish","type":"product","link":"https:\/\/www.chiwava.com\/de\/produkt\/dtl00069-a\/","title":{"rendered":"Chiwava 3er-Pack 3,1-Zoll-Quietsch-Latex-Welpenspielzeug, sch\u00f6ne stehende Tiersets"},"content":{"rendered":"<p>Chiwava Hippo und Elephant Set f\u00fcr kleine Hunde. Niedliches Tieraussehen und Ballk\u00f6rper. Vierfarbiges Mischen und nat\u00fcrliches Latexmaterial sch\u00fctzen Ihr Haustier beim Kauen und Spielen. Quietschendes Spielzeug f\u00fcr interaktives Spielen und Apportieren.<\/p>","protected":false},"excerpt":{"rendered":"<p><a href=\"https:\/\/www.chiwava.com\/de\/markenshop\/\"><img loading=\"lazy\" decoding=\"async\" class=\"alignnone size-medium wp-image-94\" src=\"https:\/\/www.chiwava.com\/wp-content\/uploads\/2019\/06\/Amazon-300x73.png\" alt=\"\" width=\"300\" height=\"73\" srcset=\"https:\/\/www.chiwava.com\/wp-content\/uploads\/2019\/06\/Amazon-300x73.png 300w, https:\/\/www.chiwava.com\/wp-content\/uploads\/2019\/06\/Amazon.png 364w\" sizes=\"auto, (max-width: 300px) 100vw, 300px\" \/><\/a><\/p>\n<p>Chiwava 3er-Pack 8,1 cm quietschendes Latex-Welpenspielzeug, sch\u00f6ne stehende Tiersets, interaktives Haustierspiel f\u00fcr kleine Hunde, verschiedene Farben<\/p>\n<hr \/>\n<p>\u2764 Hergestellt aus ungiftigem Latexkautschuk, Erkennungskriterium EU CE EN71 (Spielzeug)<\/p>\n<p>\u2764 Squeeze Squeak, keine F\u00fcllung<\/p>\n<p>\u2764 Interaktives Kauger\u00e4usch f\u00fcr Hunde und Apportieren im Freien<\/p>\n<p>\u2764 Enth\u00e4lt 3 verschiedene Spielzeugformen, einen lustigen Elefanten, eine Kuh und ein Schweinchen<\/p>\n<p>\u2764 Geeignet f\u00fcr kleine Hunde \u2013 weniger als 11 kg (24,25 lb) \u2026 <span class=\"more-button\"><a href=\"https:\/\/www.chiwava.com\/de\/produkt\/dtl00069-a\/\" class=\"more-link\">Fortsetzen<span class=\"screen-reader-text\">Chiwava 3er-Pack 3,1-Zoll-Quietsch-Latex-Welpenspielzeug, sch\u00f6ne stehende Tiersets<\/span><\/a><\/span><\/p>","protected":false},"featured_media":76830,"template":"","meta":[],"product_brand":[],"product_cat":[16,286,15],"product_tag":[21,18,20],"class_list":{"0":"post-566","1":"product","2":"type-product","3":"status-publish","4":"has-post-thumbnail","6":"product_cat-dog_toys","7":"product_cat-latex-dog-toys","8":"product_cat-pet_toys","9":"product_tag-latex-dog-toys","10":"product_tag-small-dog-toys","11":"product_tag-squeaky-dog-toys","13":"first","14":"instock","15":"shipping-taxable","16":"product-type-simple"},"_links":{"self":[{"href":"https:\/\/www.chiwava.com\/de\/wp-json\/wp\/v2\/product\/566","targetHints":{"allow":["GET"]}}],"collection":[{"href":"https:\/\/www.chiwava.com\/de\/wp-json\/wp\/v2\/product"}],"about":[{"href":"https:\/\/www.chiwava.com\/de\/wp-json\/wp\/v2\/types\/product"}],"wp:featuredmedia":[{"embeddable":true,"href":"https:\/\/www.chiwava.com\/de\/wp-json\/wp\/v2\/media\/76830"}],"wp:attachment":[{"href":"https:\/\/www.chiwava.com\/de\/wp-json\/wp\/v2\/media?parent=566"}],"wp:term":[{"taxonomy":"product_brand","embeddable":true,"href":"https:\/\/www.chiwava.com\/de\/wp-json\/wp\/v2\/product_brand?post=566"},{"taxonomy":"product_cat","embeddable":true,"href":"https:\/\/www.chiwava.com\/de\/wp-json\/wp\/v2\/product_cat?post=566"},{"taxonomy":"product_tag","embeddable":true,"href":"https:\/\/www.chiwava.com\/de\/wp-json\/wp\/v2\/product_tag?post=566"}],"curies":[{"name":"wp","href":"https:\/\/api.w.org\/{rel}","templated":true}]}}