{"id":565,"date":"2019-09-26T02:37:10","date_gmt":"2019-09-26T02:37:10","guid":{"rendered":"https:\/\/www.chiwava.com\/?post_type=product&#038;p=565"},"modified":"2025-10-10T06:46:18","modified_gmt":"2025-10-10T06:46:18","slug":"dtl19036","status":"publish","type":"product","link":"https:\/\/www.chiwava.com\/de\/produkt\/dtl19036\/","title":{"rendered":"Chiwava 4er-Pack Latex-Gummi-Flachl\u00e4chelkugeln Squeeze Squeaky Toy"},"content":{"rendered":"<p>Chiwava Flat Smile Balls bestehen aus Naturlatex. UNGIFTIG. Die Spielzeugbeschichtung f\u00fchlt sich angenehm an und ist weich und leicht zu reinigen. haben einen kleinen Lautsprecher, der beim Dr\u00fccken einen attraktiven Klang erzeugt. Kann f\u00fcr den Innen- und Au\u00dfenbereich verwendet werden. Leicht und einfach mit nach drau\u00dfen zu nehmen. Es ist ein Spielzeug, das Sie spielen k\u00f6nnen, indem Sie es wegwerfen oder miteinander spielen.<\/p>","protected":false},"excerpt":{"rendered":"<p><a href=\"https:\/\/www.chiwava.com\/de\/markenshop\/\"><img loading=\"lazy\" decoding=\"async\" class=\"alignnone size-medium wp-image-94\" src=\"https:\/\/www.chiwava.com\/wp-content\/uploads\/2019\/06\/Amazon-300x73.png\" alt=\"\" width=\"300\" height=\"73\" srcset=\"https:\/\/www.chiwava.com\/wp-content\/uploads\/2019\/06\/Amazon-300x73.png 300w, https:\/\/www.chiwava.com\/wp-content\/uploads\/2019\/06\/Amazon.png 364w\" sizes=\"auto, (max-width: 300px) 100vw, 300px\" \/><\/a><\/p>\n<p><span id=\"productTitle\" class=\"a-size-large\">Chiwava 4 Pack Kleines Hundespielzeug f\u00fcr Interaktive Hunde Latex Flache L\u00e4chelnb\u00e4lle Squeeze Squeaky Toy Apportierspiele<\/span><\/p>\n<hr \/>\n<p>\u2764 Hergestellt aus ungiftigem Latexkautschuk, Erkennungskriterium EU CE EN71 (Spielzeug)<\/p>\n<p>\u2764 Weich, Squeeze Squeak, Ball mit flachem Gesicht, keine F\u00fcllung<\/p>\n<p>\u2764 Interaktives Kauger\u00e4usch f\u00fcr Hunde und Apportieren im Freien<\/p>\n<p>\u2764 Enth\u00e4lt Ball in 4 verschiedenen Farben, ideal zum Herumwerfen und Zerren<\/p>\n<p>\u2764 Geeignet f\u00fcr kleine Hunde \u2013 weniger als 11 kg (24,25 lb) \u2026 <span class=\"more-button\"><a href=\"https:\/\/www.chiwava.com\/de\/produkt\/dtl19036\/\" class=\"more-link\">Fortsetzen<span class=\"screen-reader-text\">Chiwava 4er-Pack Latex-Gummi-Flachl\u00e4chelkugeln Squeeze Squeaky Toy<\/span><\/a><\/span><\/p>","protected":false},"featured_media":1618,"template":"","meta":[],"product_brand":[],"product_cat":[16,286,15],"product_tag":[21,18,20],"class_list":{"0":"post-565","1":"product","2":"type-product","3":"status-publish","4":"has-post-thumbnail","6":"product_cat-dog_toys","7":"product_cat-latex-dog-toys","8":"product_cat-pet_toys","9":"product_tag-latex-dog-toys","10":"product_tag-small-dog-toys","11":"product_tag-squeaky-dog-toys","13":"first","14":"instock","15":"shipping-taxable","16":"product-type-simple"},"_links":{"self":[{"href":"https:\/\/www.chiwava.com\/de\/wp-json\/wp\/v2\/product\/565","targetHints":{"allow":["GET"]}}],"collection":[{"href":"https:\/\/www.chiwava.com\/de\/wp-json\/wp\/v2\/product"}],"about":[{"href":"https:\/\/www.chiwava.com\/de\/wp-json\/wp\/v2\/types\/product"}],"wp:featuredmedia":[{"embeddable":true,"href":"https:\/\/www.chiwava.com\/de\/wp-json\/wp\/v2\/media\/1618"}],"wp:attachment":[{"href":"https:\/\/www.chiwava.com\/de\/wp-json\/wp\/v2\/media?parent=565"}],"wp:term":[{"taxonomy":"product_brand","embeddable":true,"href":"https:\/\/www.chiwava.com\/de\/wp-json\/wp\/v2\/product_brand?post=565"},{"taxonomy":"product_cat","embeddable":true,"href":"https:\/\/www.chiwava.com\/de\/wp-json\/wp\/v2\/product_cat?post=565"},{"taxonomy":"product_tag","embeddable":true,"href":"https:\/\/www.chiwava.com\/de\/wp-json\/wp\/v2\/product_tag?post=565"}],"curies":[{"name":"wp","href":"https:\/\/api.w.org\/{rel}","templated":true}]}}