{"id":537,"date":"2019-09-11T05:55:33","date_gmt":"2019-09-11T05:55:33","guid":{"rendered":"https:\/\/www.chiwava.com\/?post_type=product&#038;p=537"},"modified":"2023-10-08T05:52:36","modified_gmt":"2023-10-08T05:52:36","slug":"ctm12002","status":"publish","type":"product","link":"https:\/\/www.chiwava.com\/de\/produkt\/ctm12002\/","title":{"rendered":"Chiwava 4 Packungen 15 Zoll lange weiche Pl\u00fcsch-Katzenspielzeug-M\u00e4use mit Rassel"},"content":{"rendered":"<p>Das Set mit 4 langen Pl\u00fcschm\u00e4usen ist ein tolles Angebot, wenn Ihr kleiner Kerl seine Spielsachen gerne \u00fcberall versteckt. Die Katze kann nachts leicht die M\u00e4use spielen, ohne L\u00e4rm zu machen und Ihren Schlaf nicht zu unterbrechen. Ideal f\u00fcr Schlafspielzeug, haben Sie einen Begleiter beim Schlafen. 2 M\u00e4use mit Glocke, werden Sie nicht langweilen, wenn Sie mit Ihrer Katze spielen, langes Pl\u00fcschschwanz-Design, Sie k\u00f6nnen mit einem Schwanz necken oder mit Ihrem K\u00e4tzchen spielen. F\u00fcr unabh\u00e4ngiges, interaktives Indoor-Spiel.<\/p>","protected":false},"excerpt":{"rendered":"<p>Chiwava 4 Packungen 15 Zoll lange weiche Pl\u00fcsch-Katzenspielzeug-M\u00e4use mit Rassel, Raschelger\u00e4usch, kleine Mausaktivit\u00e4t, interaktives Spielzeug<\/p>\n<hr \/>\n<ul class=\"a-unordered-list a-vertical a-spacing-none\">\n<li>Hergestellt aus pelzigem Kunstfell, M\u00e4usehaut und Kunststoffk\u00f6rper mit Rasselger\u00e4usch. Erkennungskriterium EU CE EN71 ( Spielzeug )<\/li>\n<li>Rustle Sound Tail und Rattle Design, mehr Spannung und Spa\u00df<\/li>\n<li>Ideal f\u00fcr Jagd, Sprung, interaktives, schl\u00e4friges Spielzeug, drinnen und spielen<\/li>\n<li><span class=\"a-list-item\">Gr\u00f6\u00dfe: L\u00e4nge: 37 cm\/14,6\u2033, Breite: 2,5 cm\/1\u2033, H\u00f6he: 2,5 cm\/1\u2033; Gewicht: 8 g\/Stk<\/span><\/li>\n<li><span class=\"a-list-item\">Paket: 4 Packungen pro Netzbeutel, Gewicht: 39 g<\/span><\/li>\n<\/ul>\n<p> \u2026 <span class=\"more-button\"><a href=\"https:\/\/www.chiwava.com\/de\/produkt\/ctm12002\/\" class=\"more-link\">Fortsetzen<span class=\"screen-reader-text\">Chiwava 4 Packungen 15 Zoll lange weiche Pl\u00fcsch-Katzenspielzeug-M\u00e4use mit Rassel<\/span><\/a><\/span><\/p>","protected":false},"featured_media":75953,"template":"","meta":[],"product_brand":[],"product_cat":[17,15],"product_tag":[45,44,54],"class_list":{"0":"post-537","1":"product","2":"type-product","3":"status-publish","4":"has-post-thumbnail","6":"product_cat-cat_toys","7":"product_cat-pet_toys","8":"product_tag-catnip-cat-toys-mice","9":"product_tag-furry-cat-mice","10":"product_tag-rattle-cat-mice","12":"first","13":"instock","14":"shipping-taxable","15":"product-type-simple"},"_links":{"self":[{"href":"https:\/\/www.chiwava.com\/de\/wp-json\/wp\/v2\/product\/537","targetHints":{"allow":["GET"]}}],"collection":[{"href":"https:\/\/www.chiwava.com\/de\/wp-json\/wp\/v2\/product"}],"about":[{"href":"https:\/\/www.chiwava.com\/de\/wp-json\/wp\/v2\/types\/product"}],"wp:featuredmedia":[{"embeddable":true,"href":"https:\/\/www.chiwava.com\/de\/wp-json\/wp\/v2\/media\/75953"}],"wp:attachment":[{"href":"https:\/\/www.chiwava.com\/de\/wp-json\/wp\/v2\/media?parent=537"}],"wp:term":[{"taxonomy":"product_brand","embeddable":true,"href":"https:\/\/www.chiwava.com\/de\/wp-json\/wp\/v2\/product_brand?post=537"},{"taxonomy":"product_cat","embeddable":true,"href":"https:\/\/www.chiwava.com\/de\/wp-json\/wp\/v2\/product_cat?post=537"},{"taxonomy":"product_tag","embeddable":true,"href":"https:\/\/www.chiwava.com\/de\/wp-json\/wp\/v2\/product_tag?post=537"}],"curies":[{"name":"wp","href":"https:\/\/api.w.org\/{rel}","templated":true}]}}