{"id":511,"date":"2019-09-11T05:37:49","date_gmt":"2019-09-11T05:37:49","guid":{"rendered":"https:\/\/www.chiwava.com\/?post_type=product&#038;p=511"},"modified":"2023-10-08T05:53:31","modified_gmt":"2023-10-08T05:53:31","slug":"ctm120001","status":"publish","type":"product","link":"https:\/\/www.chiwava.com\/de\/produkt\/ctm120001\/","title":{"rendered":"Chiwava 4 Packungen 15 Zoll lange weiche Pl\u00fcsch-Katzenspielzeug-M\u00e4use mit Glocke"},"content":{"rendered":"<p>Das Set mit 4 langen Pl\u00fcschm\u00e4usen ist ein tolles Angebot, wenn Ihr kleiner Kerl seine Spielsachen gerne \u00fcberall versteckt. M\u00e4use aus gef\u00fclltem Inneren und mit einem pelzigen Stoff bedeckt. Weiche M\u00e4use mit Rassel. Gro\u00dfartig f\u00fcr Aktivit\u00e4tsspielzeug, wird Sie nicht langweilen, wenn Sie mit Ihrer Katze spielen, langes Pl\u00fcschschwanz-Design, Sie k\u00f6nnen mit einem Schwanz necken oder mit Ihrem sch\u00f6nen K\u00e4tzchen holen spielen. Tolle Gr\u00f6\u00dfe f\u00fcr Schlafspielzeug, haben Sie einen Begleiter, wenn Ihr Haustier schl\u00e4ft. Kann f\u00fcr unabh\u00e4ngiges Spielen im Innenbereich und interaktives Spielen verwendet werden.<\/p>","protected":false},"excerpt":{"rendered":"<p><a href=\"https:\/\/www.chiwava.com\/de\/markenshop\/\"><img loading=\"lazy\" decoding=\"async\" class=\"alignnone size-medium wp-image-94\" src=\"https:\/\/www.chiwava.com\/wp-content\/uploads\/2019\/06\/Amazon-300x73.png\" alt=\"\" width=\"300\" height=\"73\" srcset=\"https:\/\/www.chiwava.com\/wp-content\/uploads\/2019\/06\/Amazon-300x73.png 300w, https:\/\/www.chiwava.com\/wp-content\/uploads\/2019\/06\/Amazon.png 364w\" sizes=\"auto, (max-width: 300px) 100vw, 300px\" \/><\/a><br \/>\nChiwava 4 Packungen 15 Zoll lange weiche Pl\u00fcsch-Katzenspielzeug-M\u00e4use mit Glocke, Rascheln, kleine Mausaktivit\u00e4t, interaktives Spielzeug<\/p>\n<hr \/>\n<ul class=\"a-unordered-list a-vertical a-spacing-none\">\n<li>Innen aus gef\u00fclltem Pl\u00fcsch und au\u00dfen pelzig. Erkennungskriterium EU CE EN71 ( Spielzeug )<\/li>\n<li>Rustle Sound Tail, Mehr Spannung und Spa\u00df, 2 M\u00e4use mit Glockendesign f\u00fcr den Tag, 2 M\u00e4use ohne Glockendesign f\u00fcr die Nacht.<\/li>\n<li>Ideal f\u00fcr Jagd, Sprung, interaktives, schl\u00e4friges Spielzeug, drinnen und spielen<\/li>\n<li><span class=\"a-list-item\">Gr\u00f6\u00dfe: L\u00e4nge: 38cm\/15\u2033, Breite: 3cm\/1.2\u2033, H\u00f6he: 4cm\/1.6\u2033; Gewicht: 12 g\/Stk<\/span><\/li>\n<li><span class=\"a-list-item\">Paket: 4 Packungen pro Netzbeutel, Gewicht: 56 g<\/span><\/li>\n<\/ul>\n<p> \u2026 <span class=\"more-button\"><a href=\"https:\/\/www.chiwava.com\/de\/produkt\/ctm120001\/\" class=\"more-link\">Fortsetzen<span class=\"screen-reader-text\">Chiwava 4 Packungen 15 Zoll lange weiche Pl\u00fcsch-Katzenspielzeug-M\u00e4use mit Glocke<\/span><\/a><\/span><\/p>","protected":false},"featured_media":75893,"template":"","meta":[],"product_brand":[],"product_cat":[17,15],"product_tag":[46,45,44],"class_list":{"0":"post-511","1":"product","2":"type-product","3":"status-publish","4":"has-post-thumbnail","6":"product_cat-cat_toys","7":"product_cat-pet_toys","8":"product_tag-cat-toys-mice-with-bell","9":"product_tag-catnip-cat-toys-mice","10":"product_tag-furry-cat-mice","12":"first","13":"instock","14":"shipping-taxable","15":"product-type-simple"},"_links":{"self":[{"href":"https:\/\/www.chiwava.com\/de\/wp-json\/wp\/v2\/product\/511","targetHints":{"allow":["GET"]}}],"collection":[{"href":"https:\/\/www.chiwava.com\/de\/wp-json\/wp\/v2\/product"}],"about":[{"href":"https:\/\/www.chiwava.com\/de\/wp-json\/wp\/v2\/types\/product"}],"wp:featuredmedia":[{"embeddable":true,"href":"https:\/\/www.chiwava.com\/de\/wp-json\/wp\/v2\/media\/75893"}],"wp:attachment":[{"href":"https:\/\/www.chiwava.com\/de\/wp-json\/wp\/v2\/media?parent=511"}],"wp:term":[{"taxonomy":"product_brand","embeddable":true,"href":"https:\/\/www.chiwava.com\/de\/wp-json\/wp\/v2\/product_brand?post=511"},{"taxonomy":"product_cat","embeddable":true,"href":"https:\/\/www.chiwava.com\/de\/wp-json\/wp\/v2\/product_cat?post=511"},{"taxonomy":"product_tag","embeddable":true,"href":"https:\/\/www.chiwava.com\/de\/wp-json\/wp\/v2\/product_tag?post=511"}],"curies":[{"name":"wp","href":"https:\/\/api.w.org\/{rel}","templated":true}]}}