{"id":293,"date":"2019-06-24T08:40:54","date_gmt":"2019-06-24T08:40:54","guid":{"rendered":"http:\/\/pending.chiwava.com\/?post_type=product&#038;p=293"},"modified":"2025-09-26T08:27:25","modified_gmt":"2025-09-26T08:27:25","slug":"cts00026-mx","status":"publish","type":"product","link":"https:\/\/www.chiwava.com\/de\/produkt\/cts00026-mx\/","title":{"rendered":"Chiwava 12 Pack 1,7 Zoll Schaumstoff Katze Spielzeug Ball Regenbogen Farbe"},"content":{"rendered":"<p>Set mit 12 B\u00e4llen, so dass Sie sich keine Sorgen machen m\u00fcssen, das Spielzeug in Ihrem Haus zu verlieren. Katzen sind nachtaktive Tiere, und viele von ihnen lieben es, nachts durch die Wohnung zu rennen. Speziell f\u00fcr leises Spiel gemacht, aber immer noch kann Ihre liebe Katze interessiert wegen der sehr bunten Design und leicht. Die Schaumstoffkugeln f\u00fchlen sich weich an und sind nicht zu weich, was sie zu einem langlebigen Spielzeug macht. Ihre Katze kann leicht rollen und jagen den Ball in der Nacht, ohne L\u00e4rm zu machen und ohne Ihren Schlaf zu unterbrechen.<\/p>","protected":false},"excerpt":{"rendered":"<p><a href=\"https:\/\/www.chiwava.com\/de\/markenshop\/\"><img loading=\"lazy\" decoding=\"async\" class=\"alignnone size-medium wp-image-94\" src=\"https:\/\/www.chiwava.com\/wp-content\/uploads\/2019\/06\/Amazon-300x73.png\" alt=\"\" width=\"300\" height=\"73\" srcset=\"https:\/\/www.chiwava.com\/wp-content\/uploads\/2019\/06\/Amazon-300x73.png 300w, https:\/\/www.chiwava.com\/wp-content\/uploads\/2019\/06\/Amazon.png 364w\" sizes=\"auto, (max-width: 300px) 100vw, 300px\" \/><\/a><br \/>\nChiwava 12 Pack 1,7 Zoll Schaumstoff Katzenspielzeug Ball Regenbogen Farbe B\u00e4lle K\u00e4tzchen Aktivit\u00e4t Chase Quiet Play Mix Farbe<\/p>\n<hr \/>\n<ul class=\"a-unordered-list a-vertical a-spacing-none\">\n<li><span class=\"a-list-item\">Leichter Ball aus EVA-Schaum<\/span><\/li>\n<li><span class=\"a-list-item\">Bunte Regenbogenkugeln<\/span><\/li>\n<li><span class=\"a-list-item\">Katzenspielzeug zum leisen Spielen<\/span><\/li>\n<li><span class=\"a-list-item\">12er Pack Katzenspielzeug<\/span><\/li>\n<li><span class=\"a-list-item\">Gro\u00dfartig f\u00fcr interaktives oder unabh\u00e4ngiges Spielen, einfach zu rollen und zu jagen<\/span><\/li>\n<\/ul>\n<p> \u2026 <span class=\"more-button\"><a href=\"https:\/\/www.chiwava.com\/de\/produkt\/cts00026-mx\/\" class=\"more-link\">Fortsetzen<span class=\"screen-reader-text\">Chiwava 12 Pack 1,7 Zoll Schaumstoff Katze Spielzeug Ball Regenbogen Farbe<\/span><\/a><\/span><\/p>","protected":false},"featured_media":0,"template":"","meta":[],"product_brand":[],"product_cat":[17,15],"product_tag":[31,33,34],"class_list":{"0":"post-293","1":"product","2":"type-product","3":"status-publish","5":"product_cat-cat_toys","6":"product_cat-pet_toys","7":"product_tag-cat-mice-for-kids","8":"product_tag-cat-toy-balls","9":"product_tag-cat-toys-for-adult","11":"first","12":"instock","13":"shipping-taxable","14":"product-type-simple"},"_links":{"self":[{"href":"https:\/\/www.chiwava.com\/de\/wp-json\/wp\/v2\/product\/293","targetHints":{"allow":["GET"]}}],"collection":[{"href":"https:\/\/www.chiwava.com\/de\/wp-json\/wp\/v2\/product"}],"about":[{"href":"https:\/\/www.chiwava.com\/de\/wp-json\/wp\/v2\/types\/product"}],"wp:attachment":[{"href":"https:\/\/www.chiwava.com\/de\/wp-json\/wp\/v2\/media?parent=293"}],"wp:term":[{"taxonomy":"product_brand","embeddable":true,"href":"https:\/\/www.chiwava.com\/de\/wp-json\/wp\/v2\/product_brand?post=293"},{"taxonomy":"product_cat","embeddable":true,"href":"https:\/\/www.chiwava.com\/de\/wp-json\/wp\/v2\/product_cat?post=293"},{"taxonomy":"product_tag","embeddable":true,"href":"https:\/\/www.chiwava.com\/de\/wp-json\/wp\/v2\/product_tag?post=293"}],"curies":[{"name":"wp","href":"https:\/\/api.w.org\/{rel}","templated":true}]}}