{"id":2879,"date":"2020-10-19T02:02:06","date_gmt":"2020-10-19T02:02:06","guid":{"rendered":"https:\/\/www.chiwava.com\/?post_type=product&#038;p=2879"},"modified":"2025-10-10T06:46:14","modified_gmt":"2025-10-10T06:46:14","slug":"dtl19040-2stuck","status":"publish","type":"product","link":"https:\/\/www.chiwava.com\/de\/produkt\/dtl19040-2stuck\/","title":{"rendered":"Chiwava 2er-Pack quietschendes Latex-Hundespielzeug, stehendes Huhn, farblich sortiert"},"content":{"rendered":"<p>Chiwava Spielzeuge sind aus nat\u00fcrlichem Latex, handbemalt mit bleifreier Farbe, NON-TOXIC. Spielzeug kommt in einem hellen blauen Farbe mit niedlichen Duck Gesicht. Pl\u00fcsch Gef\u00fcllt, ist es angenehm zu ber\u00fchren und weich, leicht zu reinigen. Spielzeug haben stehend Langk\u00f6rperform, weil der Gummi kann dehnen und Krieg tug, ohne es zu brechen. enth\u00e4lt Quietscher, die guten Klang macht, wenn Sie es quetschen. Gro\u00df f\u00fcr interaktive Spiele, Innen-und Au\u00dfenbereich fetch Spielzeug, bieten stundenlangen Quietschen Spa\u00df. h\u00e4lt Hunde besch\u00e4ftigt und engagiert.<\/p>","protected":false},"excerpt":{"rendered":"<p><a href=\"https:\/\/www.chiwava.com\/de\/markenshop\/\"><img loading=\"lazy\" decoding=\"async\" class=\"alignnone size-medium wp-image-94\" src=\"https:\/\/www.chiwava.com\/wp-content\/uploads\/2019\/06\/Amazon-300x73.png\" alt=\"\" width=\"300\" height=\"73\" srcset=\"https:\/\/www.chiwava.com\/wp-content\/uploads\/2019\/06\/Amazon-300x73.png 300w, https:\/\/www.chiwava.com\/wp-content\/uploads\/2019\/06\/Amazon.png 364w\" sizes=\"auto, (max-width: 300px) 100vw, 300px\" \/><\/a><\/p>\n<p><span style=\"vertical-align: inherit\"><span style=\"vertical-align: inherit\">Chiwava 9,4 Zoll Squeaky Latex Hundespielzeug Stehendes Huhn Interaktives Spielzeug f\u00fcr kleine mittlere Hund Assorted Color<\/span><\/span><\/p>\n<hr \/>\n<ul>\n<li><em><span class=\"a-list-item\">Hergestellt aus ungiftigem Latexgummi, Nachweiskriterium EU CE EN71 (Spielzeug).<\/span><\/em><\/li>\n<li><em><span class=\"a-list-item\">Quietschendes Ger\u00e4usch beim Zusammendr\u00fccken, H\u00fchner- und Entendesign, mit Pl\u00fcsch gef\u00fcllt.<\/span><\/em><\/li>\n<li><em><span class=\"a-list-item\">Perfekt f\u00fcr das Training, gegen Langeweile, zum Stressabbau und zur Unterhaltung.<\/span><\/em><\/li>\n<li><em><span class=\"a-list-item\">Interaktives Spielzeug f\u00fcr drau\u00dfen und drinnen zum Apportieren. 2PCS pro Box.<\/span><\/em><\/li>\n<li><em><span class=\"a-list-item\">Geeignet f\u00fcr mittelgro\u00dfe und gro\u00dfe Hunde von 10 bis 40 kg.<\/span><\/em><\/li>\n<\/ul>\n<p> \u2026 <span class=\"more-button\"><a href=\"https:\/\/www.chiwava.com\/de\/produkt\/dtl19040-2stuck\/\" class=\"more-link\">Fortsetzen<span class=\"screen-reader-text\">Chiwava 2er-Pack quietschendes Latex-Hundespielzeug, stehendes Huhn, farblich sortiert<\/span><\/a><\/span><\/p>","protected":false},"featured_media":77908,"template":"","meta":[],"product_brand":[],"product_cat":[16,286,15],"product_tag":[20],"class_list":{"0":"post-2879","1":"product","2":"type-product","3":"status-publish","4":"has-post-thumbnail","6":"product_cat-dog_toys","7":"product_cat-latex-dog-toys","8":"product_cat-pet_toys","9":"product_tag-squeaky-dog-toys","11":"first","12":"instock","13":"shipping-taxable","14":"product-type-simple"},"_links":{"self":[{"href":"https:\/\/www.chiwava.com\/de\/wp-json\/wp\/v2\/product\/2879","targetHints":{"allow":["GET"]}}],"collection":[{"href":"https:\/\/www.chiwava.com\/de\/wp-json\/wp\/v2\/product"}],"about":[{"href":"https:\/\/www.chiwava.com\/de\/wp-json\/wp\/v2\/types\/product"}],"wp:featuredmedia":[{"embeddable":true,"href":"https:\/\/www.chiwava.com\/de\/wp-json\/wp\/v2\/media\/77908"}],"wp:attachment":[{"href":"https:\/\/www.chiwava.com\/de\/wp-json\/wp\/v2\/media?parent=2879"}],"wp:term":[{"taxonomy":"product_brand","embeddable":true,"href":"https:\/\/www.chiwava.com\/de\/wp-json\/wp\/v2\/product_brand?post=2879"},{"taxonomy":"product_cat","embeddable":true,"href":"https:\/\/www.chiwava.com\/de\/wp-json\/wp\/v2\/product_cat?post=2879"},{"taxonomy":"product_tag","embeddable":true,"href":"https:\/\/www.chiwava.com\/de\/wp-json\/wp\/v2\/product_tag?post=2879"}],"curies":[{"name":"wp","href":"https:\/\/api.w.org\/{rel}","templated":true}]}}