{"id":283,"date":"2019-06-24T08:39:02","date_gmt":"2019-06-24T08:39:02","guid":{"rendered":"http:\/\/pending.chiwava.com\/?post_type=product&#038;p=283"},"modified":"2026-02-06T08:21:18","modified_gmt":"2026-02-06T08:21:18","slug":"ctm18100-36stuck","status":"publish","type":"product","link":"https:\/\/www.chiwava.com\/de\/produkt\/ctm18100-36stuck\/","title":{"rendered":"Chiwava 36 Pack Kleine Interaktive Katzenminze Katzenspielzeug M\u00e4use"},"content":{"rendered":"<p>Schachtel mit 36 bunt sortierten M\u00e4usen. Ja, es scheint viel zu sein, aber in Wirklichkeit ist das eine Menge f\u00fcr diejenigen, die es leid sind, jede Woche M\u00e4use zu kaufen und zu versuchen, sie unter dem Sofa zu finden, nachdem Ihr kleiner J\u00e4ger seine Troph\u00e4e versteckt hat. Sie k\u00f6nnen sich die Aufregung vorstellen, die sich jedes Mal in ihnen aufbaut, wenn Sie dieses Spielzeug f\u00fcr Ihre Katze zum Spielen bringen. Das realistische Design unserer M\u00e4use ist so gestaltet, dass es den inneren J\u00e4gerinstinkt Ihres pelzigen Freundes anregt. Diese M\u00e4use sind aus strapazierf\u00e4higem, aber leichtem Kunststoff, der K\u00f6rper ist mit pelzigem Stoff \u00fcberzogen, einige von ihnen haben innen Perlen und erzeugen ein Rasselger\u00e4usch, das f\u00fcr Ihre Katze interessanter und attraktiver sein kann. Kann f\u00fcr unabh\u00e4ngiges Indoor-Spiel, interaktives Spiel oder Fangspiel verwendet werden.<\/p>","protected":false},"excerpt":{"rendered":"<p><a href=\"https:\/\/www.chiwava.com\/de\/markenshop\/\"><img loading=\"lazy\" decoding=\"async\" class=\"alignnone size-medium wp-image-94\" src=\"https:\/\/www.chiwava.com\/wp-content\/uploads\/2019\/06\/Amazon-300x73.png\" alt=\"\" width=\"300\" height=\"73\" srcset=\"https:\/\/www.chiwava.com\/wp-content\/uploads\/2019\/06\/Amazon-300x73.png 300w, https:\/\/www.chiwava.com\/wp-content\/uploads\/2019\/06\/Amazon.png 364w\" sizes=\"auto, (max-width: 300px) 100vw, 300px\" \/><\/a><br \/>\nChiwava 36 St\u00fcck Kleine Interaktive Katzenspielzeug-M\u00e4use mit Katzenminze-Rassel-Sound-Maus f\u00fcr Indoor-Katzen-K\u00e4tzchen-Spiel<\/p>\n<hr \/>\n<ul class=\"a-unordered-list a-vertical a-spacing-none\">\n<li><span class=\"a-list-item\">Pelziger Stoff au\u00dfen und Kunststoff innen.<\/span><\/li>\n<li><span class=\"a-list-item\">Catch and Rattle, ideal f\u00fcr interaktives Spielzeug, bringt zus\u00e4tzlichen Spa\u00df in die Unterhaltung Ihres Haustieres.<\/span><\/li>\n<li><span class=\"a-list-item\">Sorgen Sie f\u00fcr zus\u00e4tzliches Interesse, um Ihr Haustier zu besch\u00e4ftigen, w\u00e4hrend Sie die Spielzeit teilen.<\/span><\/li>\n<li><span class=\"a-list-item\">Gr\u00f6\u00dfe: L\u00e4nge: 4,5 cm\/1,8\u2033, H\u00f6he: 2 cm\/0,8\u2033, Schwanz: 7 cm\/2,7\u2033; Gewicht: 3 g\/Stk.<\/span><\/li>\n<li><span class=\"a-list-item\">Paket: 36 St\u00fcck pro PDQ-Box (zuf\u00e4llige Farblieferung); Gewicht: 133 g.<\/span><\/li>\n<\/ul>\n<p> \u2026 <span class=\"more-button\"><a href=\"https:\/\/www.chiwava.com\/de\/produkt\/ctm18100-36stuck\/\" class=\"more-link\">Fortsetzen<span class=\"screen-reader-text\">Chiwava 36 Pack Kleine Interaktive Katzenminze Katzenspielzeug M\u00e4use<\/span><\/a><\/span><\/p>","protected":false},"featured_media":75992,"template":"","meta":[],"product_brand":[],"product_cat":[17,15],"product_tag":[34,25,35],"class_list":{"0":"post-283","1":"product","2":"type-product","3":"status-publish","4":"has-post-thumbnail","6":"product_cat-cat_toys","7":"product_cat-pet_toys","8":"product_tag-cat-toys-for-adult","9":"product_tag-cat-toys-mice","10":"product_tag-catnip-cat-toys","12":"first","13":"instock","14":"shipping-taxable","15":"product-type-simple"},"_links":{"self":[{"href":"https:\/\/www.chiwava.com\/de\/wp-json\/wp\/v2\/product\/283","targetHints":{"allow":["GET"]}}],"collection":[{"href":"https:\/\/www.chiwava.com\/de\/wp-json\/wp\/v2\/product"}],"about":[{"href":"https:\/\/www.chiwava.com\/de\/wp-json\/wp\/v2\/types\/product"}],"wp:featuredmedia":[{"embeddable":true,"href":"https:\/\/www.chiwava.com\/de\/wp-json\/wp\/v2\/media\/75992"}],"wp:attachment":[{"href":"https:\/\/www.chiwava.com\/de\/wp-json\/wp\/v2\/media?parent=283"}],"wp:term":[{"taxonomy":"product_brand","embeddable":true,"href":"https:\/\/www.chiwava.com\/de\/wp-json\/wp\/v2\/product_brand?post=283"},{"taxonomy":"product_cat","embeddable":true,"href":"https:\/\/www.chiwava.com\/de\/wp-json\/wp\/v2\/product_cat?post=283"},{"taxonomy":"product_tag","embeddable":true,"href":"https:\/\/www.chiwava.com\/de\/wp-json\/wp\/v2\/product_tag?post=283"}],"curies":[{"name":"wp","href":"https:\/\/api.w.org\/{rel}","templated":true}]}}