{"id":277,"date":"2019-06-24T08:37:14","date_gmt":"2019-06-24T08:37:14","guid":{"rendered":"http:\/\/pending.chiwava.com\/?post_type=product&#038;p=277"},"modified":"2026-02-06T09:00:17","modified_gmt":"2026-02-06T09:00:17","slug":"ctm18023-ac-24stuck","status":"publish","type":"product","link":"https:\/\/www.chiwava.com\/de\/produkt\/ctm18023-ac-24stuck\/","title":{"rendered":"Chiwava 24 Pack 5 Zoll Rassel Katzenspielzeug M\u00e4use mit Feder"},"content":{"rendered":"<p>Schachtel mit 24 bunten Regenbogenm\u00e4usen, ein tolles Angebot f\u00fcr diejenigen, die es leid sind, jede Woche M\u00e4use zu kaufen und zu versuchen, sie unter dem Sofa zu finden, nachdem Ihr kleiner J\u00e4ger seine Troph\u00e4e versteckt hat. Sie k\u00f6nnen sich vorstellen, wie sich jedes Mal, wenn Sie Spielzeug f\u00fcr Ihre Katze zum Spielen mitbringen, die Aufregung in ihnen aufbaut. Das realistische Design unserer M\u00e4use ist so gestaltet, dass es den inneren J\u00e4gerinstinkt Ihres pelzigen Freundes anregt. Unsere M\u00e4use aus strapazierf\u00e4higem, aber leichtem Kunststoff, k\u00f6rpernah mit buntem Regenbogenseil bedeckt, einige von ihnen haben Perlen oder Sand im Inneren und erzeugen ein Rasselger\u00e4usch, das f\u00fcr Ihre Katze interessanter und attraktiver sein kann. Der aufregendste Teil der Maus ist ein bunter Federschwanz, mit dem Sie necken und mehr Spa\u00df haben k\u00f6nnen. Kann f\u00fcr unabh\u00e4ngiges Indoor-Spiel, interaktives Spiel oder Fangspiel verwendet werden.<\/p>","protected":false},"excerpt":{"rendered":"<p><a href=\"https:\/\/www.chiwava.com\/de\/markenshop\/\"><img loading=\"lazy\" decoding=\"async\" class=\"alignnone size-medium wp-image-94\" src=\"https:\/\/www.chiwava.com\/wp-content\/uploads\/2019\/06\/Amazon-300x73.png\" alt=\"\" width=\"300\" height=\"73\" srcset=\"https:\/\/www.chiwava.com\/wp-content\/uploads\/2019\/06\/Amazon-300x73.png 300w, https:\/\/www.chiwava.com\/wp-content\/uploads\/2019\/06\/Amazon.png 364w\" sizes=\"auto, (max-width: 300px) 100vw, 300px\" \/><\/a><br \/>\nChiwava 24 Pack 5 Zoll Rassel Katzenspielzeug M\u00e4use mit Federn Regenbogenseil Maus K\u00e4tzchen Interaktives Spielzeug Verschiedene Farben<\/p>\n<hr \/>\n<ul class=\"a-unordered-list a-vertical a-spacing-none\">\n<li><span class=\"a-list-item\">Regenbogenfarbenes Seil au\u00dfen und Kunststoff innen.<\/span><\/li>\n<li><span class=\"a-list-item\">Rasseldesign und Federdesign bringen viel Spa\u00df und Energie f\u00fcr Ihre Haustiere.<\/span><\/li>\n<li><span class=\"a-list-item\">Ideal f\u00fcr interaktives Spielzeug, sie bieten ein gesundes Ventil f\u00fcr die nat\u00fcrlichen Jagdinstinkte einer Katze.<\/span><\/li>\n<li><span class=\"a-list-item\">Gr\u00f6\u00dfe: L\u00e4nge: 4,5 cm\/1,8\u2033, H\u00f6he: 1,5 cm\/0,6\u2033; Schwanz: 8cm\/3.1\u2033. Gewicht: 3 g\/Stk.<\/span><\/li>\n<li><span class=\"a-list-item\">Paket: 24 St\u00fcck pro PDQ-Box (zuf\u00e4llige Farblieferung), Gewicht: 141 g<\/span><\/li>\n<\/ul>\n<p> \u2026 <span class=\"more-button\"><a href=\"https:\/\/www.chiwava.com\/de\/produkt\/ctm18023-ac-24stuck\/\" class=\"more-link\">Fortsetzen<span class=\"screen-reader-text\">Chiwava 24 Pack 5 Zoll Rassel Katzenspielzeug M\u00e4use mit Feder<\/span><\/a><\/span><\/p>","protected":false},"featured_media":75997,"template":"","meta":[],"product_brand":[],"product_cat":[17,15],"product_tag":[31,25],"class_list":{"0":"post-277","1":"product","2":"type-product","3":"status-publish","4":"has-post-thumbnail","6":"product_cat-cat_toys","7":"product_cat-pet_toys","8":"product_tag-cat-mice-for-kids","9":"product_tag-cat-toys-mice","11":"first","12":"instock","13":"shipping-taxable","14":"product-type-simple"},"_links":{"self":[{"href":"https:\/\/www.chiwava.com\/de\/wp-json\/wp\/v2\/product\/277","targetHints":{"allow":["GET"]}}],"collection":[{"href":"https:\/\/www.chiwava.com\/de\/wp-json\/wp\/v2\/product"}],"about":[{"href":"https:\/\/www.chiwava.com\/de\/wp-json\/wp\/v2\/types\/product"}],"wp:featuredmedia":[{"embeddable":true,"href":"https:\/\/www.chiwava.com\/de\/wp-json\/wp\/v2\/media\/75997"}],"wp:attachment":[{"href":"https:\/\/www.chiwava.com\/de\/wp-json\/wp\/v2\/media?parent=277"}],"wp:term":[{"taxonomy":"product_brand","embeddable":true,"href":"https:\/\/www.chiwava.com\/de\/wp-json\/wp\/v2\/product_brand?post=277"},{"taxonomy":"product_cat","embeddable":true,"href":"https:\/\/www.chiwava.com\/de\/wp-json\/wp\/v2\/product_cat?post=277"},{"taxonomy":"product_tag","embeddable":true,"href":"https:\/\/www.chiwava.com\/de\/wp-json\/wp\/v2\/product_tag?post=277"}],"curies":[{"name":"wp","href":"https:\/\/api.w.org\/{rel}","templated":true}]}}