{"id":2723,"date":"2020-09-30T02:15:35","date_gmt":"2020-09-30T02:15:35","guid":{"rendered":"https:\/\/www.chiwava.com\/?post_type=product&#038;p=2723"},"modified":"2025-10-10T06:46:14","modified_gmt":"2025-10-10T06:46:14","slug":"dtl19030-yl","status":"publish","type":"product","link":"https:\/\/www.chiwava.com\/de\/produkt\/dtl19030-yl\/","title":{"rendered":"Chiwava 7,4 Zoll gro\u00dfes Latex Schwein Hundespielzeug Farbe Gelb"},"content":{"rendered":"<p>Chiwava-Grunzschwein-Spielzeuge sind aus Naturlatex, UNGIFTIG, die Beschichtung f\u00fchlt sich angenehm an und ist weich (mit F\u00fcllung und Grunrohr). Einfach zu s\u00e4ubern. Aufgrund der K\u00f6rperform und des Gummimaterials kann es etwas federnd sein. Jedes Spielzeug kann grunzen, wenn Sie es dr\u00fccken, imitieren Sie echte Schweineger\u00e4usche. Diese Spielzeuge eignen sich gut zum Spielen im Freien und zu Hause und haben ein geringes Gewicht. Sie k\u00f6nnen Apportieren spielen oder einfach f\u00fcr Ihren Hund zum unabh\u00e4ngigen Spielen gehen. Ihr Hund kann es kauen und dr\u00fccken und kann den ganzen Tag besch\u00e4ftigt und gl\u00fccklich sein.<\/p>","protected":false},"excerpt":{"rendered":"<p><a href=\"https:\/\/www.chiwava.com\/de\/markenshop\/\"><img loading=\"lazy\" decoding=\"async\" class=\"alignnone size-medium wp-image-94\" src=\"https:\/\/www.chiwava.com\/wp-content\/uploads\/2019\/06\/Amazon-300x73.png\" alt=\"\" width=\"300\" height=\"73\" srcset=\"https:\/\/www.chiwava.com\/wp-content\/uploads\/2019\/06\/Amazon-300x73.png 300w, https:\/\/www.chiwava.com\/wp-content\/uploads\/2019\/06\/Amazon.png 364w\" sizes=\"auto, (max-width: 300px) 100vw, 300px\" \/><\/a><br \/>\nChiwava 7,4 Zoll gro\u00dfes Schwein Hundespielzeug f\u00fcr Hunde Latex Gummi Squeeze Grunzen Sound Interaktives Spiel Farbe Gelb<\/p>\n<hr \/>\n<p>\u2764 Hergestellt aus ungiftigem Latexkautschuk, Erkennungskriterium US FDA CFR 21 (Gummiartikel) \/ EU CE EN71 (Spielzeug)<\/p>\n<p>\u2764 Weiche Dornen auf der R\u00fcckseite, Squeeze Grunts Sound, gef\u00fcllter Pl\u00fcsch, Pl\u00fcschf\u00fcllung<\/p>\n<p>\u2764 Interaktives Kauger\u00e4usch f\u00fcr Hunde und Apportieren im Freien<\/p>\n<p>\u2764 Bonbonfarbene Schweineform, Verpackung: 1 St\u00fcck pro Netzbeutel.<\/p>\n<p>\u2764 Geeignet f\u00fcr gro\u00dfe Hunde \u2013 31~40kg (68.3~88.2lb) \u2026 <span class=\"more-button\"><a href=\"https:\/\/www.chiwava.com\/de\/produkt\/dtl19030-yl\/\" class=\"more-link\">Fortsetzen<span class=\"screen-reader-text\">Chiwava 7,4 Zoll gro\u00dfes Latex Schwein Hundespielzeug Farbe Gelb<\/span><\/a><\/span><\/p>","protected":false},"featured_media":2730,"template":"","meta":[],"product_brand":[],"product_cat":[16,286,15],"product_tag":[29,21,27],"class_list":{"0":"post-2723","1":"product","2":"type-product","3":"status-publish","4":"has-post-thumbnail","6":"product_cat-dog_toys","7":"product_cat-latex-dog-toys","8":"product_cat-pet_toys","9":"product_tag-large-dog-toys","10":"product_tag-latex-dog-toys","11":"product_tag-pig-dog-toys","13":"first","14":"instock","15":"shipping-taxable","16":"product-type-simple"},"_links":{"self":[{"href":"https:\/\/www.chiwava.com\/de\/wp-json\/wp\/v2\/product\/2723","targetHints":{"allow":["GET"]}}],"collection":[{"href":"https:\/\/www.chiwava.com\/de\/wp-json\/wp\/v2\/product"}],"about":[{"href":"https:\/\/www.chiwava.com\/de\/wp-json\/wp\/v2\/types\/product"}],"wp:featuredmedia":[{"embeddable":true,"href":"https:\/\/www.chiwava.com\/de\/wp-json\/wp\/v2\/media\/2730"}],"wp:attachment":[{"href":"https:\/\/www.chiwava.com\/de\/wp-json\/wp\/v2\/media?parent=2723"}],"wp:term":[{"taxonomy":"product_brand","embeddable":true,"href":"https:\/\/www.chiwava.com\/de\/wp-json\/wp\/v2\/product_brand?post=2723"},{"taxonomy":"product_cat","embeddable":true,"href":"https:\/\/www.chiwava.com\/de\/wp-json\/wp\/v2\/product_cat?post=2723"},{"taxonomy":"product_tag","embeddable":true,"href":"https:\/\/www.chiwava.com\/de\/wp-json\/wp\/v2\/product_tag?post=2723"}],"curies":[{"name":"wp","href":"https:\/\/api.w.org\/{rel}","templated":true}]}}