{"id":265,"date":"2019-06-24T08:32:55","date_gmt":"2019-06-24T08:32:55","guid":{"rendered":"http:\/\/pending.chiwava.com\/?post_type=product&#038;p=265"},"modified":"2023-10-08T07:17:54","modified_gmt":"2023-10-08T07:17:54","slug":"ctm00169-45stuck","status":"publish","type":"product","link":"https:\/\/www.chiwava.com\/de\/produkt\/ctm00169-45stuck\/","title":{"rendered":"Chiwava 45er Pack 1,6 Zoll Mylar B\u00e4lle Katzenspielzeug Shiny Crinkle Ball"},"content":{"rendered":"<p>Chiwawa Mylar Balls sind eine einfache, aber wirkungsvolle Ablenkung f\u00fcr Katzen. 24 gl\u00e4nzende und reflektierende Kugeln im Set. Die B\u00e4lle bestehen aus weicher und leichter Mylar-Folie, die Schichten sind eng aneinander befestigt und erzeugen \u00fcppige B\u00e4lle. Aufgrund der Crinkle-Struktur lassen sich leicht knisternde Ger\u00e4usche erzeugen, die f\u00fcr Ihre Katze attraktiv sein werden. Ideal f\u00fcr interaktives oder unabh\u00e4ngiges Spielen, Ihre Haustiere k\u00f6nnen den Ball leicht tragen oder sogar in die Luft werfen, leicht und einfach zu schlagen. bringen viel Spa\u00df und Energie, gerade in der stressigen Fr\u00fchjahrszeit.<\/p>","protected":false},"excerpt":{"rendered":"<p><a href=\"https:\/\/www.chiwava.com\/de\/markenshop\/\"><img loading=\"lazy\" decoding=\"async\" class=\"alignnone size-medium wp-image-94\" src=\"https:\/\/www.chiwava.com\/wp-content\/uploads\/2019\/06\/Amazon-300x73.png\" alt=\"\" width=\"300\" height=\"73\" srcset=\"https:\/\/www.chiwava.com\/wp-content\/uploads\/2019\/06\/Amazon-300x73.png 300w, https:\/\/www.chiwava.com\/wp-content\/uploads\/2019\/06\/Amazon.png 364w\" sizes=\"auto, (max-width: 300px) 100vw, 300px\" \/><\/a><br \/>\nChiwava 45 ST\u00dcCKE 1,6 Zoll Mylar B\u00e4lle Katzenspielzeug Shiny Crinkle Ball Kitten Crackle Lightweight Play Verschiedene Farben<\/p>\n<hr \/>\n<ul class=\"a-unordered-list a-vertical a-spacing-none\">\n<li><span class=\"a-list-item\">Hergestellt aus weichem und leichtem Mylar-Material, Crinkle-Textur in leuchtenden Metallic-Farben.<\/span><\/li>\n<li><span class=\"a-list-item\">Ihr K\u00e4tzchen wird mit dem Katzenkugelspielzeug, das beim Spielen knisternde Ger\u00e4usche macht, verr\u00fcckt werden.<\/span><\/li>\n<li><span class=\"a-list-item\">Gro\u00dfartig f\u00fcr interaktives Spielzeug, bringt viel Spa\u00df und Energie f\u00fcr Ihre Haustiere und die Haustiere werden flinker und energischer.<\/span><\/li>\n<li><span class=\"a-list-item\">Durchmesser: 4cm\/1.6\u2033, Gewicht: 1g\/PC.<\/span><\/li>\n<li><span class=\"a-list-item\">Paket: 45 St\u00fcck pro PDQ-Box (wie abgebildet), 45 St\u00fcck: 131 g<\/span><\/li>\n<\/ul>\n<p> \u2026 <span class=\"more-button\"><a href=\"https:\/\/www.chiwava.com\/de\/produkt\/ctm00169-45stuck\/\" class=\"more-link\">Fortsetzen<span class=\"screen-reader-text\">Chiwava 45er Pack 1,6 Zoll Mylar B\u00e4lle Katzenspielzeug Shiny Crinkle Ball<\/span><\/a><\/span><\/p>","protected":false},"featured_media":75656,"template":"","meta":[],"product_brand":[],"product_cat":[17,15],"product_tag":[31,33],"class_list":{"0":"post-265","1":"product","2":"type-product","3":"status-publish","4":"has-post-thumbnail","6":"product_cat-cat_toys","7":"product_cat-pet_toys","8":"product_tag-cat-mice-for-kids","9":"product_tag-cat-toy-balls","11":"first","12":"instock","13":"shipping-taxable","14":"product-type-simple"},"_links":{"self":[{"href":"https:\/\/www.chiwava.com\/de\/wp-json\/wp\/v2\/product\/265","targetHints":{"allow":["GET"]}}],"collection":[{"href":"https:\/\/www.chiwava.com\/de\/wp-json\/wp\/v2\/product"}],"about":[{"href":"https:\/\/www.chiwava.com\/de\/wp-json\/wp\/v2\/types\/product"}],"wp:featuredmedia":[{"embeddable":true,"href":"https:\/\/www.chiwava.com\/de\/wp-json\/wp\/v2\/media\/75656"}],"wp:attachment":[{"href":"https:\/\/www.chiwava.com\/de\/wp-json\/wp\/v2\/media?parent=265"}],"wp:term":[{"taxonomy":"product_brand","embeddable":true,"href":"https:\/\/www.chiwava.com\/de\/wp-json\/wp\/v2\/product_brand?post=265"},{"taxonomy":"product_cat","embeddable":true,"href":"https:\/\/www.chiwava.com\/de\/wp-json\/wp\/v2\/product_cat?post=265"},{"taxonomy":"product_tag","embeddable":true,"href":"https:\/\/www.chiwava.com\/de\/wp-json\/wp\/v2\/product_tag?post=265"}],"curies":[{"name":"wp","href":"https:\/\/api.w.org\/{rel}","templated":true}]}}