{"id":260,"date":"2019-06-24T08:30:41","date_gmt":"2019-06-24T08:30:41","guid":{"rendered":"http:\/\/pending.chiwava.com\/?post_type=product&#038;p=260"},"modified":"2023-10-08T05:55:43","modified_gmt":"2023-10-08T05:55:43","slug":"ctm00143-ac-48stuck","status":"publish","type":"product","link":"https:\/\/www.chiwava.com\/de\/produkt\/ctm00143-ac-48stuck\/","title":{"rendered":"Chiwava 45er-Pack 1,6-Zoll-Kunststoff-Katzenspielzeugball mit Glocke"},"content":{"rendered":"<p>Chiwava Plastikb\u00e4lle mit Jingle sind mehr als nur Plastikspielzeug. Solide Kunststoffb\u00e4lle mit glatter Oberfl\u00e4che, leicht und schnell rollend, werden Sie nicht langweilen, wenn Sie mit Ihrer Katze spielen, jeder Ball hat eine kleine Klingel im Inneren, die dieses Spielzeug attraktiver macht. 45 bunte Kunststoffkugeln mit Gitterdesign und Glocke im Inneren werden Ihren kleinen Kerl f\u00fcr immer besch\u00e4ftigen. Chiwava-Plastikb\u00e4lle eignen sich sowohl f\u00fcr interaktives als auch f\u00fcr unabh\u00e4ngiges Spielen. Sie haben ein geringes Gewicht, sodass sie leicht zu rollen und zu jagen sind. Dieses Spielzeug ist n\u00fctzlich f\u00fcr aktive Katzen, die gerne den ganzen Tag rennen und spielen. Tolles Angebot, was gibt es Sch\u00f6neres, wenn Ihr kleiner Kerl seine Spielsachen gerne \u00fcberall versteckt. Sie k\u00f6nnen es einzeln spielen oder alle zusammen, um mehr Spa\u00df zu haben. Das geringe Gewicht und die glatte Oberfl\u00e4che machen dieses Spielzeug schnell und einfach zu rollen, speziell f\u00fcr energiegeladene Katzen.<\/p>","protected":false},"excerpt":{"rendered":"<p><a href=\"https:\/\/www.chiwava.com\/de\/markenshop\/\"><img loading=\"lazy\" decoding=\"async\" class=\"alignnone size-medium wp-image-94\" src=\"https:\/\/www.chiwava.com\/wp-content\/uploads\/2019\/06\/Amazon-300x73.png\" alt=\"\" width=\"300\" height=\"73\" srcset=\"https:\/\/www.chiwava.com\/wp-content\/uploads\/2019\/06\/Amazon-300x73.png 300w, https:\/\/www.chiwava.com\/wp-content\/uploads\/2019\/06\/Amazon.png 364w\" sizes=\"auto, (max-width: 300px) 100vw, 300px\" \/><\/a><br \/>\nChiwava 45 St\u00fcck 1,6 Zoll Katzenspielzeug Ball mit Glocke Kunststoffgitter Jingle Balls Kitten Chase Pounce Rassel Spielzeug farblich sortiert<\/p>\n<hr \/>\n<ul class=\"a-unordered-list a-vertical a-spacing-none\">\n<li><span class=\"a-list-item\">Katzen lieben es, diese klirrenden Ballspielzeuge zu jagen und sich auf sie zu st\u00fcrzen.<\/span><\/li>\n<li><span class=\"a-list-item\">Lattice Ball Katzenspielzeuge sind aus buntem Hartplastik, mit einer verlockenden Jingle Bell im Inneren.<\/span><\/li>\n<li><span class=\"a-list-item\">Ideal zum Sch\u00fctteln, Rasseln und Rollen. Bringen Sie zus\u00e4tzlichen Spa\u00df in die Unterhaltung Ihres Haustieres<\/span><\/li>\n<li><span class=\"a-list-item\">Paket: 45 St\u00fcck pro Big Box (wie das Bild zeigt). Zuf\u00e4llige Farbe. Gewicht: 280 g.<\/span><\/li>\n<\/ul>\n<p> \u2026 <span class=\"more-button\"><a href=\"https:\/\/www.chiwava.com\/de\/produkt\/ctm00143-ac-48stuck\/\" class=\"more-link\">Fortsetzen<span class=\"screen-reader-text\">Chiwava 45er-Pack 1,6-Zoll-Kunststoff-Katzenspielzeugball mit Glocke<\/span><\/a><\/span><\/p>","protected":false},"featured_media":75988,"template":"","meta":[],"product_brand":[],"product_cat":[17,15],"product_tag":[33,34],"class_list":{"0":"post-260","1":"product","2":"type-product","3":"status-publish","4":"has-post-thumbnail","6":"product_cat-cat_toys","7":"product_cat-pet_toys","8":"product_tag-cat-toy-balls","9":"product_tag-cat-toys-for-adult","11":"first","12":"instock","13":"shipping-taxable","14":"product-type-simple"},"_links":{"self":[{"href":"https:\/\/www.chiwava.com\/de\/wp-json\/wp\/v2\/product\/260","targetHints":{"allow":["GET"]}}],"collection":[{"href":"https:\/\/www.chiwava.com\/de\/wp-json\/wp\/v2\/product"}],"about":[{"href":"https:\/\/www.chiwava.com\/de\/wp-json\/wp\/v2\/types\/product"}],"wp:featuredmedia":[{"embeddable":true,"href":"https:\/\/www.chiwava.com\/de\/wp-json\/wp\/v2\/media\/75988"}],"wp:attachment":[{"href":"https:\/\/www.chiwava.com\/de\/wp-json\/wp\/v2\/media?parent=260"}],"wp:term":[{"taxonomy":"product_brand","embeddable":true,"href":"https:\/\/www.chiwava.com\/de\/wp-json\/wp\/v2\/product_brand?post=260"},{"taxonomy":"product_cat","embeddable":true,"href":"https:\/\/www.chiwava.com\/de\/wp-json\/wp\/v2\/product_cat?post=260"},{"taxonomy":"product_tag","embeddable":true,"href":"https:\/\/www.chiwava.com\/de\/wp-json\/wp\/v2\/product_tag?post=260"}],"curies":[{"name":"wp","href":"https:\/\/api.w.org\/{rel}","templated":true}]}}